{"id":1099,"date":"2025-04-28T03:36:25","date_gmt":"2025-04-28T01:36:25","guid":{"rendered":"https:\/\/www.regionalis.shop\/mariamart\/product\/anhaenger-von-cloisonne-enamel-handarbeit-unikat\/"},"modified":"2025-04-28T03:36:25","modified_gmt":"2025-04-28T01:36:25","slug":"anhaenger-von-cloisonne-enamel-handarbeit-unikat","status":"publish","type":"product","link":"https:\/\/www.regionalis.shop\/mariamart\/shop\/anhaenger-von-cloisonne-enamel-handarbeit-unikat\/","title":{"rendered":"Anh\u00e4nger von Cloisonne Enamel, Handarbeit, Unikat"},"content":{"rendered":"<p>-Die Kette<br \/>\n-Anh\u00e4nger L\u00e4nge: ca.  49 cm<br \/>\n-Breite: 2,3cm<br \/>\n-L\u00e4nge: 5,5cm<br \/>\n-Material: 925er,999er-Silber<br \/>\n-Goldplattiertes Silber<br \/>\n-Blattgold,Email,Feinsilber<br \/>\n-Steinart:Zirkon<br \/>\n-Handarbeit ,Unikat<\/p>\n<p>Mariamart bietet eine exklusive handgefertigte Cloisonn\u00e9-Emaille Schmuck. Cloisonn\u00e9-Emaille ist eine uralte Metallarbeiten-Technik , die Verwendung von kleinen, Edelmetall-Flaments und buntes Glas Emaille eine geniale Kunstwerk macht. Der Schmuck wird handgefertigt und exklusive. Georgische Cloisonn\u00e9 Emaille ist nicht nur Schmuck, sondern jedes Element ist einfach ein St\u00fcck tragbare Kunst.<\/p>\n","protected":false},"excerpt":{"rendered":"<p>-Die Kette -Anh\u00e4nger L\u00e4nge: ca. 49 cm -Breite: 2,3cm -L\u00e4nge: 5,5cm -Material: 925er,999er-Silber -Goldplattiertes Silber -Blattgold,Email,Feinsilber -Steinart:Zirkon -Handarbeit ,Unikat Mariamart bietet eine exklusive handgefertigte Cloisonn\u00e9-Emaille Schmuck. Cloisonn\u00e9-Emaille ist eine uralte Metallarbeiten-Technik , die Verwendung von kleinen, Edelmetall-Flaments und buntes Glas Emaille eine geniale Kunstwerk macht. Der Schmuck wird handgefertigt und exklusive. Georgische Cloisonn\u00e9 Emaille ist &hellip; <a href=\"https:\/\/www.regionalis.shop\/mariamart\/shop\/anhaenger-von-cloisonne-enamel-handarbeit-unikat\/\">Continued<\/a><\/p>\n","protected":false},"featured_media":1100,"template":"","meta":{"_acf_changed":false},"product_brand":[],"product_cat":[141,70],"product_tag":[],"class_list":{"0":"post-1099","1":"product","2":"type-product","3":"status-publish","4":"has-post-thumbnail","6":"product_cat-halsketten","7":"product_cat-schmuck","9":"first","10":"instock","11":"purchasable","12":"product-type-simple"},"acf":[],"_links":{"self":[{"href":"https:\/\/www.regionalis.shop\/mariamart\/wp-json\/wp\/v2\/product\/1099","targetHints":{"allow":["GET"]}}],"collection":[{"href":"https:\/\/www.regionalis.shop\/mariamart\/wp-json\/wp\/v2\/product"}],"about":[{"href":"https:\/\/www.regionalis.shop\/mariamart\/wp-json\/wp\/v2\/types\/product"}],"wp:featuredmedia":[{"embeddable":true,"href":"https:\/\/www.regionalis.shop\/mariamart\/wp-json\/wp\/v2\/media\/1100"}],"wp:attachment":[{"href":"https:\/\/www.regionalis.shop\/mariamart\/wp-json\/wp\/v2\/media?parent=1099"}],"wp:term":[{"taxonomy":"product_brand","embeddable":true,"href":"https:\/\/www.regionalis.shop\/mariamart\/wp-json\/wp\/v2\/product_brand?post=1099"},{"taxonomy":"product_cat","embeddable":true,"href":"https:\/\/www.regionalis.shop\/mariamart\/wp-json\/wp\/v2\/product_cat?post=1099"},{"taxonomy":"product_tag","embeddable":true,"href":"https:\/\/www.regionalis.shop\/mariamart\/wp-json\/wp\/v2\/product_tag?post=1099"}],"curies":[{"name":"wp","href":"https:\/\/api.w.org\/{rel}","templated":true}]}}