{"id":1116,"date":"2025-04-18T09:21:27","date_gmt":"2025-04-18T07:21:27","guid":{"rendered":"https:\/\/www.regionalis.shop\/mariamart\/product\/neptunkette-mit-anhaenger-cloisonne-emaille-unikat\/"},"modified":"2025-04-18T09:21:27","modified_gmt":"2025-04-18T07:21:27","slug":"neptunkette-mit-anhaenger-cloisonne-emaille-unikat","status":"publish","type":"product","link":"https:\/\/www.regionalis.shop\/mariamart\/shop\/neptunkette-mit-anhaenger-cloisonne-emaille-unikat\/","title":{"rendered":"Neptun,Kette mit Anh\u00e4nger, Cloisonne Emaille, Unikat"},"content":{"rendered":"<p>-Planet Neptun<br \/>\n-Kette mit Anh\u00e4nger<br \/>\n-Breite: 2,8cm<br \/>\n-L\u00e4nge: 4,8 cm<br \/>\n-Anh\u00e4nger L\u00e4nge: 48cm,einstellbar<br \/>\n-Material: 999er-Silber<br \/>\n-Email,Blattsilber<br \/>\n-Feinsilber<br \/>\n-Steinart: Glasperlen im Netz<br \/>\n-Federringverschluss<br \/>\n-Handarbeit<br \/>\n-Unikat<\/p>\n<p>Mariamart bietet exklusiven handgefertigten Cloisonn\u00e9-Emaille Schmuck an. Cloisonn\u00e9-Emaille ist eine \u00fcber Generationen weitergegebene Metallverarbeitungstechnik. Durch die k\u00fcnstlerische und individuelle Kombination aus kleinen Edelmetall-Flaments und buntes Glas Emaille entstehen Designerst\u00fccke f\u00fcr die Ewigkeit.<\/p>\n","protected":false},"excerpt":{"rendered":"<p>-Planet Neptun -Kette mit Anh\u00e4nger -Breite: 2,8cm -L\u00e4nge: 4,8 cm -Anh\u00e4nger L\u00e4nge: 48cm,einstellbar -Material: 999er-Silber -Email,Blattsilber -Feinsilber -Steinart: Glasperlen im Netz -Federringverschluss -Handarbeit -Unikat Mariamart bietet exklusiven handgefertigten Cloisonn\u00e9-Emaille Schmuck an. Cloisonn\u00e9-Emaille ist eine \u00fcber Generationen weitergegebene Metallverarbeitungstechnik. Durch die k\u00fcnstlerische und individuelle Kombination aus kleinen Edelmetall-Flaments und buntes Glas Emaille entstehen Designerst\u00fccke f\u00fcr die &hellip; <a href=\"https:\/\/www.regionalis.shop\/mariamart\/shop\/neptunkette-mit-anhaenger-cloisonne-emaille-unikat\/\">Continued<\/a><\/p>\n","protected":false},"featured_media":1117,"template":"","meta":{"_acf_changed":false},"product_brand":[],"product_cat":[141,70],"product_tag":[],"class_list":{"0":"post-1116","1":"product","2":"type-product","3":"status-publish","4":"has-post-thumbnail","6":"product_cat-halsketten","7":"product_cat-schmuck","9":"first","10":"instock","11":"purchasable","12":"product-type-simple"},"acf":[],"_links":{"self":[{"href":"https:\/\/www.regionalis.shop\/mariamart\/wp-json\/wp\/v2\/product\/1116","targetHints":{"allow":["GET"]}}],"collection":[{"href":"https:\/\/www.regionalis.shop\/mariamart\/wp-json\/wp\/v2\/product"}],"about":[{"href":"https:\/\/www.regionalis.shop\/mariamart\/wp-json\/wp\/v2\/types\/product"}],"wp:featuredmedia":[{"embeddable":true,"href":"https:\/\/www.regionalis.shop\/mariamart\/wp-json\/wp\/v2\/media\/1117"}],"wp:attachment":[{"href":"https:\/\/www.regionalis.shop\/mariamart\/wp-json\/wp\/v2\/media?parent=1116"}],"wp:term":[{"taxonomy":"product_brand","embeddable":true,"href":"https:\/\/www.regionalis.shop\/mariamart\/wp-json\/wp\/v2\/product_brand?post=1116"},{"taxonomy":"product_cat","embeddable":true,"href":"https:\/\/www.regionalis.shop\/mariamart\/wp-json\/wp\/v2\/product_cat?post=1116"},{"taxonomy":"product_tag","embeddable":true,"href":"https:\/\/www.regionalis.shop\/mariamart\/wp-json\/wp\/v2\/product_tag?post=1116"}],"curies":[{"name":"wp","href":"https:\/\/api.w.org\/{rel}","templated":true}]}}