{"id":1134,"date":"2025-04-18T05:18:02","date_gmt":"2025-04-18T03:18:02","guid":{"rendered":"https:\/\/www.regionalis.shop\/mariamart\/product\/loewenzahn-anhaenger-cloisonne-emaillehandgemachte-schmuck-unikat\/"},"modified":"2025-04-18T05:18:02","modified_gmt":"2025-04-18T03:18:02","slug":"loewenzahn-anhaenger-cloisonne-emaillehandgemachte-schmuck-unikat","status":"publish","type":"product","link":"https:\/\/www.regionalis.shop\/mariamart\/shop\/loewenzahn-anhaenger-cloisonne-emaillehandgemachte-schmuck-unikat\/","title":{"rendered":"L\u00f6wenzahn Anh\u00e4nger, Cloisonne Emaille,Handgemachte Schmuck, Unikat"},"content":{"rendered":"<p>-Halskette&#8220;L\u00f6wenzahn&#8220;<br \/>\n-Anh\u00e4nger L\u00e4nge: ca.  48cm<br \/>\n-L\u00e4nge: 5,5cm<br \/>\n-Breite: 4,0cm<br \/>\n-Material: 925er,999er-Silber<br \/>\n-Email,Feinsilber<br \/>\n-Blattsilber<br \/>\n-Steinart: Kristal perle<br \/>\n-Federringverschluss<br \/>\n-Handarbeit ,Unikat<\/p>\n","protected":false},"excerpt":{"rendered":"<p>-Halskette&#8220;L\u00f6wenzahn&#8220; -Anh\u00e4nger L\u00e4nge: ca. 48cm -L\u00e4nge: 5,5cm -Breite: 4,0cm -Material: 925er,999er-Silber -Email,Feinsilber -Blattsilber -Steinart: Kristal perle -Federringverschluss -Handarbeit ,Unikat<\/p>\n","protected":false},"featured_media":1135,"template":"","meta":{"_acf_changed":false},"product_brand":[],"product_cat":[141,70],"product_tag":[],"class_list":{"0":"post-1134","1":"product","2":"type-product","3":"status-publish","4":"has-post-thumbnail","6":"product_cat-halsketten","7":"product_cat-schmuck","9":"first","10":"instock","11":"purchasable","12":"product-type-simple"},"acf":[],"_links":{"self":[{"href":"https:\/\/www.regionalis.shop\/mariamart\/wp-json\/wp\/v2\/product\/1134","targetHints":{"allow":["GET"]}}],"collection":[{"href":"https:\/\/www.regionalis.shop\/mariamart\/wp-json\/wp\/v2\/product"}],"about":[{"href":"https:\/\/www.regionalis.shop\/mariamart\/wp-json\/wp\/v2\/types\/product"}],"wp:featuredmedia":[{"embeddable":true,"href":"https:\/\/www.regionalis.shop\/mariamart\/wp-json\/wp\/v2\/media\/1135"}],"wp:attachment":[{"href":"https:\/\/www.regionalis.shop\/mariamart\/wp-json\/wp\/v2\/media?parent=1134"}],"wp:term":[{"taxonomy":"product_brand","embeddable":true,"href":"https:\/\/www.regionalis.shop\/mariamart\/wp-json\/wp\/v2\/product_brand?post=1134"},{"taxonomy":"product_cat","embeddable":true,"href":"https:\/\/www.regionalis.shop\/mariamart\/wp-json\/wp\/v2\/product_cat?post=1134"},{"taxonomy":"product_tag","embeddable":true,"href":"https:\/\/www.regionalis.shop\/mariamart\/wp-json\/wp\/v2\/product_tag?post=1134"}],"curies":[{"name":"wp","href":"https:\/\/api.w.org\/{rel}","templated":true}]}}