{"id":1140,"date":"2025-04-18T03:46:56","date_gmt":"2025-04-18T01:46:56","guid":{"rendered":"https:\/\/www.regionalis.shop\/mariamart\/product\/anhaenger-blaetterblumencloisonne-emaillehandgemachte-schmuck-unikat\/"},"modified":"2025-04-18T03:46:56","modified_gmt":"2025-04-18T01:46:56","slug":"anhaenger-blaetterblumencloisonne-emaillehandgemachte-schmuck-unikat","status":"publish","type":"product","link":"https:\/\/www.regionalis.shop\/mariamart\/shop\/anhaenger-blaetterblumencloisonne-emaillehandgemachte-schmuck-unikat\/","title":{"rendered":"Anh\u00e4nger.&#8220;Bl\u00e4tter&#038;Blumen&#8220;Cloisonne Emaille,Handgemachte Schmuck, Unikat"},"content":{"rendered":"<p>-Die Kette &#8222;Bl\u00e4tter &#038; Blumen&#8220;<br \/>\n-Anh\u00e4nger L\u00e4nge: ca. 40cm, Einstellbar<br \/>\n-Breite: 4,0cm<br \/>\n-L\u00e4nge: 7,4cm<br \/>\n-Material: 925er,999er-Silber<br \/>\n-Email,Feinsilber<br \/>\nSteinart: Ametvisto<br \/>\n-Federringverschluss<br \/>\n-Handarbeit ,Unikat<\/p>\n","protected":false},"excerpt":{"rendered":"<p>-Die Kette &#8222;Bl\u00e4tter &#038; Blumen&#8220; -Anh\u00e4nger L\u00e4nge: ca. 40cm, Einstellbar -Breite: 4,0cm -L\u00e4nge: 7,4cm -Material: 925er,999er-Silber -Email,Feinsilber Steinart: Ametvisto -Federringverschluss -Handarbeit ,Unikat<\/p>\n","protected":false},"featured_media":1141,"template":"","meta":{"_acf_changed":false},"product_brand":[],"product_cat":[141,70],"product_tag":[],"class_list":{"0":"post-1140","1":"product","2":"type-product","3":"status-publish","4":"has-post-thumbnail","6":"product_cat-halsketten","7":"product_cat-schmuck","9":"first","10":"instock","11":"purchasable","12":"product-type-simple"},"acf":[],"_links":{"self":[{"href":"https:\/\/www.regionalis.shop\/mariamart\/wp-json\/wp\/v2\/product\/1140","targetHints":{"allow":["GET"]}}],"collection":[{"href":"https:\/\/www.regionalis.shop\/mariamart\/wp-json\/wp\/v2\/product"}],"about":[{"href":"https:\/\/www.regionalis.shop\/mariamart\/wp-json\/wp\/v2\/types\/product"}],"wp:featuredmedia":[{"embeddable":true,"href":"https:\/\/www.regionalis.shop\/mariamart\/wp-json\/wp\/v2\/media\/1141"}],"wp:attachment":[{"href":"https:\/\/www.regionalis.shop\/mariamart\/wp-json\/wp\/v2\/media?parent=1140"}],"wp:term":[{"taxonomy":"product_brand","embeddable":true,"href":"https:\/\/www.regionalis.shop\/mariamart\/wp-json\/wp\/v2\/product_brand?post=1140"},{"taxonomy":"product_cat","embeddable":true,"href":"https:\/\/www.regionalis.shop\/mariamart\/wp-json\/wp\/v2\/product_cat?post=1140"},{"taxonomy":"product_tag","embeddable":true,"href":"https:\/\/www.regionalis.shop\/mariamart\/wp-json\/wp\/v2\/product_tag?post=1140"}],"curies":[{"name":"wp","href":"https:\/\/api.w.org\/{rel}","templated":true}]}}