{"id":1157,"date":"2025-04-17T23:20:55","date_gmt":"2025-04-17T21:20:55","guid":{"rendered":"https:\/\/www.regionalis.shop\/mariamart\/product\/anhaengerohrringe-unikatsterling-silber\/"},"modified":"2026-01-27T13:56:43","modified_gmt":"2026-01-27T12:56:43","slug":"anhaengerohrringe-unikatsterling-silber","status":"publish","type":"product","link":"https:\/\/www.regionalis.shop\/mariamart\/shop\/anhaengerohrringe-unikatsterling-silber\/","title":{"rendered":"Anh\u00e4nger&amp;Ohrringe, Unikat,Sterling Silber"},"content":{"rendered":"<p>-Die Halskette<br \/>\n-Breite:3.6cm<br \/>\n:L\u00e4nge: 4.5cm<br \/>\n-Anh\u00e4nger L\u00e4nge: 45cm<br \/>\n-Material: 999er-Silber<br \/>\n-Email<br \/>\n-Feinsilber<br \/>\n-Steinart:Blau Jade<\/p>\n<p>-Die Ohrringe<br \/>\n-Breite:2.2cm<br \/>\n:L\u00e4nge:4.0cm<br \/>\n-Material: 999er-Silber<br \/>\n-Email<br \/>\n-Feinsilber<br \/>\n-Steinart:Blau Jade<br \/>\n-Handarbeit<br \/>\n-Unikat<\/p>\n","protected":false},"excerpt":{"rendered":"<p>-Die Halskette -Breite:3.6cm :L\u00e4nge: 4.5cm -Anh\u00e4nger L\u00e4nge: 45cm -Material: 999er-Silber -Email -Feinsilber -Steinart:Blau Jade -Die Ohrringe -Breite:2.2cm :L\u00e4nge:4.0cm -Material: 999er-Silber -Email -Feinsilber -Steinart:Blau Jade -Handarbeit -Unikat<\/p>\n","protected":false},"featured_media":1158,"template":"","meta":{"_acf_changed":false},"product_brand":[],"product_cat":[70,71],"product_tag":[],"class_list":{"0":"post-1157","1":"product","2":"type-product","3":"status-publish","4":"has-post-thumbnail","6":"product_cat-schmuck","7":"product_cat-schmucksets","9":"first","10":"instock","11":"purchasable","12":"product-type-simple"},"acf":[],"_links":{"self":[{"href":"https:\/\/www.regionalis.shop\/mariamart\/wp-json\/wp\/v2\/product\/1157","targetHints":{"allow":["GET"]}}],"collection":[{"href":"https:\/\/www.regionalis.shop\/mariamart\/wp-json\/wp\/v2\/product"}],"about":[{"href":"https:\/\/www.regionalis.shop\/mariamart\/wp-json\/wp\/v2\/types\/product"}],"wp:featuredmedia":[{"embeddable":true,"href":"https:\/\/www.regionalis.shop\/mariamart\/wp-json\/wp\/v2\/media\/1158"}],"wp:attachment":[{"href":"https:\/\/www.regionalis.shop\/mariamart\/wp-json\/wp\/v2\/media?parent=1157"}],"wp:term":[{"taxonomy":"product_brand","embeddable":true,"href":"https:\/\/www.regionalis.shop\/mariamart\/wp-json\/wp\/v2\/product_brand?post=1157"},{"taxonomy":"product_cat","embeddable":true,"href":"https:\/\/www.regionalis.shop\/mariamart\/wp-json\/wp\/v2\/product_cat?post=1157"},{"taxonomy":"product_tag","embeddable":true,"href":"https:\/\/www.regionalis.shop\/mariamart\/wp-json\/wp\/v2\/product_tag?post=1157"}],"curies":[{"name":"wp","href":"https:\/\/api.w.org\/{rel}","templated":true}]}}