{"id":1159,"date":"2025-04-17T23:20:55","date_gmt":"2025-04-17T21:20:55","guid":{"rendered":"https:\/\/www.regionalis.shop\/mariamart\/product\/anhaenger-mit-ornament-unikatsterling-silber\/"},"modified":"2026-01-27T13:55:58","modified_gmt":"2026-01-27T12:55:58","slug":"anhaenger-mit-ornament-unikatsterling-silber","status":"publish","type":"product","link":"https:\/\/www.regionalis.shop\/mariamart\/shop\/anhaenger-mit-ornament-unikatsterling-silber\/","title":{"rendered":"Anh\u00e4nger mit Ornament. Unikat,Sterling Silber"},"content":{"rendered":"<p>-Anh\u00e4nger<br \/>\n-Anh\u00e4nger L\u00e4nge: ca 44 cm<br \/>\n-Breite:3,2 cm<br \/>\n-L\u00e4nger:5,0cm<br \/>\n-Material 999er,925er Silber<br \/>\n-Email,Feinsilber, Silberfolie<br \/>\n-Steinart: Zirkon<br \/>\n-Graviert<br \/>\n-Handarbeit<br \/>\n-Unikat<\/p>\n","protected":false},"excerpt":{"rendered":"<p>-Anh\u00e4nger -Anh\u00e4nger L\u00e4nge: ca 44 cm -Breite:3,2 cm -L\u00e4nger:5,0cm -Material 999er,925er Silber -Email,Feinsilber, Silberfolie -Steinart: Zirkon -Graviert -Handarbeit -Unikat<\/p>\n","protected":false},"featured_media":1160,"template":"","meta":{"_acf_changed":false},"product_brand":[],"product_cat":[141,70],"product_tag":[],"class_list":{"0":"post-1159","1":"product","2":"type-product","3":"status-publish","4":"has-post-thumbnail","6":"product_cat-halsketten","7":"product_cat-schmuck","9":"first","10":"instock","11":"purchasable","12":"product-type-simple"},"acf":[],"_links":{"self":[{"href":"https:\/\/www.regionalis.shop\/mariamart\/wp-json\/wp\/v2\/product\/1159","targetHints":{"allow":["GET"]}}],"collection":[{"href":"https:\/\/www.regionalis.shop\/mariamart\/wp-json\/wp\/v2\/product"}],"about":[{"href":"https:\/\/www.regionalis.shop\/mariamart\/wp-json\/wp\/v2\/types\/product"}],"wp:featuredmedia":[{"embeddable":true,"href":"https:\/\/www.regionalis.shop\/mariamart\/wp-json\/wp\/v2\/media\/1160"}],"wp:attachment":[{"href":"https:\/\/www.regionalis.shop\/mariamart\/wp-json\/wp\/v2\/media?parent=1159"}],"wp:term":[{"taxonomy":"product_brand","embeddable":true,"href":"https:\/\/www.regionalis.shop\/mariamart\/wp-json\/wp\/v2\/product_brand?post=1159"},{"taxonomy":"product_cat","embeddable":true,"href":"https:\/\/www.regionalis.shop\/mariamart\/wp-json\/wp\/v2\/product_cat?post=1159"},{"taxonomy":"product_tag","embeddable":true,"href":"https:\/\/www.regionalis.shop\/mariamart\/wp-json\/wp\/v2\/product_tag?post=1159"}],"curies":[{"name":"wp","href":"https:\/\/api.w.org\/{rel}","templated":true}]}}