{"id":1162,"date":"2025-04-17T23:20:55","date_gmt":"2025-04-17T21:20:55","guid":{"rendered":"https:\/\/www.regionalis.shop\/mariamart\/product\/regenbogen-anhaenger-ohrringe-unikat\/"},"modified":"2025-04-17T23:20:55","modified_gmt":"2025-04-17T21:20:55","slug":"regenbogen-anhaenger-ohrringe-unikat","status":"publish","type":"product","link":"https:\/\/www.regionalis.shop\/mariamart\/shop\/regenbogen-anhaenger-ohrringe-unikat\/","title":{"rendered":"Regenbogen, Anh\u00e4nger&#038; Ohrringe.. Unikat"},"content":{"rendered":"<p>-Die Halskette  &#8222;Regenbogen&#8220;<br \/>\n-Breite:1.5cm<br \/>\n:L\u00e4nge: 4,0cm<br \/>\n-Anh\u00e4nger L\u00e4nge: 44cm<br \/>\n-Material: 999er-Silber<br \/>\n-Email<br \/>\n-Feinsilber<\/p>\n<p>-Die Ohrringe &#8222;Regenbogen&#8220;<br \/>\n-Breite:1,5cm<br \/>\n:L\u00e4nge:5,2cm<br \/>\n-Material: 999er-Silber<br \/>\n-Email<br \/>\n-Feinsilber<br \/>\n-Handarbeit<br \/>\n-Unikat<\/p>\n","protected":false},"excerpt":{"rendered":"<p>-Die Halskette &#8222;Regenbogen&#8220; -Breite:1.5cm :L\u00e4nge: 4,0cm -Anh\u00e4nger L\u00e4nge: 44cm -Material: 999er-Silber -Email -Feinsilber -Die Ohrringe &#8222;Regenbogen&#8220; -Breite:1,5cm :L\u00e4nge:5,2cm -Material: 999er-Silber -Email -Feinsilber -Handarbeit -Unikat<\/p>\n","protected":false},"featured_media":1163,"template":"","meta":{"_acf_changed":false},"product_brand":[],"product_cat":[163,70],"product_tag":[],"class_list":{"0":"post-1162","1":"product","2":"type-product","3":"status-publish","4":"has-post-thumbnail","6":"product_cat-ohrringe","7":"product_cat-schmuck","9":"first","10":"instock","11":"purchasable","12":"product-type-simple"},"acf":[],"_links":{"self":[{"href":"https:\/\/www.regionalis.shop\/mariamart\/wp-json\/wp\/v2\/product\/1162","targetHints":{"allow":["GET"]}}],"collection":[{"href":"https:\/\/www.regionalis.shop\/mariamart\/wp-json\/wp\/v2\/product"}],"about":[{"href":"https:\/\/www.regionalis.shop\/mariamart\/wp-json\/wp\/v2\/types\/product"}],"wp:featuredmedia":[{"embeddable":true,"href":"https:\/\/www.regionalis.shop\/mariamart\/wp-json\/wp\/v2\/media\/1163"}],"wp:attachment":[{"href":"https:\/\/www.regionalis.shop\/mariamart\/wp-json\/wp\/v2\/media?parent=1162"}],"wp:term":[{"taxonomy":"product_brand","embeddable":true,"href":"https:\/\/www.regionalis.shop\/mariamart\/wp-json\/wp\/v2\/product_brand?post=1162"},{"taxonomy":"product_cat","embeddable":true,"href":"https:\/\/www.regionalis.shop\/mariamart\/wp-json\/wp\/v2\/product_cat?post=1162"},{"taxonomy":"product_tag","embeddable":true,"href":"https:\/\/www.regionalis.shop\/mariamart\/wp-json\/wp\/v2\/product_tag?post=1162"}],"curies":[{"name":"wp","href":"https:\/\/api.w.org\/{rel}","templated":true}]}}