{"id":1172,"date":"2025-04-17T23:12:38","date_gmt":"2025-04-17T21:12:38","guid":{"rendered":"https:\/\/www.regionalis.shop\/mariamart\/product\/cloisonne-enamel-anhaenger-handarbeit-unikat-silber\/"},"modified":"2025-04-17T23:12:38","modified_gmt":"2025-04-17T21:12:38","slug":"cloisonne-enamel-anhaenger-handarbeit-unikat-silber","status":"publish","type":"product","link":"https:\/\/www.regionalis.shop\/mariamart\/shop\/cloisonne-enamel-anhaenger-handarbeit-unikat-silber\/","title":{"rendered":"Cloisonne Enamel Anh\u00e4nger ,Handarbeit, Unikat, Silber"},"content":{"rendered":"<p>-Die Kette<br \/>\n-Anh\u00e4nger L\u00e4nger: ca 40cm<br \/>\n-Breite:2,8cm<br \/>\n-L\u00e4nge:4,8 cm<br \/>\n-Material: 999er-Silber<br \/>\n-Email,Blattsilber<br \/>\n-Blattgold<br \/>\n-Feinsilber<br \/>\n-Steinart:Nat\u00fcrliche T\u00fcrkis 4mm<br \/>\n-Federringverschluss<br \/>\n-Handarbeit<br \/>\n-Unikat<\/p>\n","protected":false},"excerpt":{"rendered":"<p>-Die Kette -Anh\u00e4nger L\u00e4nger: ca 40cm -Breite:2,8cm -L\u00e4nge:4,8 cm -Material: 999er-Silber -Email,Blattsilber -Blattgold -Feinsilber -Steinart:Nat\u00fcrliche T\u00fcrkis 4mm -Federringverschluss -Handarbeit -Unikat<\/p>\n","protected":false},"featured_media":1173,"template":"","meta":{"_acf_changed":false},"product_brand":[],"product_cat":[141,70],"product_tag":[],"class_list":{"0":"post-1172","1":"product","2":"type-product","3":"status-publish","4":"has-post-thumbnail","6":"product_cat-halsketten","7":"product_cat-schmuck","9":"first","10":"instock","11":"purchasable","12":"product-type-simple"},"acf":[],"_links":{"self":[{"href":"https:\/\/www.regionalis.shop\/mariamart\/wp-json\/wp\/v2\/product\/1172","targetHints":{"allow":["GET"]}}],"collection":[{"href":"https:\/\/www.regionalis.shop\/mariamart\/wp-json\/wp\/v2\/product"}],"about":[{"href":"https:\/\/www.regionalis.shop\/mariamart\/wp-json\/wp\/v2\/types\/product"}],"wp:featuredmedia":[{"embeddable":true,"href":"https:\/\/www.regionalis.shop\/mariamart\/wp-json\/wp\/v2\/media\/1173"}],"wp:attachment":[{"href":"https:\/\/www.regionalis.shop\/mariamart\/wp-json\/wp\/v2\/media?parent=1172"}],"wp:term":[{"taxonomy":"product_brand","embeddable":true,"href":"https:\/\/www.regionalis.shop\/mariamart\/wp-json\/wp\/v2\/product_brand?post=1172"},{"taxonomy":"product_cat","embeddable":true,"href":"https:\/\/www.regionalis.shop\/mariamart\/wp-json\/wp\/v2\/product_cat?post=1172"},{"taxonomy":"product_tag","embeddable":true,"href":"https:\/\/www.regionalis.shop\/mariamart\/wp-json\/wp\/v2\/product_tag?post=1172"}],"curies":[{"name":"wp","href":"https:\/\/api.w.org\/{rel}","templated":true}]}}