{"id":1194,"date":"2025-11-17T09:19:13","date_gmt":"2025-11-17T08:19:13","guid":{"rendered":"https:\/\/www.regionalis.shop\/mariamart\/?post_type=product&#038;p=1194"},"modified":"2026-02-26T22:40:22","modified_gmt":"2026-02-26T21:40:22","slug":"ohrringe-cloisonne-emaille-handarbeit-silber-unikat","status":"publish","type":"product","link":"https:\/\/www.regionalis.shop\/mariamart\/shop\/ohrringe-cloisonne-emaille-handarbeit-silber-unikat\/","title":{"rendered":"Ohrringe, Cloisonne emaille, Handarbeit, Silber, Unikat"},"content":{"rendered":"<p>Diese handgefertigten Cloisonn\u00e9-Emaille-Ohrringe bestechen durch ihr lebendiges Muster und die harmonische Farbkombination aus rosa, rot und t\u00fcrkis. Jedes Paar ist ein Unikat, das mit viel Liebe zum Detail gefertigt wurde. Die runde Form und die strahlenden Farben machen sie zu einem auff\u00e4lligen Accessoire, das sowohl zu festlichen Anl\u00e4ssen als auch zu l\u00e4ssigen Outfits getragen werden kann. Das hochwertige Silber sorgt nicht nur f\u00fcr eine ansprechende Optik, sondern auch f\u00fcr einen angenehmen Tragekomfort. Diese Ohrringe sind die perfekte Wahl f\u00fcr alle, die individuelle Schmuckst\u00fccke sch\u00e4tzen und ihrem Stil eine pers\u00f6nliche Note verleihen m\u00f6chten.<\/p>\n","protected":false},"excerpt":{"rendered":"<p>-Ohrringe<br \/>\n-Breite:2.2cm<br \/>\n-L\u00e4nge: 5,0cm<br \/>\n-Material: 999er-Silber<br \/>\n-Emaille,Feinsilber<br \/>\n-Blattsilber<br \/>\n-Handarbeit ,Unikat<\/p>\n<p>VERPACKUNG<br \/>\n\u2022 Handgefertigter Schmuck wird in einer speziellen Box geliefert;<br \/>\n\u2022 Cloisonn\u00e9-Emaille-Artikel werden so verpackt, dass sie w\u00e4hrend des Transports vor Besch\u00e4digungen gesch\u00fctzt sind.<\/p>\n<p>\u2022Z\u00f6gern Sie nicht, uns f\u00fcr weitere Informationen zu schreiben. Unser Team beantwortet gerne alle Fragen<\/p>\n","protected":false},"featured_media":1195,"template":"","meta":{"_acf_changed":false},"product_brand":[],"product_cat":[163,70],"product_tag":[181,183,177,182],"class_list":{"0":"post-1194","1":"product","2":"type-product","3":"status-publish","4":"has-post-thumbnail","6":"product_cat-ohrringe","7":"product_cat-schmuck","8":"product_tag-cloisonne-emaille","9":"product_tag-handarbeit","10":"product_tag-silber","11":"product_tag-unikat","13":"first","14":"instock","15":"purchasable","16":"product-type-simple"},"acf":[],"_links":{"self":[{"href":"https:\/\/www.regionalis.shop\/mariamart\/wp-json\/wp\/v2\/product\/1194","targetHints":{"allow":["GET"]}}],"collection":[{"href":"https:\/\/www.regionalis.shop\/mariamart\/wp-json\/wp\/v2\/product"}],"about":[{"href":"https:\/\/www.regionalis.shop\/mariamart\/wp-json\/wp\/v2\/types\/product"}],"wp:featuredmedia":[{"embeddable":true,"href":"https:\/\/www.regionalis.shop\/mariamart\/wp-json\/wp\/v2\/media\/1195"}],"wp:attachment":[{"href":"https:\/\/www.regionalis.shop\/mariamart\/wp-json\/wp\/v2\/media?parent=1194"}],"wp:term":[{"taxonomy":"product_brand","embeddable":true,"href":"https:\/\/www.regionalis.shop\/mariamart\/wp-json\/wp\/v2\/product_brand?post=1194"},{"taxonomy":"product_cat","embeddable":true,"href":"https:\/\/www.regionalis.shop\/mariamart\/wp-json\/wp\/v2\/product_cat?post=1194"},{"taxonomy":"product_tag","embeddable":true,"href":"https:\/\/www.regionalis.shop\/mariamart\/wp-json\/wp\/v2\/product_tag?post=1194"}],"curies":[{"name":"wp","href":"https:\/\/api.w.org\/{rel}","templated":true}]}}