{"id":1197,"date":"2025-11-17T09:26:10","date_gmt":"2025-11-17T08:26:10","guid":{"rendered":"https:\/\/www.regionalis.shop\/mariamart\/?post_type=product&#038;p=1197"},"modified":"2026-01-27T13:51:47","modified_gmt":"2026-01-27T12:51:47","slug":"anhaenger-mit-kette-blaetter-cloisonne-emaillehandgemachte-schmuck-unikatpure-silver","status":"publish","type":"product","link":"https:\/\/www.regionalis.shop\/mariamart\/shop\/anhaenger-mit-kette-blaetter-cloisonne-emaillehandgemachte-schmuck-unikatpure-silver\/","title":{"rendered":"Anh\u00e4nger mit kette &#8220; Bl\u00e4tter&#8220;, Cloisonne Emaille,Handgemachte Schmuck, Unikat,Pure silver"},"content":{"rendered":"<p>Die Cloisonn\u00e9 Emaille Halskette &#8222;Bl\u00e4tter mit Rauchquarz Stein&#8220; ist ein wundersch\u00f6nes Schmuckst\u00fcck, das Kunsthandwerk mit nat\u00fcrlichen Elementen vereint. Der Anh\u00e4nger ist kunstvoll gestaltet in Form von Bl\u00e4ttern, die mit filigranem Emaille verziert sind und einen zarten Glanz aufweisen. In der Mitte des Anh\u00e4ngers befindet sich ein Rauchquarz Stein, der dem Schmuckst\u00fcck eine elegante und mystische Ausstrahlung verleiht. Die Halskette ist einzigartig und perfekt f\u00fcr Frauen, die Wert auf hochwertigen Schmuck mit einem Hauch von Natur legen. Ein zeitloses und edles Accessoire f\u00fcr jeden Anlass.<\/p>\n","protected":false},"excerpt":{"rendered":"<p>-Die Halskette&#8220;leaves&#8220;<br \/>\n-Breite:3.0cm<br \/>\n:L\u00e4nge: 8.0cm<br \/>\n-Anh\u00e4nger L\u00e4nge: 45cm,einstellbar<br \/>\n-Material: 999er-Silber<br \/>\n-Email,Blattsilber<br \/>\n-Feinsilber<br \/>\n-Steinart:Rauchquarz,Bernstein<br \/>\n-Federringverschluss<br \/>\n-Handarbeit<br \/>\n-Unikat<\/p>\n<p>&nbsp;<\/p>\n<p>VERPACKUNG<br \/>\n\u2022 Handgefertigter Schmuck wird in einer speziellen Box geliefert;<br \/>\n\u2022 Cloisonn\u00e9-Emaille-Artikel werden so verpackt, dass sie w\u00e4hrend des Transports vor Besch\u00e4digungen gesch\u00fctzt sind.<\/p>\n<p>\u2022Z\u00f6gern Sie nicht, uns f\u00fcr weitere Informationen zu schreiben. Unser Team beantwortet gerne alle Fragen.<\/p>\n","protected":false},"featured_media":1251,"template":"","meta":{"_acf_changed":false},"product_brand":[],"product_cat":[141,70],"product_tag":[176,181,177,182],"class_list":{"0":"post-1197","1":"product","2":"type-product","3":"status-publish","4":"has-post-thumbnail","6":"product_cat-halsketten","7":"product_cat-schmuck","8":"product_tag-anhaenger","9":"product_tag-cloisonne-emaille","10":"product_tag-silber","11":"product_tag-unikat","13":"first","14":"instock","15":"purchasable","16":"product-type-simple"},"acf":[],"_links":{"self":[{"href":"https:\/\/www.regionalis.shop\/mariamart\/wp-json\/wp\/v2\/product\/1197","targetHints":{"allow":["GET"]}}],"collection":[{"href":"https:\/\/www.regionalis.shop\/mariamart\/wp-json\/wp\/v2\/product"}],"about":[{"href":"https:\/\/www.regionalis.shop\/mariamart\/wp-json\/wp\/v2\/types\/product"}],"wp:featuredmedia":[{"embeddable":true,"href":"https:\/\/www.regionalis.shop\/mariamart\/wp-json\/wp\/v2\/media\/1251"}],"wp:attachment":[{"href":"https:\/\/www.regionalis.shop\/mariamart\/wp-json\/wp\/v2\/media?parent=1197"}],"wp:term":[{"taxonomy":"product_brand","embeddable":true,"href":"https:\/\/www.regionalis.shop\/mariamart\/wp-json\/wp\/v2\/product_brand?post=1197"},{"taxonomy":"product_cat","embeddable":true,"href":"https:\/\/www.regionalis.shop\/mariamart\/wp-json\/wp\/v2\/product_cat?post=1197"},{"taxonomy":"product_tag","embeddable":true,"href":"https:\/\/www.regionalis.shop\/mariamart\/wp-json\/wp\/v2\/product_tag?post=1197"}],"curies":[{"name":"wp","href":"https:\/\/api.w.org\/{rel}","templated":true}]}}