{"id":1220,"date":"2025-11-25T23:11:40","date_gmt":"2025-11-25T22:11:40","guid":{"rendered":"https:\/\/www.regionalis.shop\/mariamart\/?post_type=product&#038;p=1220"},"modified":"2026-01-27T13:49:56","modified_gmt":"2026-01-27T12:49:56","slug":"edelweiss-anhaenger-ohrringe-cloisonne-emaillehandgemachte-schmuck-unikat-3","status":"publish","type":"product","link":"https:\/\/www.regionalis.shop\/mariamart\/shop\/edelweiss-anhaenger-ohrringe-cloisonne-emaillehandgemachte-schmuck-unikat-3\/","title":{"rendered":"Edelweiss, Anh\u00e4nger &amp; Ohrringe, Cloisonne Emaille,Handgemachte Schmuck, Unikat"},"content":{"rendered":"<p>Der Cloisonn\u00e9 Emaille Anh\u00e4nger &#8222;Edelwei\u00df&#8220; mit Halskette und Ohrringe ist ein wundersch\u00f6nes und zartes Schmuckst\u00fcck, das die Sch\u00f6nheit der alpinen Blume Edelwei\u00df einf\u00e4ngt. Der Anh\u00e4nger und Ohrringe sind handgefertigt und mit kunstvoll gestaltetem Cloisonn\u00e9 Emaille verziert, das die Form und Details des Edelwei\u00dfbl\u00fctenmusters pr\u00e4zise wiedergibt.<br \/>\nDas Edelwei\u00df ist ein Symbol f\u00fcr Reinheit, Sch\u00f6nheit und St\u00e4rke und wird besonders mit den alpinen Regionen in Verbindung gebracht. Der Anh\u00e4nger wird an einer passenden Halskette befestigt, die das Schmuckst\u00fcck perfekt zur Geltung bringt und ihm eine elegante Ausstrahlung verleiht.<br \/>\nDer Cloisonn\u00e9 Emaille Anh\u00e4nger &#8222;Edelwei\u00df&#8220; mit Halskette und Ohrringe ist f\u00fcr Frauen jeden Alters geeignet. Tragen Sie diese zauberhafte Schmuckst\u00fccke als t\u00e4gliches Accessoire oder zur Erg\u00e4nzung Ihres Outfits zu besonderen Anl\u00e4ssen. Ein Symbol f\u00fcr Sch\u00f6nheit und St\u00e4rke, das Ihre Pers\u00f6nlichkeit und Ihren individuellen Stil unterstreicht. Ein zeitloses Schmuckst\u00fcck, das Sie mit seinem filigranen Design und seiner tiefen Symbolik begeistern wird.<\/p>\n","protected":false},"excerpt":{"rendered":"<p>Die Ohrringe &#8222;Edelweiss&#8220;<br \/>\n-Breite: 2,0cm<br \/>\n-L\u00e4nger: 4,5cm<br \/>\n-Material: 999er-Silber<br \/>\n-Email,Feinsilber<br \/>\n-Silberblatt<br \/>\n-Steinart: Zirkon<\/p>\n<p>-Die Halskette mit Anh\u00e4nger&#8220;Edelweiss&#8220;<br \/>\n-Anh\u00e4nger L\u00e4nge: 45cm<br \/>\n-Breite: 2,8cm<br \/>\n-L\u00e4nger: 4,0cm<br \/>\n-Silberblatt<br \/>\n-Material: 999er-Silber<br \/>\n-Email,Feinsilber<br \/>\nSteinart: Kristalperlen<br \/>\n-Handarbeit ,Unikat<\/p>\n","protected":false},"featured_media":1221,"template":"","meta":{"_acf_changed":false},"product_brand":[],"product_cat":[70,71,18],"product_tag":[184,185,177,182],"class_list":{"0":"post-1220","1":"product","2":"type-product","3":"status-publish","4":"has-post-thumbnail","6":"product_cat-schmuck","7":"product_cat-schmucksets","8":"product_cat-uncategorised","9":"product_tag-edelweiss","10":"product_tag-emaille","11":"product_tag-silber","12":"product_tag-unikat","14":"first","15":"instock","16":"purchasable","17":"product-type-simple"},"acf":[],"_links":{"self":[{"href":"https:\/\/www.regionalis.shop\/mariamart\/wp-json\/wp\/v2\/product\/1220","targetHints":{"allow":["GET"]}}],"collection":[{"href":"https:\/\/www.regionalis.shop\/mariamart\/wp-json\/wp\/v2\/product"}],"about":[{"href":"https:\/\/www.regionalis.shop\/mariamart\/wp-json\/wp\/v2\/types\/product"}],"wp:featuredmedia":[{"embeddable":true,"href":"https:\/\/www.regionalis.shop\/mariamart\/wp-json\/wp\/v2\/media\/1221"}],"wp:attachment":[{"href":"https:\/\/www.regionalis.shop\/mariamart\/wp-json\/wp\/v2\/media?parent=1220"}],"wp:term":[{"taxonomy":"product_brand","embeddable":true,"href":"https:\/\/www.regionalis.shop\/mariamart\/wp-json\/wp\/v2\/product_brand?post=1220"},{"taxonomy":"product_cat","embeddable":true,"href":"https:\/\/www.regionalis.shop\/mariamart\/wp-json\/wp\/v2\/product_cat?post=1220"},{"taxonomy":"product_tag","embeddable":true,"href":"https:\/\/www.regionalis.shop\/mariamart\/wp-json\/wp\/v2\/product_tag?post=1220"}],"curies":[{"name":"wp","href":"https:\/\/api.w.org\/{rel}","templated":true}]}}