{"id":1231,"date":"2025-12-09T12:55:08","date_gmt":"2025-12-09T11:55:08","guid":{"rendered":"https:\/\/www.regionalis.shop\/mariamart\/?post_type=product&#038;p=1231"},"modified":"2026-01-27T22:01:38","modified_gmt":"2026-01-27T21:01:38","slug":"ohrringe-lavendercloisonne-enamelhandmade-unikat","status":"publish","type":"product","link":"https:\/\/www.regionalis.shop\/mariamart\/shop\/ohrringe-lavendercloisonne-enamelhandmade-unikat\/","title":{"rendered":"Ohrringe &#8222;Lavender&#8220;Cloisonne Enamel,Handmade, Unikat"},"content":{"rendered":"<p><!--more-->Diese handgefertigten Cloisonn\u00e9-Emaille-Ohrringe sind ein wahrhaft au\u00dfergew\u00f6hnliches Schmuckst\u00fcck. Das zarte Lavendelmotiv, das kunstvoll mit Silberdraht eingelegt ist, wird durch die strahlenden rosa kristallinen Akzente perfekt erg\u00e4nzt. Die harmonische Farbpalette aus Wei\u00df, Lila und Rosa sorgt f\u00fcr eine frische und elegante Ausstrahlung.<\/p>\n<p>Jeder Ohrring ist ein Unikat, das mit gro\u00dfer Sorgfalt und Liebe zum Detail gefertigt wurde. Diese Ohrringe sind nicht nur ein modisches Highlight, sondern auch ein Ausdruck von Individualit\u00e4t und Stil. Sie lassen sich sowohl zu festlichen Anl\u00e4ssen als auch im Alltag wunderbar tragen und verleihen jedem Outfit einen Hauch von Raffinesse und Femininit\u00e4t. Ein perfektes Accessoire f\u00fcr alle, die das Besondere sch\u00e4tzen.<\/p>\n<p>&nbsp;<\/p>\n<p>&nbsp;<\/p>\n","protected":false},"excerpt":{"rendered":"<p>-Ohrringe &#8222;Lavedel&#8220;<br \/>\n-Breite:3.0cm<br \/>\n-L\u00e4nge: 6,0cm<br \/>\n-Material: 999er-Silber<br \/>\n-Emaille,Feinsilber<br \/>\n-Steinart: Kristalstein Rosa<br \/>\n-Handarbeit ,Unikat<\/p>\n<p>VERPACKUNG<br \/>\n\u2022 Handgefertigter Schmuck wird in einer speziellen Box geliefert;<br \/>\n\u2022 Cloisonn\u00e9-Emaille-Artikel werden so verpackt, dass sie w\u00e4hrend des Transports vor Besch\u00e4digungen gesch\u00fctzt sind.<\/p>\n<p>\u2022Z\u00f6gern Sie nicht, uns f\u00fcr weitere Informationen zu schreiben. Unser Team beantwortet gerne alle Fragen.<\/p>\n","protected":false},"featured_media":1234,"template":"","meta":{"_acf_changed":false},"product_brand":[],"product_cat":[163,70],"product_tag":[],"class_list":{"0":"post-1231","1":"product","2":"type-product","3":"status-publish","4":"has-post-thumbnail","6":"product_cat-ohrringe","7":"product_cat-schmuck","9":"first","10":"instock","11":"purchasable","12":"product-type-simple"},"acf":[],"_links":{"self":[{"href":"https:\/\/www.regionalis.shop\/mariamart\/wp-json\/wp\/v2\/product\/1231","targetHints":{"allow":["GET"]}}],"collection":[{"href":"https:\/\/www.regionalis.shop\/mariamart\/wp-json\/wp\/v2\/product"}],"about":[{"href":"https:\/\/www.regionalis.shop\/mariamart\/wp-json\/wp\/v2\/types\/product"}],"wp:featuredmedia":[{"embeddable":true,"href":"https:\/\/www.regionalis.shop\/mariamart\/wp-json\/wp\/v2\/media\/1234"}],"wp:attachment":[{"href":"https:\/\/www.regionalis.shop\/mariamart\/wp-json\/wp\/v2\/media?parent=1231"}],"wp:term":[{"taxonomy":"product_brand","embeddable":true,"href":"https:\/\/www.regionalis.shop\/mariamart\/wp-json\/wp\/v2\/product_brand?post=1231"},{"taxonomy":"product_cat","embeddable":true,"href":"https:\/\/www.regionalis.shop\/mariamart\/wp-json\/wp\/v2\/product_cat?post=1231"},{"taxonomy":"product_tag","embeddable":true,"href":"https:\/\/www.regionalis.shop\/mariamart\/wp-json\/wp\/v2\/product_tag?post=1231"}],"curies":[{"name":"wp","href":"https:\/\/api.w.org\/{rel}","templated":true}]}}