{"id":1238,"date":"2026-01-27T13:41:09","date_gmt":"2026-01-27T12:41:09","guid":{"rendered":"https:\/\/www.regionalis.shop\/mariamart\/?post_type=product&#038;p=1238"},"modified":"2026-01-27T22:00:34","modified_gmt":"2026-01-27T21:00:34","slug":"anhaenger-brosche-einzigartige-handgemachte-cloisonne-emaille","status":"publish","type":"product","link":"https:\/\/www.regionalis.shop\/mariamart\/shop\/anhaenger-brosche-einzigartige-handgemachte-cloisonne-emaille\/","title":{"rendered":"Anh\u00e4nger \/ Brosche , Einzigartige, Handgemachte. Cloisonne Emaille"},"content":{"rendered":"<p>Exklusiver Cloisonn\u00e9-Emaille-Anh\u00e4nger und Brosche mit ovalem Opalith, gefertigt aus feinem Silber und kunstvoller Emaille. Das filigrane Muster aus handgelegtem Silberdraht ist mit harmonisch abgestimmten Blaut\u00f6nen ausgef\u00fcllt, die den schimmernden Opalith-Edelstein perfekt erg\u00e4nzen.<\/p>\n<p>Die Halskette aus Lapislazuli ist in einer fein gearbeiteten Netzstruktur gefertigt und unterstreicht die edle Wirkung des Anh\u00e4ngers. Dieses ausdrucksstarke Einzelst\u00fcck vereint traditionelle Handwerkskunst mit symbolischer Tiefe und verleiht jedem Outfit eine besondere Note von Farbe, Eleganz und Individualit\u00e4t.<\/p>\n<p>-Anh\u00e4nger,Brosche, Halskette<br \/>\n-Anh\u00e4nger L\u00e4nge: 51cm einstellbar<br \/>\n-Breite: 3,8cm<br \/>\n-L\u00e4nge: 7.5cm<br \/>\n-Material: 999er Silber, Emaille<br \/>\n-Blattsilber,Feinsilber<br \/>\n-Steinart: Opalith, Lapilazuli<br \/>\n-Federringverschluss<br \/>\n-Handarbeit ,Unikat<\/p>\n<p>www.mariamart.at<br \/>\nVERPACKUNG<br \/>\n\u2022 Handgefertigter Schmuck wird in einer speziellen Box geliefert;<br \/>\n\u2022 Cloisonn\u00e9-Emaille-Artikel werden so verpackt, dass sie w\u00e4hrend des Transports vor Besch\u00e4digungen gesch\u00fctzt sind.<\/p>\n","protected":false},"excerpt":{"rendered":"<p><img loading=\"lazy\" decoding=\"async\" class=\"alignnone size-medium wp-image-1243\" src=\"https:\/\/www.regionalis.shop\/app\/uploads\/sites\/383\/jhvbkhvjh-300x222.jpg\" alt=\"\" width=\"300\" height=\"222\" srcset=\"https:\/\/www.regionalis.shop\/app\/uploads\/sites\/383\/jhvbkhvjh-300x222.jpg 300w, https:\/\/www.regionalis.shop\/app\/uploads\/sites\/383\/jhvbkhvjh-1024x758.jpg 1024w, https:\/\/www.regionalis.shop\/app\/uploads\/sites\/383\/jhvbkhvjh-768x569.jpg 768w, https:\/\/www.regionalis.shop\/app\/uploads\/sites\/383\/jhvbkhvjh-1536x1138.jpg 1536w, https:\/\/www.regionalis.shop\/app\/uploads\/sites\/383\/jhvbkhvjh-2048x1517.jpg 2048w, https:\/\/www.regionalis.shop\/app\/uploads\/sites\/383\/jhvbkhvjh-600x444.jpg 600w\" sizes=\"auto, (max-width: 300px) 100vw, 300px\" \/><\/p>\n<p><img loading=\"lazy\" decoding=\"async\" class=\"alignnone size-medium wp-image-1242\" src=\"https:\/\/www.regionalis.shop\/app\/uploads\/sites\/383\/IMG_4314-Kopie-300x193.jpg\" alt=\"\" width=\"300\" height=\"193\" srcset=\"https:\/\/www.regionalis.shop\/app\/uploads\/sites\/383\/IMG_4314-Kopie-300x193.jpg 300w, https:\/\/www.regionalis.shop\/app\/uploads\/sites\/383\/IMG_4314-Kopie-1024x660.jpg 1024w, https:\/\/www.regionalis.shop\/app\/uploads\/sites\/383\/IMG_4314-Kopie-768x495.jpg 768w, https:\/\/www.regionalis.shop\/app\/uploads\/sites\/383\/IMG_4314-Kopie-1536x989.jpg 1536w, https:\/\/www.regionalis.shop\/app\/uploads\/sites\/383\/IMG_4314-Kopie-2048x1319.jpg 2048w, https:\/\/www.regionalis.shop\/app\/uploads\/sites\/383\/IMG_4314-Kopie-600x387.jpg 600w\" sizes=\"auto, (max-width: 300px) 100vw, 300px\" \/><\/p>\n<p><img loading=\"lazy\" decoding=\"async\" class=\"alignnone size-medium wp-image-1241\" src=\"https:\/\/www.regionalis.shop\/app\/uploads\/sites\/383\/IMG_4313-Kopie-295x300.jpg\" alt=\"\" width=\"295\" height=\"300\" srcset=\"https:\/\/www.regionalis.shop\/app\/uploads\/sites\/383\/IMG_4313-Kopie-295x300.jpg 295w, https:\/\/www.regionalis.shop\/app\/uploads\/sites\/383\/IMG_4313-Kopie-1007x1024.jpg 1007w, https:\/\/www.regionalis.shop\/app\/uploads\/sites\/383\/IMG_4313-Kopie-768x781.jpg 768w, https:\/\/www.regionalis.shop\/app\/uploads\/sites\/383\/IMG_4313-Kopie-1511x1536.jpg 1511w, https:\/\/www.regionalis.shop\/app\/uploads\/sites\/383\/IMG_4313-Kopie-600x610.jpg 600w, https:\/\/www.regionalis.shop\/app\/uploads\/sites\/383\/IMG_4313-Kopie.jpg 1851w\" sizes=\"auto, (max-width: 295px) 100vw, 295px\" \/><\/p>\n<p><img loading=\"lazy\" decoding=\"async\" class=\"alignnone size-medium wp-image-1240\" src=\"https:\/\/www.regionalis.shop\/app\/uploads\/sites\/383\/IMG_4311-Kopie-300x261.jpg\" alt=\"\" width=\"300\" height=\"261\" srcset=\"https:\/\/www.regionalis.shop\/app\/uploads\/sites\/383\/IMG_4311-Kopie-300x261.jpg 300w, https:\/\/www.regionalis.shop\/app\/uploads\/sites\/383\/IMG_4311-Kopie-1024x889.jpg 1024w, https:\/\/www.regionalis.shop\/app\/uploads\/sites\/383\/IMG_4311-Kopie-768x667.jpg 768w, https:\/\/www.regionalis.shop\/app\/uploads\/sites\/383\/IMG_4311-Kopie-1536x1334.jpg 1536w, https:\/\/www.regionalis.shop\/app\/uploads\/sites\/383\/IMG_4311-Kopie-2048x1779.jpg 2048w, https:\/\/www.regionalis.shop\/app\/uploads\/sites\/383\/IMG_4311-Kopie-600x521.jpg 600w\" sizes=\"auto, (max-width: 300px) 100vw, 300px\" \/><\/p>\n<p><img loading=\"lazy\" decoding=\"async\" class=\"alignnone size-medium wp-image-1239\" src=\"https:\/\/www.regionalis.shop\/app\/uploads\/sites\/383\/IMG_4309-263x300.jpg\" alt=\"\" width=\"263\" height=\"300\" srcset=\"https:\/\/www.regionalis.shop\/app\/uploads\/sites\/383\/IMG_4309-263x300.jpg 263w, https:\/\/www.regionalis.shop\/app\/uploads\/sites\/383\/IMG_4309-896x1024.jpg 896w, https:\/\/www.regionalis.shop\/app\/uploads\/sites\/383\/IMG_4309-768x877.jpg 768w, https:\/\/www.regionalis.shop\/app\/uploads\/sites\/383\/IMG_4309-1344x1536.jpg 1344w, https:\/\/www.regionalis.shop\/app\/uploads\/sites\/383\/IMG_4309-1793x2048.jpg 1793w, https:\/\/www.regionalis.shop\/app\/uploads\/sites\/383\/IMG_4309-600x685.jpg 600w\" sizes=\"auto, (max-width: 263px) 100vw, 263px\" \/><\/p>\n<p><img loading=\"lazy\" decoding=\"async\" class=\"alignnone size-medium wp-image-1244\" src=\"https:\/\/www.regionalis.shop\/app\/uploads\/sites\/383\/S-AA-AD--173x300.jpeg\" alt=\"\" width=\"173\" height=\"300\" srcset=\"https:\/\/www.regionalis.shop\/app\/uploads\/sites\/383\/S-AA-AD--173x300.jpeg 173w, https:\/\/www.regionalis.shop\/app\/uploads\/sites\/383\/S-AA-AD--591x1024.jpeg 591w, https:\/\/www.regionalis.shop\/app\/uploads\/sites\/383\/S-AA-AD--768x1331.jpeg 768w, https:\/\/www.regionalis.shop\/app\/uploads\/sites\/383\/S-AA-AD--887x1536.jpeg 887w, https:\/\/www.regionalis.shop\/app\/uploads\/sites\/383\/S-AA-AD--600x1040.jpeg 600w, https:\/\/www.regionalis.shop\/app\/uploads\/sites\/383\/S-AA-AD-.jpeg 1182w\" sizes=\"auto, (max-width: 173px) 100vw, 173px\" \/><\/p>\n","protected":false},"featured_media":1241,"template":"","meta":{"_acf_changed":false},"product_brand":[],"product_cat":[108,70],"product_tag":[176,187,177,182],"class_list":{"0":"post-1238","1":"product","2":"type-product","3":"status-publish","4":"has-post-thumbnail","6":"product_cat-anhaenger","7":"product_cat-schmuck","8":"product_tag-anhaenger","9":"product_tag-brosche","10":"product_tag-silber","11":"product_tag-unikat","13":"first","14":"instock","15":"purchasable","16":"product-type-simple"},"acf":[],"_links":{"self":[{"href":"https:\/\/www.regionalis.shop\/mariamart\/wp-json\/wp\/v2\/product\/1238","targetHints":{"allow":["GET"]}}],"collection":[{"href":"https:\/\/www.regionalis.shop\/mariamart\/wp-json\/wp\/v2\/product"}],"about":[{"href":"https:\/\/www.regionalis.shop\/mariamart\/wp-json\/wp\/v2\/types\/product"}],"wp:featuredmedia":[{"embeddable":true,"href":"https:\/\/www.regionalis.shop\/mariamart\/wp-json\/wp\/v2\/media\/1241"}],"wp:attachment":[{"href":"https:\/\/www.regionalis.shop\/mariamart\/wp-json\/wp\/v2\/media?parent=1238"}],"wp:term":[{"taxonomy":"product_brand","embeddable":true,"href":"https:\/\/www.regionalis.shop\/mariamart\/wp-json\/wp\/v2\/product_brand?post=1238"},{"taxonomy":"product_cat","embeddable":true,"href":"https:\/\/www.regionalis.shop\/mariamart\/wp-json\/wp\/v2\/product_cat?post=1238"},{"taxonomy":"product_tag","embeddable":true,"href":"https:\/\/www.regionalis.shop\/mariamart\/wp-json\/wp\/v2\/product_tag?post=1238"}],"curies":[{"name":"wp","href":"https:\/\/api.w.org\/{rel}","templated":true}]}}