{"id":1245,"date":"2026-01-27T13:44:14","date_gmt":"2026-01-27T12:44:14","guid":{"rendered":"https:\/\/www.regionalis.shop\/mariamart\/?post_type=product&#038;p=1245"},"modified":"2026-01-27T13:44:17","modified_gmt":"2026-01-27T12:44:17","slug":"ohrringe-welle-cloisonne-emaille-handarbeit-silber-unikat","status":"publish","type":"product","link":"https:\/\/www.regionalis.shop\/mariamart\/shop\/ohrringe-welle-cloisonne-emaille-handarbeit-silber-unikat\/","title":{"rendered":"Ohrringe &#8222;Welle&#8220; Cloisonn\u00e9 Emaille, Handarbeit, Silber, Unikat"},"content":{"rendered":"<p>Der Ohrring **\u201eDie Welle\u201c** zeigt das gl\u00e4nzende Cloisonn\u00e9-Emaille von seiner sch\u00f6nsten Seite. Gefertigt aus feinem Silber und kunstvoller Emaille, besticht er durch ein filigranes Muster aus handgelegtem Silberdraht, das mit harmonisch abgestimmten Blaut\u00f6nen ausgef\u00fcllt ist und den schimmernden Opalith-Edelstein perfekt erg\u00e4nzt.<\/p>\n<p>Dank seines gro\u00dffl\u00e4chigen Designs kann das k\u00fcnstlerisch gestaltete Motiv in seiner ganzen Pracht betrachtet werden. Dieses ausdrucksstarke Einzelst\u00fcck vereint traditionelle Handwerkskunst mit symbolischer Tiefe und verleiht jedem Outfit eine besondere Note von Farbe, Eleganz und Individualit\u00e4t.<br \/>\nDiese Ohrringe sind nicht nur ein modisches Accessoire, sondern auch ein Ausdruck von Pers\u00f6nlichkeit und Stil. Sie sind perfekt f\u00fcr Frauen, die das Besondere suchen und Wert auf hochwertige, handgefertigte Schmuckst\u00fccke legen. Mit diesen Ohrringen setzen Sie nicht nur Akzente, sondern tragen auch ein St\u00fcck Geschichte und Kunst mit sich.<\/p>\n<p>www.mariamart.at<br \/>\nVERPACKUNG<br \/>\n\u2022 Handgefertigter Schmuck wird in einer speziellen Box geliefert;<br \/>\n\u2022 Cloisonn\u00e9-Emaille-Artikel werden so verpackt, dass sie w\u00e4hrend des Transports vor Besch\u00e4digungen gesch\u00fctzt sind.<\/p>\n<p>\u2022Z\u00f6gern Sie nicht, uns f\u00fcr weitere Informationen zu schreiben. Unser Team beantwortet gerne alle Fragen.<\/p>\n<p>-Die Ohrringe &#8222;Die Welle&#8220;<br \/>\n-Breite: 2,0cm<br \/>\n-L\u00e4nge: 7,2cm<br \/>\n-Material: 999er-Silber<br \/>\n-Email,Feinsilber<br \/>\n-Blattsilber<br \/>\n-Handarbeit ,Unikat<\/p>\n","protected":false},"excerpt":{"rendered":"<p>Der Ohrring **\u201eDie Welle\u201c** zeigt das gl\u00e4nzende Cloisonn\u00e9-Emaille von seiner sch\u00f6nsten Seite. Gefertigt aus feinem Silber und kunstvoller Emaille, besticht er durch ein filigranes Muster aus handgelegtem Silberdraht, das mit harmonisch abgestimmten Blaut\u00f6nen ausgef\u00fcllt ist und den schimmernden Opalith-Edelstein perfekt erg\u00e4nzt. Dank seines gro\u00dffl\u00e4chigen Designs kann das k\u00fcnstlerisch gestaltete Motiv in seiner ganzen Pracht betrachtet &hellip; <a href=\"https:\/\/www.regionalis.shop\/mariamart\/shop\/ohrringe-welle-cloisonne-emaille-handarbeit-silber-unikat\/\">Continued<\/a><\/p>\n","protected":false},"featured_media":1250,"template":"","meta":{"_acf_changed":false},"product_brand":[],"product_cat":[163],"product_tag":[],"class_list":{"0":"post-1245","1":"product","2":"type-product","3":"status-publish","4":"has-post-thumbnail","6":"product_cat-ohrringe","8":"first","9":"instock","10":"purchasable","11":"product-type-simple"},"acf":[],"_links":{"self":[{"href":"https:\/\/www.regionalis.shop\/mariamart\/wp-json\/wp\/v2\/product\/1245","targetHints":{"allow":["GET"]}}],"collection":[{"href":"https:\/\/www.regionalis.shop\/mariamart\/wp-json\/wp\/v2\/product"}],"about":[{"href":"https:\/\/www.regionalis.shop\/mariamart\/wp-json\/wp\/v2\/types\/product"}],"wp:featuredmedia":[{"embeddable":true,"href":"https:\/\/www.regionalis.shop\/mariamart\/wp-json\/wp\/v2\/media\/1250"}],"wp:attachment":[{"href":"https:\/\/www.regionalis.shop\/mariamart\/wp-json\/wp\/v2\/media?parent=1245"}],"wp:term":[{"taxonomy":"product_brand","embeddable":true,"href":"https:\/\/www.regionalis.shop\/mariamart\/wp-json\/wp\/v2\/product_brand?post=1245"},{"taxonomy":"product_cat","embeddable":true,"href":"https:\/\/www.regionalis.shop\/mariamart\/wp-json\/wp\/v2\/product_cat?post=1245"},{"taxonomy":"product_tag","embeddable":true,"href":"https:\/\/www.regionalis.shop\/mariamart\/wp-json\/wp\/v2\/product_tag?post=1245"}],"curies":[{"name":"wp","href":"https:\/\/api.w.org\/{rel}","templated":true}]}}