{"id":862,"date":"2025-05-24T13:44:06","date_gmt":"2025-05-24T11:44:06","guid":{"rendered":"https:\/\/starter.stage.shop-it.at\/?page_id=862"},"modified":"2025-10-23T15:21:37","modified_gmt":"2025-10-23T13:21:37","slug":"startseite","status":"publish","type":"page","link":"https:\/\/www.regionalis.shop\/marie-kreatives-naehen\/","title":{"rendered":"Startseite"},"content":{"rendered":"<section>\n        <div class=\"header-image\">\n            <img decoding=\"async\" src=\"https:\/\/www.regionalis.shop\/app\/uploads\/sites\/384\/3788_2024_03_23_21_13_13_304558083.jpg\" alt=\"\">\n        <\/div>\n    \n    <\/section>\n    <section>\n    <div class=\"header-title\">\n        <h1 class=\"h2\">Willkommen bei MaRie &#8211; kreatives n\u00e4hen<\/h1>\n    <\/div>\n            <h2 class=\"h3\">Handgemacht in Buchkirchen<\/h2>\n                <p>&#8211;Liebevoll gen\u00e4hte Artikel f\u00fcr Babys und Kleinkinder.&#8211;<\/p>\n<p>N\u00e4hen und h\u00e4keln sind meine Leidenschaft. Und ganz besonders f\u00fcr die Kleinsten sind keine kreativen Grenzen gesetzt.<br \/>\nIch versuche immer etwas Neues zu entwerfen bzw. zu gestalten.<br \/>\nAber auch f\u00fcr die Mamas habe ich immer wieder originelle Ideen oder zaubere Dekorations-Gegenst\u00e4nde mit meiner N\u00e4hmaschine.<\/p>\n<p>Ich freue mich, wenn euch meine N\u00e4h- und H\u00e4kelarbeiten gefallen und ich euren Geschmack getroffen habe.<\/p>\n<p>F\u00fcr ein ganz pers\u00f6nliches St\u00fcck, kann ich den Namen oder einen anderen Wunsch, f\u00fcr euch aufsticken.<\/p>\n\n    \n    <h3>Produkte<\/h3>\n\n    <div class=\"woocommerce columns-3 \"><ul class=\"products columns-3\">\n<li class=\"product type-product post-1053 status-publish first instock product_cat-baby-kinder product_cat-spielzeug has-post-thumbnail purchasable product-type-simple\">\n\t<a href=\"https:\/\/www.regionalis.shop\/marie-kreatives-naehen\/shop\/kuscheltuch-eule-mit-beissring-tuerkis\/\" class=\"woocommerce-LoopProduct-link woocommerce-loop-product__link\"><div class=\"wc-block-grid__product-image\"><img loading=\"lazy\" decoding=\"async\" width=\"1024\" height=\"1024\" src=\"https:\/\/www.regionalis.shop\/app\/uploads\/sites\/384\/3788_2023_04_09_15_04_25_680291485.jpg\" class=\"attachment-large size-large\" alt=\"Kuscheltuch Eule mit Bei\u00dfring - t\u00fcrkis\" srcset=\"https:\/\/www.regionalis.shop\/app\/uploads\/sites\/384\/3788_2023_04_09_15_04_25_680291485.jpg 1024w, https:\/\/www.regionalis.shop\/app\/uploads\/sites\/384\/3788_2023_04_09_15_04_25_680291485-300x300.jpg 300w, https:\/\/www.regionalis.shop\/app\/uploads\/sites\/384\/3788_2023_04_09_15_04_25_680291485-150x150.jpg 150w, https:\/\/www.regionalis.shop\/app\/uploads\/sites\/384\/3788_2023_04_09_15_04_25_680291485-768x768.jpg 768w, https:\/\/www.regionalis.shop\/app\/uploads\/sites\/384\/3788_2023_04_09_15_04_25_680291485-600x600.jpg 600w, https:\/\/www.regionalis.shop\/app\/uploads\/sites\/384\/3788_2023_04_09_15_04_25_680291485-100x100.jpg 100w\" sizes=\"auto, (max-width: 1024px) 100vw, 1024px\" \/><\/div><h2 class=\"woocommerce-loop-product__title\">Kuscheltuch Eule mit Bei\u00dfring &#8211; t\u00fcrkis<\/h2>\n\t<span class=\"price\"><span class=\"woocommerce-Price-amount amount\"><bdi>18,00&nbsp;<span class=\"woocommerce-Price-currencySymbol\">&euro;<\/span><\/bdi><\/span><\/span>\n<\/a><\/li>\n<li class=\"product type-product post-1055 status-publish instock product_cat-baby-kinder product_cat-spielzeug has-post-thumbnail purchasable product-type-simple\">\n\t<a href=\"https:\/\/www.regionalis.shop\/marie-kreatives-naehen\/shop\/kuscheltuch-eule-mit-beissring-gruen\/\" class=\"woocommerce-LoopProduct-link woocommerce-loop-product__link\"><div class=\"wc-block-grid__product-image\"><img loading=\"lazy\" decoding=\"async\" width=\"1024\" height=\"1024\" src=\"https:\/\/www.regionalis.shop\/app\/uploads\/sites\/384\/3788_2023_04_09_14_45_32_877124966.jpg\" class=\"attachment-large size-large\" alt=\"Kuscheltuch Eule mit Bei\u00dfring - gr\u00fcn\" srcset=\"https:\/\/www.regionalis.shop\/app\/uploads\/sites\/384\/3788_2023_04_09_14_45_32_877124966.jpg 1024w, https:\/\/www.regionalis.shop\/app\/uploads\/sites\/384\/3788_2023_04_09_14_45_32_877124966-300x300.jpg 300w, https:\/\/www.regionalis.shop\/app\/uploads\/sites\/384\/3788_2023_04_09_14_45_32_877124966-150x150.jpg 150w, https:\/\/www.regionalis.shop\/app\/uploads\/sites\/384\/3788_2023_04_09_14_45_32_877124966-768x768.jpg 768w, https:\/\/www.regionalis.shop\/app\/uploads\/sites\/384\/3788_2023_04_09_14_45_32_877124966-600x600.jpg 600w, https:\/\/www.regionalis.shop\/app\/uploads\/sites\/384\/3788_2023_04_09_14_45_32_877124966-100x100.jpg 100w\" sizes=\"auto, (max-width: 1024px) 100vw, 1024px\" \/><\/div><h2 class=\"woocommerce-loop-product__title\">Kuscheltuch Eule mit Bei\u00dfring &#8211; gr\u00fcn<\/h2>\n\t<span class=\"price\"><span class=\"woocommerce-Price-amount amount\"><bdi>18,00&nbsp;<span class=\"woocommerce-Price-currencySymbol\">&euro;<\/span><\/bdi><\/span><\/span>\n<\/a><\/li>\n<li class=\"product type-product post-1062 status-publish last instock product_cat-rucksaecke-gymbags product_cat-taschen has-post-thumbnail purchasable product-type-simple\">\n\t<a href=\"https:\/\/www.regionalis.shop\/marie-kreatives-naehen\/shop\/kinder-rucksack\/\" class=\"woocommerce-LoopProduct-link woocommerce-loop-product__link\"><div class=\"wc-block-grid__product-image\"><img loading=\"lazy\" decoding=\"async\" width=\"420\" height=\"420\" src=\"https:\/\/www.regionalis.shop\/app\/uploads\/sites\/384\/3788_2022_04_15_17_53_08_227501641.jpg\" class=\"attachment-large size-large\" alt=\"Kinder-Rucksack\" srcset=\"https:\/\/www.regionalis.shop\/app\/uploads\/sites\/384\/3788_2022_04_15_17_53_08_227501641.jpg 420w, https:\/\/www.regionalis.shop\/app\/uploads\/sites\/384\/3788_2022_04_15_17_53_08_227501641-300x300.jpg 300w, https:\/\/www.regionalis.shop\/app\/uploads\/sites\/384\/3788_2022_04_15_17_53_08_227501641-150x150.jpg 150w, https:\/\/www.regionalis.shop\/app\/uploads\/sites\/384\/3788_2022_04_15_17_53_08_227501641-100x100.jpg 100w\" sizes=\"auto, (max-width: 420px) 100vw, 420px\" \/><\/div><h2 class=\"woocommerce-loop-product__title\">Kinder-Rucksack<\/h2>\n\t<span class=\"price\"><span class=\"woocommerce-Price-amount amount\"><bdi>42,00&nbsp;<span class=\"woocommerce-Price-currencySymbol\">&euro;<\/span><\/bdi><\/span><\/span>\n<\/a><\/li>\n<\/ul>\n<\/div>\n    <p>\n        <a href=\"https:\/\/www.regionalis.shop\/marie-kreatives-naehen\/shop\/\" class=\"btn btn-primary btn-icon-right\">\n            Alle Produkte <i class=\"bi bi-arrow-right-short\"><\/i>\n        <\/a>\n    <\/p>\n<\/section>\n\n<div data-block-name=\"woocommerce\/store-notices\" class=\"wc-block-store-notices woocommerce alignwide alignwide wp-block-woocommerce-store-notices\"><div class=\"woocommerce-notices-wrapper\"><\/div><\/div>","protected":false},"excerpt":{"rendered":"","protected":false},"author":1,"featured_media":0,"parent":0,"menu_order":0,"comment_status":"closed","ping_status":"closed","template":"template-home.blade.php","meta":{"_acf_changed":false,"footnotes":""},"class_list":["post-862","page","type-page","status-publish","hentry"],"acf":[],"_links":{"self":[{"href":"https:\/\/www.regionalis.shop\/marie-kreatives-naehen\/wp-json\/wp\/v2\/pages\/862","targetHints":{"allow":["GET"]}}],"collection":[{"href":"https:\/\/www.regionalis.shop\/marie-kreatives-naehen\/wp-json\/wp\/v2\/pages"}],"about":[{"href":"https:\/\/www.regionalis.shop\/marie-kreatives-naehen\/wp-json\/wp\/v2\/types\/page"}],"author":[{"embeddable":true,"href":"https:\/\/www.regionalis.shop\/marie-kreatives-naehen\/wp-json\/wp\/v2\/users\/1"}],"replies":[{"embeddable":true,"href":"https:\/\/www.regionalis.shop\/marie-kreatives-naehen\/wp-json\/wp\/v2\/comments?post=862"}],"version-history":[{"count":28,"href":"https:\/\/www.regionalis.shop\/marie-kreatives-naehen\/wp-json\/wp\/v2\/pages\/862\/revisions"}],"predecessor-version":[{"id":1041,"href":"https:\/\/www.regionalis.shop\/marie-kreatives-naehen\/wp-json\/wp\/v2\/pages\/862\/revisions\/1041"}],"wp:attachment":[{"href":"https:\/\/www.regionalis.shop\/marie-kreatives-naehen\/wp-json\/wp\/v2\/media?parent=862"}],"curies":[{"name":"wp","href":"https:\/\/api.w.org\/{rel}","templated":true}]}}