{"id":1055,"date":"2025-04-18T10:37:57","date_gmt":"2025-04-18T08:37:57","guid":{"rendered":"https:\/\/www.regionalis.shop\/marie-kreatives-naehen\/product\/kuscheltuch-eule-mit-beissring-gruen\/"},"modified":"2025-04-18T10:37:57","modified_gmt":"2025-04-18T08:37:57","slug":"kuscheltuch-eule-mit-beissring-gruen","status":"publish","type":"product","link":"https:\/\/www.regionalis.shop\/marie-kreatives-naehen\/shop\/kuscheltuch-eule-mit-beissring-gruen\/","title":{"rendered":"Kuscheltuch Eule mit Bei\u00dfring &#8211; gr\u00fcn"},"content":{"rendered":"<p>Weiches Kuscheltuch zum Schmusen mit Holzbei\u00dfring.<br \/>\nEin Fl\u00fcgel knistert, der andere rasselt<\/p>\n<p>Stoff: Kuschelfleece und Baumwolle<br \/>\nGr\u00f6\u00dfe: ca. 26&#215;26\u00a0cm\u00a0<\/p>\n","protected":false},"excerpt":{"rendered":"<p>Weiches Kuscheltuch zum Schmusen mit Holzbei\u00dfring. Ein Fl\u00fcgel knistert, der andere rasselt Stoff: Kuschelfleece und Baumwolle Gr\u00f6\u00dfe: ca. 26&#215;26\u00a0cm\u00a0<\/p>\n","protected":false},"featured_media":1056,"template":"","meta":{"_acf_changed":false},"product_brand":[],"product_cat":[38,88],"product_tag":[],"class_list":{"0":"post-1055","1":"product","2":"type-product","3":"status-publish","4":"has-post-thumbnail","6":"product_cat-baby-kinder","7":"product_cat-spielzeug","9":"first","10":"instock","11":"purchasable","12":"product-type-simple"},"acf":[],"_links":{"self":[{"href":"https:\/\/www.regionalis.shop\/marie-kreatives-naehen\/wp-json\/wp\/v2\/product\/1055","targetHints":{"allow":["GET"]}}],"collection":[{"href":"https:\/\/www.regionalis.shop\/marie-kreatives-naehen\/wp-json\/wp\/v2\/product"}],"about":[{"href":"https:\/\/www.regionalis.shop\/marie-kreatives-naehen\/wp-json\/wp\/v2\/types\/product"}],"wp:featuredmedia":[{"embeddable":true,"href":"https:\/\/www.regionalis.shop\/marie-kreatives-naehen\/wp-json\/wp\/v2\/media\/1056"}],"wp:attachment":[{"href":"https:\/\/www.regionalis.shop\/marie-kreatives-naehen\/wp-json\/wp\/v2\/media?parent=1055"}],"wp:term":[{"taxonomy":"product_brand","embeddable":true,"href":"https:\/\/www.regionalis.shop\/marie-kreatives-naehen\/wp-json\/wp\/v2\/product_brand?post=1055"},{"taxonomy":"product_cat","embeddable":true,"href":"https:\/\/www.regionalis.shop\/marie-kreatives-naehen\/wp-json\/wp\/v2\/product_cat?post=1055"},{"taxonomy":"product_tag","embeddable":true,"href":"https:\/\/www.regionalis.shop\/marie-kreatives-naehen\/wp-json\/wp\/v2\/product_tag?post=1055"}],"curies":[{"name":"wp","href":"https:\/\/api.w.org\/{rel}","templated":true}]}}