{"id":1057,"date":"2025-04-18T06:50:34","date_gmt":"2025-04-18T04:50:34","guid":{"rendered":"https:\/\/www.regionalis.shop\/marie-kreatives-naehen\/product\/kinder-rucksack-2\/"},"modified":"2025-04-18T06:50:34","modified_gmt":"2025-04-18T04:50:34","slug":"kinder-rucksack-2","status":"publish","type":"product","link":"https:\/\/www.regionalis.shop\/marie-kreatives-naehen\/shop\/kinder-rucksack-2\/","title":{"rendered":"Kinder-Rucksack"},"content":{"rendered":"<p>Ein s\u00fc\u00dfer Kinderrucksack f\u00fcr den Kindergarten oder f\u00fcr den Wanderausflug.<br \/>\nDie Lasche schlie\u00dft sich mit einen Magneten.<br \/>\nS\u00fc\u00dfes Motive mit Fische und Boote, f\u00fcr den kleinen Seemann.<\/p>\n<p>Gr\u00f6\u00dfe: 20x20x10cm<br \/>\nStoff: Baumwolle<\/p>\n","protected":false},"excerpt":{"rendered":"<p>Ein s\u00fc\u00dfer Kinderrucksack f\u00fcr den Kindergarten oder f\u00fcr den Wanderausflug. Die Lasche schlie\u00dft sich mit einen Magneten. S\u00fc\u00dfes Motive mit Fische und Boote, f\u00fcr den kleinen Seemann. Gr\u00f6\u00dfe: 20x20x10cm Stoff: Baumwolle<\/p>\n","protected":false},"featured_media":1058,"template":"","meta":{"_acf_changed":false},"product_brand":[],"product_cat":[166,95],"product_tag":[],"class_list":{"0":"post-1057","1":"product","2":"type-product","3":"status-publish","4":"has-post-thumbnail","6":"product_cat-rucksaecke-gymbags","7":"product_cat-taschen","9":"first","10":"instock","11":"purchasable","12":"product-type-simple"},"acf":[],"_links":{"self":[{"href":"https:\/\/www.regionalis.shop\/marie-kreatives-naehen\/wp-json\/wp\/v2\/product\/1057","targetHints":{"allow":["GET"]}}],"collection":[{"href":"https:\/\/www.regionalis.shop\/marie-kreatives-naehen\/wp-json\/wp\/v2\/product"}],"about":[{"href":"https:\/\/www.regionalis.shop\/marie-kreatives-naehen\/wp-json\/wp\/v2\/types\/product"}],"wp:featuredmedia":[{"embeddable":true,"href":"https:\/\/www.regionalis.shop\/marie-kreatives-naehen\/wp-json\/wp\/v2\/media\/1058"}],"wp:attachment":[{"href":"https:\/\/www.regionalis.shop\/marie-kreatives-naehen\/wp-json\/wp\/v2\/media?parent=1057"}],"wp:term":[{"taxonomy":"product_brand","embeddable":true,"href":"https:\/\/www.regionalis.shop\/marie-kreatives-naehen\/wp-json\/wp\/v2\/product_brand?post=1057"},{"taxonomy":"product_cat","embeddable":true,"href":"https:\/\/www.regionalis.shop\/marie-kreatives-naehen\/wp-json\/wp\/v2\/product_cat?post=1057"},{"taxonomy":"product_tag","embeddable":true,"href":"https:\/\/www.regionalis.shop\/marie-kreatives-naehen\/wp-json\/wp\/v2\/product_tag?post=1057"}],"curies":[{"name":"wp","href":"https:\/\/api.w.org\/{rel}","templated":true}]}}