{"id":1062,"date":"2025-04-18T06:50:34","date_gmt":"2025-04-18T04:50:34","guid":{"rendered":"https:\/\/www.regionalis.shop\/marie-kreatives-naehen\/product\/kinder-rucksack\/"},"modified":"2025-04-18T06:50:34","modified_gmt":"2025-04-18T04:50:34","slug":"kinder-rucksack","status":"publish","type":"product","link":"https:\/\/www.regionalis.shop\/marie-kreatives-naehen\/shop\/kinder-rucksack\/","title":{"rendered":"Kinder-Rucksack"},"content":{"rendered":"<p>Ein s\u00fc\u00dfer Kinderrucksack f\u00fcr den Kindergarten oder f\u00fcr den Wanderausflug.<br \/>\nMit einer Kordel wird der Rucksack verschlossen. Die Lasche schlie\u00dft sich mit einen Magneten.<br \/>\nS\u00fc\u00dfes Motive mit Elefant und fliegenden Luftballons.<\/p>\n<p>Gr\u00f6\u00dfe: 23x28x11cm<br \/>\nStoff: Leinen und Baumwolle<\/p>\n","protected":false},"excerpt":{"rendered":"<p>Ein s\u00fc\u00dfer Kinderrucksack f\u00fcr den Kindergarten oder f\u00fcr den Wanderausflug. Mit einer Kordel wird der Rucksack verschlossen. Die Lasche schlie\u00dft sich mit einen Magneten. S\u00fc\u00dfes Motive mit Elefant und fliegenden Luftballons. Gr\u00f6\u00dfe: 23x28x11cm Stoff: Leinen und Baumwolle<\/p>\n","protected":false},"featured_media":1063,"template":"","meta":{"_acf_changed":false},"product_brand":[],"product_cat":[166,95],"product_tag":[],"class_list":{"0":"post-1062","1":"product","2":"type-product","3":"status-publish","4":"has-post-thumbnail","6":"product_cat-rucksaecke-gymbags","7":"product_cat-taschen","9":"first","10":"instock","11":"purchasable","12":"product-type-simple"},"acf":[],"_links":{"self":[{"href":"https:\/\/www.regionalis.shop\/marie-kreatives-naehen\/wp-json\/wp\/v2\/product\/1062","targetHints":{"allow":["GET"]}}],"collection":[{"href":"https:\/\/www.regionalis.shop\/marie-kreatives-naehen\/wp-json\/wp\/v2\/product"}],"about":[{"href":"https:\/\/www.regionalis.shop\/marie-kreatives-naehen\/wp-json\/wp\/v2\/types\/product"}],"wp:featuredmedia":[{"embeddable":true,"href":"https:\/\/www.regionalis.shop\/marie-kreatives-naehen\/wp-json\/wp\/v2\/media\/1063"}],"wp:attachment":[{"href":"https:\/\/www.regionalis.shop\/marie-kreatives-naehen\/wp-json\/wp\/v2\/media?parent=1062"}],"wp:term":[{"taxonomy":"product_brand","embeddable":true,"href":"https:\/\/www.regionalis.shop\/marie-kreatives-naehen\/wp-json\/wp\/v2\/product_brand?post=1062"},{"taxonomy":"product_cat","embeddable":true,"href":"https:\/\/www.regionalis.shop\/marie-kreatives-naehen\/wp-json\/wp\/v2\/product_cat?post=1062"},{"taxonomy":"product_tag","embeddable":true,"href":"https:\/\/www.regionalis.shop\/marie-kreatives-naehen\/wp-json\/wp\/v2\/product_tag?post=1062"}],"curies":[{"name":"wp","href":"https:\/\/api.w.org\/{rel}","templated":true}]}}