{"id":1072,"date":"2025-04-18T06:32:49","date_gmt":"2025-04-18T04:32:49","guid":{"rendered":"https:\/\/www.regionalis.shop\/marie-kreatives-naehen\/product\/faedelspiel\/"},"modified":"2025-04-18T06:32:49","modified_gmt":"2025-04-18T04:32:49","slug":"faedelspiel","status":"publish","type":"product","link":"https:\/\/www.regionalis.shop\/marie-kreatives-naehen\/shop\/faedelspiel\/","title":{"rendered":"F\u00e4delspiel"},"content":{"rendered":"<p>Die Feinmotorik \u00fcben und lernen. F\u00e4deln, N\u00e4hen mit lustigen Tiermotiven.<br \/>\n5 verschiedene K\u00e4rtchen. Inkl. einer Tasche aus Filz zum Transportieren.<\/p>\n<p>K\u00e4rtchen: 13x13cm<br \/>\n3 F\u00e4delschn\u00fcre: 90cm<br \/>\nStoff: Hartfilz<\/p>\n","protected":false},"excerpt":{"rendered":"<p>Die Feinmotorik \u00fcben und lernen. F\u00e4deln, N\u00e4hen mit lustigen Tiermotiven. 5 verschiedene K\u00e4rtchen. Inkl. einer Tasche aus Filz zum Transportieren. K\u00e4rtchen: 13x13cm 3 F\u00e4delschn\u00fcre: 90cm Stoff: Hartfilz<\/p>\n","protected":false},"featured_media":1073,"template":"","meta":{"_acf_changed":false},"product_brand":[],"product_cat":[38,88],"product_tag":[],"class_list":{"0":"post-1072","1":"product","2":"type-product","3":"status-publish","4":"has-post-thumbnail","6":"product_cat-baby-kinder","7":"product_cat-spielzeug","9":"first","10":"instock","11":"purchasable","12":"product-type-simple"},"acf":[],"_links":{"self":[{"href":"https:\/\/www.regionalis.shop\/marie-kreatives-naehen\/wp-json\/wp\/v2\/product\/1072","targetHints":{"allow":["GET"]}}],"collection":[{"href":"https:\/\/www.regionalis.shop\/marie-kreatives-naehen\/wp-json\/wp\/v2\/product"}],"about":[{"href":"https:\/\/www.regionalis.shop\/marie-kreatives-naehen\/wp-json\/wp\/v2\/types\/product"}],"wp:featuredmedia":[{"embeddable":true,"href":"https:\/\/www.regionalis.shop\/marie-kreatives-naehen\/wp-json\/wp\/v2\/media\/1073"}],"wp:attachment":[{"href":"https:\/\/www.regionalis.shop\/marie-kreatives-naehen\/wp-json\/wp\/v2\/media?parent=1072"}],"wp:term":[{"taxonomy":"product_brand","embeddable":true,"href":"https:\/\/www.regionalis.shop\/marie-kreatives-naehen\/wp-json\/wp\/v2\/product_brand?post=1072"},{"taxonomy":"product_cat","embeddable":true,"href":"https:\/\/www.regionalis.shop\/marie-kreatives-naehen\/wp-json\/wp\/v2\/product_cat?post=1072"},{"taxonomy":"product_tag","embeddable":true,"href":"https:\/\/www.regionalis.shop\/marie-kreatives-naehen\/wp-json\/wp\/v2\/product_tag?post=1072"}],"curies":[{"name":"wp","href":"https:\/\/api.w.org\/{rel}","templated":true}]}}