{"id":1087,"date":"2025-04-18T04:01:03","date_gmt":"2025-04-18T02:01:03","guid":{"rendered":"https:\/\/www.regionalis.shop\/marie-kreatives-naehen\/product\/aepfel-und-birnen\/"},"modified":"2025-04-18T04:01:03","modified_gmt":"2025-04-18T02:01:03","slug":"aepfel-und-birnen","status":"publish","type":"product","link":"https:\/\/www.regionalis.shop\/marie-kreatives-naehen\/shop\/aepfel-und-birnen\/","title":{"rendered":"\u00c4pfel und Birnen"},"content":{"rendered":"<p>Birnen und \u00c4pfel f\u00fcr den Kaufmannsladen oder auch f\u00fcr die Dekoration im Herbst.<br \/>\nVerf\u00fcgbar sind 4 Birnen und 3 \u00c4pfel.<br \/>\n1 St\u00fcck \u20ac 7,00, 3 St\u00fcck \u20ac 18,00<\/p>\n","protected":false},"excerpt":{"rendered":"<p>Birnen und \u00c4pfel f\u00fcr den Kaufmannsladen oder auch f\u00fcr die Dekoration im Herbst. Verf\u00fcgbar sind 4 Birnen und 3 \u00c4pfel. 1 St\u00fcck \u20ac 7,00, 3 St\u00fcck \u20ac 18,00<\/p>\n","protected":false},"featured_media":1088,"template":"","meta":{"_acf_changed":false},"product_brand":[],"product_cat":[38,88],"product_tag":[],"class_list":{"0":"post-1087","1":"product","2":"type-product","3":"status-publish","4":"has-post-thumbnail","6":"product_cat-baby-kinder","7":"product_cat-spielzeug","9":"first","10":"instock","11":"purchasable","12":"product-type-simple"},"acf":[],"_links":{"self":[{"href":"https:\/\/www.regionalis.shop\/marie-kreatives-naehen\/wp-json\/wp\/v2\/product\/1087","targetHints":{"allow":["GET"]}}],"collection":[{"href":"https:\/\/www.regionalis.shop\/marie-kreatives-naehen\/wp-json\/wp\/v2\/product"}],"about":[{"href":"https:\/\/www.regionalis.shop\/marie-kreatives-naehen\/wp-json\/wp\/v2\/types\/product"}],"wp:featuredmedia":[{"embeddable":true,"href":"https:\/\/www.regionalis.shop\/marie-kreatives-naehen\/wp-json\/wp\/v2\/media\/1088"}],"wp:attachment":[{"href":"https:\/\/www.regionalis.shop\/marie-kreatives-naehen\/wp-json\/wp\/v2\/media?parent=1087"}],"wp:term":[{"taxonomy":"product_brand","embeddable":true,"href":"https:\/\/www.regionalis.shop\/marie-kreatives-naehen\/wp-json\/wp\/v2\/product_brand?post=1087"},{"taxonomy":"product_cat","embeddable":true,"href":"https:\/\/www.regionalis.shop\/marie-kreatives-naehen\/wp-json\/wp\/v2\/product_cat?post=1087"},{"taxonomy":"product_tag","embeddable":true,"href":"https:\/\/www.regionalis.shop\/marie-kreatives-naehen\/wp-json\/wp\/v2\/product_tag?post=1087"}],"curies":[{"name":"wp","href":"https:\/\/api.w.org\/{rel}","templated":true}]}}