{"id":1102,"date":"2025-04-18T03:42:47","date_gmt":"2025-04-18T01:42:47","guid":{"rendered":"https:\/\/www.regionalis.shop\/marie-kreatives-naehen\/product\/kuscheltuch-mit-beissring-rosa\/"},"modified":"2025-04-18T03:42:47","modified_gmt":"2025-04-18T01:42:47","slug":"kuscheltuch-mit-beissring-rosa","status":"publish","type":"product","link":"https:\/\/www.regionalis.shop\/marie-kreatives-naehen\/shop\/kuscheltuch-mit-beissring-rosa\/","title":{"rendered":"Kuscheltuch mit Bei\u00dfring &#8211; rosa"},"content":{"rendered":"<p>Weiches Kuscheltuch zum Schmusen mit Holzbei\u00dfring.<br \/>\nDer Bei\u00dfring kann abgenommen werden.<br \/>\nDer Stern knistert.<\/p>\n<p>Stoff: Kuschelfleece und Jersey<br \/>\nGr\u00f6\u00dfe: ca. 28&#215;28 cm<\/p>\n","protected":false},"excerpt":{"rendered":"<p>Weiches Kuscheltuch zum Schmusen mit Holzbei\u00dfring. Der Bei\u00dfring kann abgenommen werden. Der Stern knistert. Stoff: Kuschelfleece und Jersey Gr\u00f6\u00dfe: ca. 28&#215;28 cm<\/p>\n","protected":false},"featured_media":1103,"template":"","meta":{"_acf_changed":false},"product_brand":[],"product_cat":[38,88],"product_tag":[],"class_list":{"0":"post-1102","1":"product","2":"type-product","3":"status-publish","4":"has-post-thumbnail","6":"product_cat-baby-kinder","7":"product_cat-spielzeug","9":"first","10":"instock","11":"purchasable","12":"product-type-simple"},"acf":[],"_links":{"self":[{"href":"https:\/\/www.regionalis.shop\/marie-kreatives-naehen\/wp-json\/wp\/v2\/product\/1102","targetHints":{"allow":["GET"]}}],"collection":[{"href":"https:\/\/www.regionalis.shop\/marie-kreatives-naehen\/wp-json\/wp\/v2\/product"}],"about":[{"href":"https:\/\/www.regionalis.shop\/marie-kreatives-naehen\/wp-json\/wp\/v2\/types\/product"}],"wp:featuredmedia":[{"embeddable":true,"href":"https:\/\/www.regionalis.shop\/marie-kreatives-naehen\/wp-json\/wp\/v2\/media\/1103"}],"wp:attachment":[{"href":"https:\/\/www.regionalis.shop\/marie-kreatives-naehen\/wp-json\/wp\/v2\/media?parent=1102"}],"wp:term":[{"taxonomy":"product_brand","embeddable":true,"href":"https:\/\/www.regionalis.shop\/marie-kreatives-naehen\/wp-json\/wp\/v2\/product_brand?post=1102"},{"taxonomy":"product_cat","embeddable":true,"href":"https:\/\/www.regionalis.shop\/marie-kreatives-naehen\/wp-json\/wp\/v2\/product_cat?post=1102"},{"taxonomy":"product_tag","embeddable":true,"href":"https:\/\/www.regionalis.shop\/marie-kreatives-naehen\/wp-json\/wp\/v2\/product_tag?post=1102"}],"curies":[{"name":"wp","href":"https:\/\/api.w.org\/{rel}","templated":true}]}}