{"id":1122,"date":"2025-04-18T01:52:38","date_gmt":"2025-04-17T23:52:38","guid":{"rendered":"https:\/\/www.regionalis.shop\/marie-kreatives-naehen\/product\/utensilienkoerbchen-voegel\/"},"modified":"2025-04-18T01:52:38","modified_gmt":"2025-04-17T23:52:38","slug":"utensilienkoerbchen-voegel","status":"publish","type":"product","link":"https:\/\/www.regionalis.shop\/marie-kreatives-naehen\/shop\/utensilienkoerbchen-voegel\/","title":{"rendered":"Utensilienk\u00f6rbchen &#8211; V\u00f6gel"},"content":{"rendered":"<p>Ein K\u00f6rbchen in das vieles hineinpasst. Zum Aufbewahren der Stoffwindeln, Hauben, Spielsachen,&#8230; <\/p>\n<p>Stoff: Leinen und Baumwolle<br \/>\n(Vlies mitgearbeitet f\u00fcr die Standfestigkeit)<br \/>\nDurchschnitt: 19cm<\/p>\n","protected":false},"excerpt":{"rendered":"<p>Ein K\u00f6rbchen in das vieles hineinpasst. Zum Aufbewahren der Stoffwindeln, Hauben, Spielsachen,&#8230; Stoff: Leinen und Baumwolle (Vlies mitgearbeitet f\u00fcr die Standfestigkeit) Durchschnitt: 19cm<\/p>\n","protected":false},"featured_media":1123,"template":"","meta":{"_acf_changed":false},"product_brand":[],"product_cat":[107,38],"product_tag":[],"class_list":{"0":"post-1122","1":"product","2":"type-product","3":"status-publish","4":"has-post-thumbnail","6":"product_cat-accessoires-baby-kinder","7":"product_cat-baby-kinder","9":"first","10":"instock","11":"purchasable","12":"product-type-simple"},"acf":[],"_links":{"self":[{"href":"https:\/\/www.regionalis.shop\/marie-kreatives-naehen\/wp-json\/wp\/v2\/product\/1122","targetHints":{"allow":["GET"]}}],"collection":[{"href":"https:\/\/www.regionalis.shop\/marie-kreatives-naehen\/wp-json\/wp\/v2\/product"}],"about":[{"href":"https:\/\/www.regionalis.shop\/marie-kreatives-naehen\/wp-json\/wp\/v2\/types\/product"}],"wp:featuredmedia":[{"embeddable":true,"href":"https:\/\/www.regionalis.shop\/marie-kreatives-naehen\/wp-json\/wp\/v2\/media\/1123"}],"wp:attachment":[{"href":"https:\/\/www.regionalis.shop\/marie-kreatives-naehen\/wp-json\/wp\/v2\/media?parent=1122"}],"wp:term":[{"taxonomy":"product_brand","embeddable":true,"href":"https:\/\/www.regionalis.shop\/marie-kreatives-naehen\/wp-json\/wp\/v2\/product_brand?post=1122"},{"taxonomy":"product_cat","embeddable":true,"href":"https:\/\/www.regionalis.shop\/marie-kreatives-naehen\/wp-json\/wp\/v2\/product_cat?post=1122"},{"taxonomy":"product_tag","embeddable":true,"href":"https:\/\/www.regionalis.shop\/marie-kreatives-naehen\/wp-json\/wp\/v2\/product_tag?post=1122"}],"curies":[{"name":"wp","href":"https:\/\/api.w.org\/{rel}","templated":true}]}}