{"id":1159,"date":"2025-04-18T01:33:01","date_gmt":"2025-04-17T23:33:01","guid":{"rendered":"https:\/\/www.regionalis.shop\/marie-kreatives-naehen\/product\/beuteltasche-orange-zootiere\/"},"modified":"2025-04-18T01:33:01","modified_gmt":"2025-04-17T23:33:01","slug":"beuteltasche-orange-zootiere","status":"publish","type":"product","link":"https:\/\/www.regionalis.shop\/marie-kreatives-naehen\/shop\/beuteltasche-orange-zootiere\/","title":{"rendered":"Beuteltasche &#8211; orange\/Zootiere"},"content":{"rendered":"<p>Eine Beuteltasche ist vielseitig einsetzbar: Turnbeutel oder zum Einkaufen, f\u00fcr Schlafutensilien zum \u00dcbernachten bei Freunden oder sogar als Rucksack f\u00fcr einen kleinen Ausflug in der Schule.<\/p>\n<p>Innen- und Au\u00dfenstoff: Baumwolle<br \/>\nDer Boden ist verst\u00e4rkt.<\/p>\n","protected":false},"excerpt":{"rendered":"<p>Eine Beuteltasche ist vielseitig einsetzbar: Turnbeutel oder zum Einkaufen, f\u00fcr Schlafutensilien zum \u00dcbernachten bei Freunden oder sogar als Rucksack f\u00fcr einen kleinen Ausflug in der Schule. Innen- und Au\u00dfenstoff: Baumwolle Der Boden ist verst\u00e4rkt.<\/p>\n","protected":false},"featured_media":1160,"template":"","meta":{"_acf_changed":false},"product_brand":[],"product_cat":[38,96],"product_tag":[],"class_list":{"0":"post-1159","1":"product","2":"type-product","3":"status-publish","4":"has-post-thumbnail","6":"product_cat-baby-kinder","7":"product_cat-taschen-baby-kinder","9":"first","10":"instock","11":"purchasable","12":"product-type-simple"},"acf":[],"_links":{"self":[{"href":"https:\/\/www.regionalis.shop\/marie-kreatives-naehen\/wp-json\/wp\/v2\/product\/1159","targetHints":{"allow":["GET"]}}],"collection":[{"href":"https:\/\/www.regionalis.shop\/marie-kreatives-naehen\/wp-json\/wp\/v2\/product"}],"about":[{"href":"https:\/\/www.regionalis.shop\/marie-kreatives-naehen\/wp-json\/wp\/v2\/types\/product"}],"wp:featuredmedia":[{"embeddable":true,"href":"https:\/\/www.regionalis.shop\/marie-kreatives-naehen\/wp-json\/wp\/v2\/media\/1160"}],"wp:attachment":[{"href":"https:\/\/www.regionalis.shop\/marie-kreatives-naehen\/wp-json\/wp\/v2\/media?parent=1159"}],"wp:term":[{"taxonomy":"product_brand","embeddable":true,"href":"https:\/\/www.regionalis.shop\/marie-kreatives-naehen\/wp-json\/wp\/v2\/product_brand?post=1159"},{"taxonomy":"product_cat","embeddable":true,"href":"https:\/\/www.regionalis.shop\/marie-kreatives-naehen\/wp-json\/wp\/v2\/product_cat?post=1159"},{"taxonomy":"product_tag","embeddable":true,"href":"https:\/\/www.regionalis.shop\/marie-kreatives-naehen\/wp-json\/wp\/v2\/product_tag?post=1159"}],"curies":[{"name":"wp","href":"https:\/\/api.w.org\/{rel}","templated":true}]}}