{"id":1163,"date":"2025-04-18T01:32:22","date_gmt":"2025-04-17T23:32:22","guid":{"rendered":"https:\/\/www.regionalis.shop\/marie-kreatives-naehen\/product\/winkelunterlage\/"},"modified":"2025-04-18T01:32:22","modified_gmt":"2025-04-17T23:32:22","slug":"winkelunterlage","status":"publish","type":"product","link":"https:\/\/www.regionalis.shop\/marie-kreatives-naehen\/shop\/winkelunterlage\/","title":{"rendered":"Winkelunterlage"},"content":{"rendered":"<p>Eine Wickelunterlage f\u00fcr Unterwegs. Die Liegefl\u00e4che ist  aus abwaschbareren Baumwollstoff &#8211; falls mal was daneben geht \ud83d\ude09<br \/>\nAuch noch zwei Taschen, f\u00fcr Windeln und Feuchtt\u00fccher sind aufgen\u00e4ht.<br \/>\nZusammengehalten wird es aus einem Gummiband.<\/p>\n<p>Au\u00dfenstoff: Baumwolle<\/p>\n","protected":false},"excerpt":{"rendered":"<p>Eine Wickelunterlage f\u00fcr Unterwegs. Die Liegefl\u00e4che ist aus abwaschbareren Baumwollstoff &#8211; falls mal was daneben geht \ud83d\ude09 Auch noch zwei Taschen, f\u00fcr Windeln und Feuchtt\u00fccher sind aufgen\u00e4ht. Zusammengehalten wird es aus einem Gummiband. Au\u00dfenstoff: Baumwolle<\/p>\n","protected":false},"featured_media":1164,"template":"","meta":{"_acf_changed":false},"product_brand":[],"product_cat":[38,98],"product_tag":[],"class_list":{"0":"post-1163","1":"product","2":"type-product","3":"status-publish","4":"has-post-thumbnail","6":"product_cat-baby-kinder","7":"product_cat-textilien","9":"first","10":"instock","11":"purchasable","12":"product-type-simple"},"acf":[],"_links":{"self":[{"href":"https:\/\/www.regionalis.shop\/marie-kreatives-naehen\/wp-json\/wp\/v2\/product\/1163","targetHints":{"allow":["GET"]}}],"collection":[{"href":"https:\/\/www.regionalis.shop\/marie-kreatives-naehen\/wp-json\/wp\/v2\/product"}],"about":[{"href":"https:\/\/www.regionalis.shop\/marie-kreatives-naehen\/wp-json\/wp\/v2\/types\/product"}],"wp:featuredmedia":[{"embeddable":true,"href":"https:\/\/www.regionalis.shop\/marie-kreatives-naehen\/wp-json\/wp\/v2\/media\/1164"}],"wp:attachment":[{"href":"https:\/\/www.regionalis.shop\/marie-kreatives-naehen\/wp-json\/wp\/v2\/media?parent=1163"}],"wp:term":[{"taxonomy":"product_brand","embeddable":true,"href":"https:\/\/www.regionalis.shop\/marie-kreatives-naehen\/wp-json\/wp\/v2\/product_brand?post=1163"},{"taxonomy":"product_cat","embeddable":true,"href":"https:\/\/www.regionalis.shop\/marie-kreatives-naehen\/wp-json\/wp\/v2\/product_cat?post=1163"},{"taxonomy":"product_tag","embeddable":true,"href":"https:\/\/www.regionalis.shop\/marie-kreatives-naehen\/wp-json\/wp\/v2\/product_tag?post=1163"}],"curies":[{"name":"wp","href":"https:\/\/api.w.org\/{rel}","templated":true}]}}