{"id":1168,"date":"2025-04-18T01:32:03","date_gmt":"2025-04-17T23:32:03","guid":{"rendered":"https:\/\/www.regionalis.shop\/marie-kreatives-naehen\/product\/kinderschuerze-hello-kitty\/"},"modified":"2025-04-18T01:32:03","modified_gmt":"2025-04-17T23:32:03","slug":"kinderschuerze-hello-kitty","status":"publish","type":"product","link":"https:\/\/www.regionalis.shop\/marie-kreatives-naehen\/shop\/kinderschuerze-hello-kitty\/","title":{"rendered":"Kindersch\u00fcrze &#8211; Hello Kitty"},"content":{"rendered":"<p>Damit auch die Kleinen in der K\u00fcche mithelfen k\u00f6nnen.<\/p>\n<p>Stoff: Baumwolle<\/p>\n","protected":false},"excerpt":{"rendered":"<p>Damit auch die Kleinen in der K\u00fcche mithelfen k\u00f6nnen. Stoff: Baumwolle<\/p>\n","protected":false},"featured_media":1169,"template":"","meta":{"_acf_changed":false},"product_brand":[],"product_cat":[38,49],"product_tag":[],"class_list":{"0":"post-1168","1":"product","2":"type-product","3":"status-publish","4":"has-post-thumbnail","6":"product_cat-baby-kinder","7":"product_cat-kinderkleidung","9":"first","10":"instock","11":"purchasable","12":"product-type-simple"},"acf":[],"_links":{"self":[{"href":"https:\/\/www.regionalis.shop\/marie-kreatives-naehen\/wp-json\/wp\/v2\/product\/1168","targetHints":{"allow":["GET"]}}],"collection":[{"href":"https:\/\/www.regionalis.shop\/marie-kreatives-naehen\/wp-json\/wp\/v2\/product"}],"about":[{"href":"https:\/\/www.regionalis.shop\/marie-kreatives-naehen\/wp-json\/wp\/v2\/types\/product"}],"wp:featuredmedia":[{"embeddable":true,"href":"https:\/\/www.regionalis.shop\/marie-kreatives-naehen\/wp-json\/wp\/v2\/media\/1169"}],"wp:attachment":[{"href":"https:\/\/www.regionalis.shop\/marie-kreatives-naehen\/wp-json\/wp\/v2\/media?parent=1168"}],"wp:term":[{"taxonomy":"product_brand","embeddable":true,"href":"https:\/\/www.regionalis.shop\/marie-kreatives-naehen\/wp-json\/wp\/v2\/product_brand?post=1168"},{"taxonomy":"product_cat","embeddable":true,"href":"https:\/\/www.regionalis.shop\/marie-kreatives-naehen\/wp-json\/wp\/v2\/product_cat?post=1168"},{"taxonomy":"product_tag","embeddable":true,"href":"https:\/\/www.regionalis.shop\/marie-kreatives-naehen\/wp-json\/wp\/v2\/product_tag?post=1168"}],"curies":[{"name":"wp","href":"https:\/\/api.w.org\/{rel}","templated":true}]}}