{"id":1186,"date":"2025-04-18T01:31:26","date_gmt":"2025-04-17T23:31:26","guid":{"rendered":"https:\/\/www.regionalis.shop\/marie-kreatives-naehen\/product\/babyschuhe-2\/"},"modified":"2025-04-18T01:31:26","modified_gmt":"2025-04-17T23:31:26","slug":"babyschuhe-2","status":"publish","type":"product","link":"https:\/\/www.regionalis.shop\/marie-kreatives-naehen\/shop\/babyschuhe-2\/","title":{"rendered":"Babyschuhe"},"content":{"rendered":"<p>Warme Babyschuhe, f\u00fcr Babyf\u00fc\u00dfchen ab ca. 4 Monate.<\/p>\n","protected":false},"excerpt":{"rendered":"<p>Warme Babyschuhe, f\u00fcr Babyf\u00fc\u00dfchen ab ca. 4 Monate.<\/p>\n","protected":false},"featured_media":1187,"template":"","meta":{"_acf_changed":false},"product_brand":[],"product_cat":[38,49],"product_tag":[],"class_list":{"0":"post-1186","1":"product","2":"type-product","3":"status-publish","4":"has-post-thumbnail","6":"product_cat-baby-kinder","7":"product_cat-kinderkleidung","9":"first","10":"instock","11":"purchasable","12":"product-type-simple"},"acf":[],"_links":{"self":[{"href":"https:\/\/www.regionalis.shop\/marie-kreatives-naehen\/wp-json\/wp\/v2\/product\/1186","targetHints":{"allow":["GET"]}}],"collection":[{"href":"https:\/\/www.regionalis.shop\/marie-kreatives-naehen\/wp-json\/wp\/v2\/product"}],"about":[{"href":"https:\/\/www.regionalis.shop\/marie-kreatives-naehen\/wp-json\/wp\/v2\/types\/product"}],"wp:featuredmedia":[{"embeddable":true,"href":"https:\/\/www.regionalis.shop\/marie-kreatives-naehen\/wp-json\/wp\/v2\/media\/1187"}],"wp:attachment":[{"href":"https:\/\/www.regionalis.shop\/marie-kreatives-naehen\/wp-json\/wp\/v2\/media?parent=1186"}],"wp:term":[{"taxonomy":"product_brand","embeddable":true,"href":"https:\/\/www.regionalis.shop\/marie-kreatives-naehen\/wp-json\/wp\/v2\/product_brand?post=1186"},{"taxonomy":"product_cat","embeddable":true,"href":"https:\/\/www.regionalis.shop\/marie-kreatives-naehen\/wp-json\/wp\/v2\/product_cat?post=1186"},{"taxonomy":"product_tag","embeddable":true,"href":"https:\/\/www.regionalis.shop\/marie-kreatives-naehen\/wp-json\/wp\/v2\/product_tag?post=1186"}],"curies":[{"name":"wp","href":"https:\/\/api.w.org\/{rel}","templated":true}]}}