{"id":1214,"date":"2025-04-18T01:30:54","date_gmt":"2025-04-17T23:30:54","guid":{"rendered":"https:\/\/www.regionalis.shop\/marie-kreatives-naehen\/product\/windeltaeschchen-blau-mit-ente\/"},"modified":"2025-04-18T01:30:54","modified_gmt":"2025-04-17T23:30:54","slug":"windeltaeschchen-blau-mit-ente","status":"publish","type":"product","link":"https:\/\/www.regionalis.shop\/marie-kreatives-naehen\/shop\/windeltaeschchen-blau-mit-ente\/","title":{"rendered":"Windelt\u00e4schchen &#8211; blau mit Ente"},"content":{"rendered":"<p>Die Windeltasche f\u00fcr Unterwegs.<br \/>\n1 Fach f\u00fcr Windeln<br \/>\n1 Fach f\u00fcr die Feuchtt\u00fccher mit \u00d6ffnung &#8211; einfach T\u00fccher herausziehen<br \/>\n1 Fach mit Rei\u00dfverschluss f\u00fcr Salben,&#8230;<br \/>\n1 Band f\u00fcr den Schnuller &#8211; damit er nicht verloren geht<\/p>\n<p>Stoff: Baumwolle<\/p>\n","protected":false},"excerpt":{"rendered":"<p>Die Windeltasche f\u00fcr Unterwegs. 1 Fach f\u00fcr Windeln 1 Fach f\u00fcr die Feuchtt\u00fccher mit \u00d6ffnung &#8211; einfach T\u00fccher herausziehen 1 Fach mit Rei\u00dfverschluss f\u00fcr Salben,&#8230; 1 Band f\u00fcr den Schnuller &#8211; damit er nicht verloren geht Stoff: Baumwolle<\/p>\n","protected":false},"featured_media":1215,"template":"","meta":{"_acf_changed":false},"product_brand":[],"product_cat":[38,96],"product_tag":[],"class_list":{"0":"post-1214","1":"product","2":"type-product","3":"status-publish","4":"has-post-thumbnail","6":"product_cat-baby-kinder","7":"product_cat-taschen-baby-kinder","9":"first","10":"instock","11":"purchasable","12":"product-type-simple"},"acf":[],"_links":{"self":[{"href":"https:\/\/www.regionalis.shop\/marie-kreatives-naehen\/wp-json\/wp\/v2\/product\/1214","targetHints":{"allow":["GET"]}}],"collection":[{"href":"https:\/\/www.regionalis.shop\/marie-kreatives-naehen\/wp-json\/wp\/v2\/product"}],"about":[{"href":"https:\/\/www.regionalis.shop\/marie-kreatives-naehen\/wp-json\/wp\/v2\/types\/product"}],"wp:featuredmedia":[{"embeddable":true,"href":"https:\/\/www.regionalis.shop\/marie-kreatives-naehen\/wp-json\/wp\/v2\/media\/1215"}],"wp:attachment":[{"href":"https:\/\/www.regionalis.shop\/marie-kreatives-naehen\/wp-json\/wp\/v2\/media?parent=1214"}],"wp:term":[{"taxonomy":"product_brand","embeddable":true,"href":"https:\/\/www.regionalis.shop\/marie-kreatives-naehen\/wp-json\/wp\/v2\/product_brand?post=1214"},{"taxonomy":"product_cat","embeddable":true,"href":"https:\/\/www.regionalis.shop\/marie-kreatives-naehen\/wp-json\/wp\/v2\/product_cat?post=1214"},{"taxonomy":"product_tag","embeddable":true,"href":"https:\/\/www.regionalis.shop\/marie-kreatives-naehen\/wp-json\/wp\/v2\/product_tag?post=1214"}],"curies":[{"name":"wp","href":"https:\/\/api.w.org\/{rel}","templated":true}]}}