{"id":1228,"date":"2025-04-18T01:30:10","date_gmt":"2025-04-17T23:30:10","guid":{"rendered":"https:\/\/www.regionalis.shop\/marie-kreatives-naehen\/product\/patchworkdecke-eule\/"},"modified":"2025-04-18T01:30:10","modified_gmt":"2025-04-17T23:30:10","slug":"patchworkdecke-eule","status":"publish","type":"product","link":"https:\/\/www.regionalis.shop\/marie-kreatives-naehen\/shop\/patchworkdecke-eule\/","title":{"rendered":"Patchworkdecke &#8211; Eule"},"content":{"rendered":"<p>Eine Patchworkdecke aus unterschiedlichen Streifen. Mit einer lieblichen Eulenapplikation. Mit Rei\u00dfverschluss, um die Decke oder Polster auszutauschen\/zu waschen.<br \/>\nEine d\u00fcnne Innendecke ist im Preis inbegriffen.<br \/>\nAuf Wunsch kann ich den Namen des Kindes noch aufsticken.<\/p>\n<p>Stoff: Baumwolle, R\u00fcckseite: wei\u00df<br \/>\n50x60cm<\/p>\n","protected":false},"excerpt":{"rendered":"<p>Eine Patchworkdecke aus unterschiedlichen Streifen. Mit einer lieblichen Eulenapplikation. Mit Rei\u00dfverschluss, um die Decke oder Polster auszutauschen\/zu waschen. Eine d\u00fcnne Innendecke ist im Preis inbegriffen. Auf Wunsch kann ich den Namen des Kindes noch aufsticken. Stoff: Baumwolle, R\u00fcckseite: wei\u00df 50x60cm<\/p>\n","protected":false},"featured_media":1229,"template":"","meta":{"_acf_changed":false},"product_brand":[],"product_cat":[38,98],"product_tag":[],"class_list":{"0":"post-1228","1":"product","2":"type-product","3":"status-publish","4":"has-post-thumbnail","6":"product_cat-baby-kinder","7":"product_cat-textilien","9":"first","10":"instock","11":"purchasable","12":"product-type-simple"},"acf":[],"_links":{"self":[{"href":"https:\/\/www.regionalis.shop\/marie-kreatives-naehen\/wp-json\/wp\/v2\/product\/1228","targetHints":{"allow":["GET"]}}],"collection":[{"href":"https:\/\/www.regionalis.shop\/marie-kreatives-naehen\/wp-json\/wp\/v2\/product"}],"about":[{"href":"https:\/\/www.regionalis.shop\/marie-kreatives-naehen\/wp-json\/wp\/v2\/types\/product"}],"wp:featuredmedia":[{"embeddable":true,"href":"https:\/\/www.regionalis.shop\/marie-kreatives-naehen\/wp-json\/wp\/v2\/media\/1229"}],"wp:attachment":[{"href":"https:\/\/www.regionalis.shop\/marie-kreatives-naehen\/wp-json\/wp\/v2\/media?parent=1228"}],"wp:term":[{"taxonomy":"product_brand","embeddable":true,"href":"https:\/\/www.regionalis.shop\/marie-kreatives-naehen\/wp-json\/wp\/v2\/product_brand?post=1228"},{"taxonomy":"product_cat","embeddable":true,"href":"https:\/\/www.regionalis.shop\/marie-kreatives-naehen\/wp-json\/wp\/v2\/product_cat?post=1228"},{"taxonomy":"product_tag","embeddable":true,"href":"https:\/\/www.regionalis.shop\/marie-kreatives-naehen\/wp-json\/wp\/v2\/product_tag?post=1228"}],"curies":[{"name":"wp","href":"https:\/\/api.w.org\/{rel}","templated":true}]}}