{"id":1140,"date":"2025-12-06T16:37:35","date_gmt":"2025-12-06T15:37:35","guid":{"rendered":"https:\/\/www.regionalis.shop\/maroma\/?post_type=product&#038;p=1140"},"modified":"2025-12-06T20:18:56","modified_gmt":"2025-12-06T19:18:56","slug":"hueftwaermer","status":"publish","type":"product","link":"https:\/\/www.regionalis.shop\/maroma\/shop\/hueftwaermer\/","title":{"rendered":"H\u00fcftw\u00e4rmer"},"content":{"rendered":"<ul>\n<li><img loading=\"lazy\" decoding=\"async\" class=\"alignnone size-medium wp-image-1141\" src=\"https:\/\/www.regionalis.shop\/app\/uploads\/sites\/387\/Screenshot_20251124-111225-300x300.png\" alt=\"\" width=\"300\" height=\"300\" srcset=\"https:\/\/www.regionalis.shop\/app\/uploads\/sites\/387\/Screenshot_20251124-111225-300x300.png 300w, https:\/\/www.regionalis.shop\/app\/uploads\/sites\/387\/Screenshot_20251124-111225-1024x1024.png 1024w, https:\/\/www.regionalis.shop\/app\/uploads\/sites\/387\/Screenshot_20251124-111225-150x150.png 150w, https:\/\/www.regionalis.shop\/app\/uploads\/sites\/387\/Screenshot_20251124-111225-768x767.png 768w, https:\/\/www.regionalis.shop\/app\/uploads\/sites\/387\/Screenshot_20251124-111225-600x599.png 600w, https:\/\/www.regionalis.shop\/app\/uploads\/sites\/387\/Screenshot_20251124-111225-100x100.png 100w, https:\/\/www.regionalis.shop\/app\/uploads\/sites\/387\/Screenshot_20251124-111225.png 1080w\" sizes=\"auto, (max-width: 300px) 100vw, 300px\" \/><\/li>\n<\/ul>\n","protected":false},"excerpt":{"rendered":"<p style=\"text-align: left\">Der H\u00fcftw\u00e4rmer aus Walkstoff ist ein perfekter Begleiter beim Gl\u00fchweinstand oder beim Winterspaziergang\/Wanderung. Individuelle Einstellung mit Klettverschluss.<\/p>\n<p>Erh\u00e4ltlich in den Farben:<\/p>\n<ol>\n<li>Hellgrau<\/li>\n<li>Grau markiert<\/li>\n<li>Schwarz<\/li>\n<li>Rot<\/li>\n<li>Magenta<\/li>\n<li>Petrol<\/li>\n<li>Beige<\/li>\n<li>Wollwei\u00df<\/li>\n<\/ol>\n<p>&nbsp;<\/p>\n","protected":false},"featured_media":1141,"template":"","meta":{"_acf_changed":false},"product_brand":[],"product_cat":[82],"product_tag":[176],"class_list":{"0":"post-1140","1":"product","2":"type-product","3":"status-publish","4":"has-post-thumbnail","6":"product_cat-sonstiges-accessoires","7":"product_tag-hueftwaermer","9":"first","10":"outofstock","11":"taxable","12":"shipping-taxable","13":"purchasable","14":"product-type-variable"},"acf":[],"_links":{"self":[{"href":"https:\/\/www.regionalis.shop\/maroma\/wp-json\/wp\/v2\/product\/1140","targetHints":{"allow":["GET"]}}],"collection":[{"href":"https:\/\/www.regionalis.shop\/maroma\/wp-json\/wp\/v2\/product"}],"about":[{"href":"https:\/\/www.regionalis.shop\/maroma\/wp-json\/wp\/v2\/types\/product"}],"wp:featuredmedia":[{"embeddable":true,"href":"https:\/\/www.regionalis.shop\/maroma\/wp-json\/wp\/v2\/media\/1141"}],"wp:attachment":[{"href":"https:\/\/www.regionalis.shop\/maroma\/wp-json\/wp\/v2\/media?parent=1140"}],"wp:term":[{"taxonomy":"product_brand","embeddable":true,"href":"https:\/\/www.regionalis.shop\/maroma\/wp-json\/wp\/v2\/product_brand?post=1140"},{"taxonomy":"product_cat","embeddable":true,"href":"https:\/\/www.regionalis.shop\/maroma\/wp-json\/wp\/v2\/product_cat?post=1140"},{"taxonomy":"product_tag","embeddable":true,"href":"https:\/\/www.regionalis.shop\/maroma\/wp-json\/wp\/v2\/product_tag?post=1140"}],"curies":[{"name":"wp","href":"https:\/\/api.w.org\/{rel}","templated":true}]}}