{"id":1303,"date":"2025-12-11T13:20:55","date_gmt":"2025-12-11T12:20:55","guid":{"rendered":"https:\/\/www.regionalis.shop\/maroma\/?post_type=product&#038;p=1303"},"modified":"2025-12-11T13:20:58","modified_gmt":"2025-12-11T12:20:58","slug":"buchtasche-2","status":"publish","type":"product","link":"https:\/\/www.regionalis.shop\/maroma\/shop\/buchtasche-2\/","title":{"rendered":"Buchtasche"},"content":{"rendered":"<p><img loading=\"lazy\" decoding=\"async\" class=\"alignnone size-medium wp-image-1304\" src=\"https:\/\/www.regionalis.shop\/app\/uploads\/sites\/387\/PXL_20251211_100532002-225x300.jpg\" alt=\"\" width=\"225\" height=\"300\" srcset=\"https:\/\/www.regionalis.shop\/app\/uploads\/sites\/387\/PXL_20251211_100532002-225x300.jpg 225w, https:\/\/www.regionalis.shop\/app\/uploads\/sites\/387\/PXL_20251211_100532002-769x1024.jpg 769w, https:\/\/www.regionalis.shop\/app\/uploads\/sites\/387\/PXL_20251211_100532002-768x1023.jpg 768w, https:\/\/www.regionalis.shop\/app\/uploads\/sites\/387\/PXL_20251211_100532002-1153x1536.jpg 1153w, https:\/\/www.regionalis.shop\/app\/uploads\/sites\/387\/PXL_20251211_100532002-1538x2048.jpg 1538w, https:\/\/www.regionalis.shop\/app\/uploads\/sites\/387\/PXL_20251211_100532002-600x799.jpg 600w, https:\/\/www.regionalis.shop\/app\/uploads\/sites\/387\/PXL_20251211_100532002-scaled.jpg 1922w\" sizes=\"auto, (max-width: 225px) 100vw, 225px\" \/><\/p>\n","protected":false},"excerpt":{"rendered":"<p>Buchtasche aus Softshell Stoff, Wasser abweisend, der perfekte Begleiter f\u00fcr deine B\u00fccher, damit sie gesch\u00fctzt sind!<\/p>\n","protected":false},"featured_media":1304,"template":"","meta":{"_acf_changed":false},"product_brand":[],"product_cat":[37],"product_tag":[],"class_list":{"0":"post-1303","1":"product","2":"type-product","3":"status-publish","4":"has-post-thumbnail","6":"product_cat-accessoires","8":"first","9":"instock","10":"taxable","11":"shipping-taxable","12":"purchasable","13":"product-type-simple"},"acf":[],"_links":{"self":[{"href":"https:\/\/www.regionalis.shop\/maroma\/wp-json\/wp\/v2\/product\/1303","targetHints":{"allow":["GET"]}}],"collection":[{"href":"https:\/\/www.regionalis.shop\/maroma\/wp-json\/wp\/v2\/product"}],"about":[{"href":"https:\/\/www.regionalis.shop\/maroma\/wp-json\/wp\/v2\/types\/product"}],"wp:featuredmedia":[{"embeddable":true,"href":"https:\/\/www.regionalis.shop\/maroma\/wp-json\/wp\/v2\/media\/1304"}],"wp:attachment":[{"href":"https:\/\/www.regionalis.shop\/maroma\/wp-json\/wp\/v2\/media?parent=1303"}],"wp:term":[{"taxonomy":"product_brand","embeddable":true,"href":"https:\/\/www.regionalis.shop\/maroma\/wp-json\/wp\/v2\/product_brand?post=1303"},{"taxonomy":"product_cat","embeddable":true,"href":"https:\/\/www.regionalis.shop\/maroma\/wp-json\/wp\/v2\/product_cat?post=1303"},{"taxonomy":"product_tag","embeddable":true,"href":"https:\/\/www.regionalis.shop\/maroma\/wp-json\/wp\/v2\/product_tag?post=1303"}],"curies":[{"name":"wp","href":"https:\/\/api.w.org\/{rel}","templated":true}]}}