{"id":1307,"date":"2025-12-11T13:25:06","date_gmt":"2025-12-11T12:25:06","guid":{"rendered":"https:\/\/www.regionalis.shop\/maroma\/?post_type=product&#038;p=1307"},"modified":"2025-12-11T13:25:10","modified_gmt":"2025-12-11T12:25:10","slug":"buchtasche-4","status":"publish","type":"product","link":"https:\/\/www.regionalis.shop\/maroma\/shop\/buchtasche-4\/","title":{"rendered":"Buchtasche"},"content":{"rendered":"<p><img loading=\"lazy\" decoding=\"async\" class=\"alignnone size-medium wp-image-1308\" src=\"https:\/\/www.regionalis.shop\/app\/uploads\/sites\/387\/PXL_20251211_100457970-225x300.jpg\" alt=\"\" width=\"225\" height=\"300\" srcset=\"https:\/\/www.regionalis.shop\/app\/uploads\/sites\/387\/PXL_20251211_100457970-225x300.jpg 225w, https:\/\/www.regionalis.shop\/app\/uploads\/sites\/387\/PXL_20251211_100457970-769x1024.jpg 769w, https:\/\/www.regionalis.shop\/app\/uploads\/sites\/387\/PXL_20251211_100457970-768x1023.jpg 768w, https:\/\/www.regionalis.shop\/app\/uploads\/sites\/387\/PXL_20251211_100457970-1153x1536.jpg 1153w, https:\/\/www.regionalis.shop\/app\/uploads\/sites\/387\/PXL_20251211_100457970-1538x2048.jpg 1538w, https:\/\/www.regionalis.shop\/app\/uploads\/sites\/387\/PXL_20251211_100457970-600x799.jpg 600w, https:\/\/www.regionalis.shop\/app\/uploads\/sites\/387\/PXL_20251211_100457970-scaled.jpg 1922w\" sizes=\"auto, (max-width: 225px) 100vw, 225px\" \/><\/p>\n","protected":false},"excerpt":{"rendered":"<blockquote>\n<p style=\"text-align: left\">Buchtasche aus Softshell Stoff, Wasser abweisend, der perfekte Begleiter f\u00fcr deine B\u00fccher damit sie gesch\u00fctzt sind!<\/p>\n<\/blockquote>\n","protected":false},"featured_media":1308,"template":"","meta":{"_acf_changed":false},"product_brand":[],"product_cat":[82],"product_tag":[],"class_list":{"0":"post-1307","1":"product","2":"type-product","3":"status-publish","4":"has-post-thumbnail","6":"product_cat-sonstiges-accessoires","8":"first","9":"instock","10":"taxable","11":"shipping-taxable","12":"purchasable","13":"product-type-simple"},"acf":[],"_links":{"self":[{"href":"https:\/\/www.regionalis.shop\/maroma\/wp-json\/wp\/v2\/product\/1307","targetHints":{"allow":["GET"]}}],"collection":[{"href":"https:\/\/www.regionalis.shop\/maroma\/wp-json\/wp\/v2\/product"}],"about":[{"href":"https:\/\/www.regionalis.shop\/maroma\/wp-json\/wp\/v2\/types\/product"}],"wp:featuredmedia":[{"embeddable":true,"href":"https:\/\/www.regionalis.shop\/maroma\/wp-json\/wp\/v2\/media\/1308"}],"wp:attachment":[{"href":"https:\/\/www.regionalis.shop\/maroma\/wp-json\/wp\/v2\/media?parent=1307"}],"wp:term":[{"taxonomy":"product_brand","embeddable":true,"href":"https:\/\/www.regionalis.shop\/maroma\/wp-json\/wp\/v2\/product_brand?post=1307"},{"taxonomy":"product_cat","embeddable":true,"href":"https:\/\/www.regionalis.shop\/maroma\/wp-json\/wp\/v2\/product_cat?post=1307"},{"taxonomy":"product_tag","embeddable":true,"href":"https:\/\/www.regionalis.shop\/maroma\/wp-json\/wp\/v2\/product_tag?post=1307"}],"curies":[{"name":"wp","href":"https:\/\/api.w.org\/{rel}","templated":true}]}}