{"id":862,"date":"2025-05-24T13:44:06","date_gmt":"2025-05-24T11:44:06","guid":{"rendered":"https:\/\/starter.stage.shop-it.at\/?page_id=862"},"modified":"2025-10-23T15:21:37","modified_gmt":"2025-10-23T13:21:37","slug":"startseite","status":"publish","type":"page","link":"https:\/\/www.regionalis.shop\/meran-mit-liebe-fuer-dich-handgemacht\/","title":{"rendered":"Startseite"},"content":{"rendered":"<section>\n        <div class=\"header-image\">\n            <img decoding=\"async\" src=\"https:\/\/www.regionalis.shop\/app\/uploads\/sites\/399\/4381_2021_11_27_20_45_26_937389401.png\" alt=\"\">\n        <\/div>\n    \n    <\/section>\n    <section>\n    <div class=\"header-title\">\n        <h1 class=\"h2\">Willkommen bei meran &#8211; mit Liebe f\u00fcr dich handgemacht<\/h1>\n    <\/div>\n            <h2 class=\"h3\">Handgemacht in St. Pantaleon-Erla<\/h2>\n                <p>Hallo, ich bin Andrea und freue mich, dass du bei meran gelandet bist! <\/p>\n<p>Hier findest du mit viel Liebe handgemachte Babyaccessoires, Kinderkleidung, Kopfbedeckungen f\u00fcr Gro\u00df und Klein und andere Einzelst\u00fccke sowie bedruckte Textilien, Tassen und andere Geschenk-\/Dekoartikel<\/p>\n\n    \n    <h3>Produkte<\/h3>\n\n    <div class=\"woocommerce columns-3 \"><ul class=\"products columns-3\">\n<li class=\"product type-product post-1053 status-publish first instock product_cat-baby-kinder product_cat-textilien has-post-thumbnail purchasable product-type-simple\">\n\t<a href=\"https:\/\/www.regionalis.shop\/meran-mit-liebe-fuer-dich-handgemacht\/shop\/badeponcho-kinder-bio-musselin-floral-ca-3-6-jahre-kapuze-altrosa-maedchen\/\" class=\"woocommerce-LoopProduct-link woocommerce-loop-product__link\"><div class=\"wc-block-grid__product-image\"><img loading=\"lazy\" decoding=\"async\" width=\"420\" height=\"420\" src=\"https:\/\/www.regionalis.shop\/app\/uploads\/sites\/399\/4381_2022_05_31_22_14_38_382214536.jpeg\" class=\"attachment-large size-large\" alt=\"Badeponcho Kinder Bio-Musselin floral ca 3-6 Jahre Kapuze altrosa M\u00e4dchen\" srcset=\"https:\/\/www.regionalis.shop\/app\/uploads\/sites\/399\/4381_2022_05_31_22_14_38_382214536.jpeg 420w, https:\/\/www.regionalis.shop\/app\/uploads\/sites\/399\/4381_2022_05_31_22_14_38_382214536-300x300.jpeg 300w, https:\/\/www.regionalis.shop\/app\/uploads\/sites\/399\/4381_2022_05_31_22_14_38_382214536-150x150.jpeg 150w, https:\/\/www.regionalis.shop\/app\/uploads\/sites\/399\/4381_2022_05_31_22_14_38_382214536-100x100.jpeg 100w\" sizes=\"auto, (max-width: 420px) 100vw, 420px\" \/><\/div><h2 class=\"woocommerce-loop-product__title\">Badeponcho Kinder Bio-Musselin floral ca 3-6 Jahre Kapuze altrosa M\u00e4dchen<\/h2>\n\t<span class=\"price\"><span class=\"woocommerce-Price-amount amount\"><bdi>35,00&nbsp;<span class=\"woocommerce-Price-currencySymbol\">&euro;<\/span><\/bdi><\/span><\/span>\n<\/a><\/li>\n<li class=\"product type-product post-1061 status-publish instock product_cat-baby-kinder product_cat-textilien has-post-thumbnail purchasable product-type-simple\">\n\t<a href=\"https:\/\/www.regionalis.shop\/meran-mit-liebe-fuer-dich-handgemacht\/shop\/strampelsack-loewe-gr-62-68-pucksack-schlafsack-indiander-babydecke\/\" class=\"woocommerce-LoopProduct-link woocommerce-loop-product__link\"><div class=\"wc-block-grid__product-image\"><img loading=\"lazy\" decoding=\"async\" width=\"420\" height=\"420\" src=\"https:\/\/www.regionalis.shop\/app\/uploads\/sites\/399\/4381_2022_04_26_21_05_22_405345683.jpeg\" class=\"attachment-large size-large\" alt=\"Strampelsack L\u00f6we Gr 62-68 Pucksack Schlafsack Indiander Babydecke\" srcset=\"https:\/\/www.regionalis.shop\/app\/uploads\/sites\/399\/4381_2022_04_26_21_05_22_405345683.jpeg 420w, https:\/\/www.regionalis.shop\/app\/uploads\/sites\/399\/4381_2022_04_26_21_05_22_405345683-300x300.jpeg 300w, https:\/\/www.regionalis.shop\/app\/uploads\/sites\/399\/4381_2022_04_26_21_05_22_405345683-150x150.jpeg 150w, https:\/\/www.regionalis.shop\/app\/uploads\/sites\/399\/4381_2022_04_26_21_05_22_405345683-100x100.jpeg 100w\" sizes=\"auto, (max-width: 420px) 100vw, 420px\" \/><\/div><h2 class=\"woocommerce-loop-product__title\">Strampelsack L\u00f6we Gr 62-68 Pucksack Schlafsack Indiander Babydecke<\/h2>\n\t<span class=\"price\"><span class=\"woocommerce-Price-amount amount\"><bdi>32,90&nbsp;<span class=\"woocommerce-Price-currencySymbol\">&euro;<\/span><\/bdi><\/span><\/span>\n<\/a><\/li>\n<li class=\"product type-product post-1058 status-publish last instock product_cat-baby-kinder product_cat-textilien has-post-thumbnail purchasable product-type-simple\">\n\t<a href=\"https:\/\/www.regionalis.shop\/meran-mit-liebe-fuer-dich-handgemacht\/shop\/strampelsack-eulen-gr-44-50-pucksack-schlafsack-fruehchen-geburtsgeschenk-baby\/\" class=\"woocommerce-LoopProduct-link woocommerce-loop-product__link\"><div class=\"wc-block-grid__product-image\"><img loading=\"lazy\" decoding=\"async\" width=\"420\" height=\"420\" src=\"https:\/\/www.regionalis.shop\/app\/uploads\/sites\/399\/4381_2022_04_26_21_08_50_659326620.jpeg\" class=\"attachment-large size-large\" alt=\"Strampelsack Eulen Gr 44-50 Pucksack Schlafsack Fr\u00fchchen Geburtsgeschenk Baby\" srcset=\"https:\/\/www.regionalis.shop\/app\/uploads\/sites\/399\/4381_2022_04_26_21_08_50_659326620.jpeg 420w, https:\/\/www.regionalis.shop\/app\/uploads\/sites\/399\/4381_2022_04_26_21_08_50_659326620-300x300.jpeg 300w, https:\/\/www.regionalis.shop\/app\/uploads\/sites\/399\/4381_2022_04_26_21_08_50_659326620-150x150.jpeg 150w, https:\/\/www.regionalis.shop\/app\/uploads\/sites\/399\/4381_2022_04_26_21_08_50_659326620-100x100.jpeg 100w\" sizes=\"auto, (max-width: 420px) 100vw, 420px\" \/><\/div><h2 class=\"woocommerce-loop-product__title\">Strampelsack Eulen Gr 44-50 Pucksack Schlafsack Fr\u00fchchen Geburtsgeschenk Baby<\/h2>\n\t<span class=\"price\"><span class=\"woocommerce-Price-amount amount\"><bdi>30,90&nbsp;<span class=\"woocommerce-Price-currencySymbol\">&euro;<\/span><\/bdi><\/span><\/span>\n<\/a><\/li>\n<\/ul>\n<\/div>\n    <p>\n        <a href=\"https:\/\/www.regionalis.shop\/meran-mit-liebe-fuer-dich-handgemacht\/shop\/\" class=\"btn btn-primary btn-icon-right\">\n            Alle Produkte <i class=\"bi bi-arrow-right-short\"><\/i>\n        <\/a>\n    <\/p>\n<\/section>\n\n<div data-block-name=\"woocommerce\/store-notices\" class=\"wc-block-store-notices woocommerce alignwide alignwide wp-block-woocommerce-store-notices\"><div class=\"woocommerce-notices-wrapper\"><\/div><\/div>","protected":false},"excerpt":{"rendered":"","protected":false},"author":1,"featured_media":0,"parent":0,"menu_order":0,"comment_status":"closed","ping_status":"closed","template":"template-home.blade.php","meta":{"_acf_changed":false,"footnotes":""},"class_list":["post-862","page","type-page","status-publish","hentry"],"acf":[],"_links":{"self":[{"href":"https:\/\/www.regionalis.shop\/meran-mit-liebe-fuer-dich-handgemacht\/wp-json\/wp\/v2\/pages\/862","targetHints":{"allow":["GET"]}}],"collection":[{"href":"https:\/\/www.regionalis.shop\/meran-mit-liebe-fuer-dich-handgemacht\/wp-json\/wp\/v2\/pages"}],"about":[{"href":"https:\/\/www.regionalis.shop\/meran-mit-liebe-fuer-dich-handgemacht\/wp-json\/wp\/v2\/types\/page"}],"author":[{"embeddable":true,"href":"https:\/\/www.regionalis.shop\/meran-mit-liebe-fuer-dich-handgemacht\/wp-json\/wp\/v2\/users\/1"}],"replies":[{"embeddable":true,"href":"https:\/\/www.regionalis.shop\/meran-mit-liebe-fuer-dich-handgemacht\/wp-json\/wp\/v2\/comments?post=862"}],"version-history":[{"count":28,"href":"https:\/\/www.regionalis.shop\/meran-mit-liebe-fuer-dich-handgemacht\/wp-json\/wp\/v2\/pages\/862\/revisions"}],"predecessor-version":[{"id":1041,"href":"https:\/\/www.regionalis.shop\/meran-mit-liebe-fuer-dich-handgemacht\/wp-json\/wp\/v2\/pages\/862\/revisions\/1041"}],"wp:attachment":[{"href":"https:\/\/www.regionalis.shop\/meran-mit-liebe-fuer-dich-handgemacht\/wp-json\/wp\/v2\/media?parent=862"}],"curies":[{"name":"wp","href":"https:\/\/api.w.org\/{rel}","templated":true}]}}