{"id":1053,"date":"2025-04-18T07:12:59","date_gmt":"2025-04-18T05:12:59","guid":{"rendered":"https:\/\/www.regionalis.shop\/meran-mit-liebe-fuer-dich-handgemacht\/product\/badeponcho-kinder-bio-musselin-floral-ca-3-6-jahre-kapuze-altrosa-maedchen\/"},"modified":"2025-04-18T07:12:59","modified_gmt":"2025-04-18T05:12:59","slug":"badeponcho-kinder-bio-musselin-floral-ca-3-6-jahre-kapuze-altrosa-maedchen","status":"publish","type":"product","link":"https:\/\/www.regionalis.shop\/meran-mit-liebe-fuer-dich-handgemacht\/shop\/badeponcho-kinder-bio-musselin-floral-ca-3-6-jahre-kapuze-altrosa-maedchen\/","title":{"rendered":"Badeponcho Kinder Bio-Musselin floral ca 3-6 Jahre Kapuze altrosa M\u00e4dchen"},"content":{"rendered":"<p>Der perfekte und vor allem praktische Begleiter im Frei-\/Hallenbad, am See, am Strand, zu Hause am Pool oder nach der Badewanne, der in keinem Kinder-Kleiderschrank und in keiner Badetasche fehlen sollte!<\/p>\n<p># Gr\u00f6\u00dfe 2: ca 3-6 Jahre \/ ca Gr 110-128<br \/>\n# weicher Bio-Musselin mit floralem Muster und altrosa Kapuze<br \/>\n# Kapuze doppellagig f\u00fcr bessere Saugf\u00e4higkeit<br \/>\n# mit Schlaufe zum Aufh\u00e4ngen<\/p>\n<p>Bitte bedenke, dass<br \/>\n&#8211; der Stoff nicht dehnbar und<br \/>\n&#8211; noch nicht vorgewaschen ist und daher beim Waschen noch etwas eingehen kann.<\/p>\n<p>Material: 100% Bio-Baumwolle, in der Waschmaschine waschbar (30-40\u00b0)<\/p>\n<p>Es wurde versucht, die Stoffe so farbgetreu als m\u00f6glich abzubilden. Dennoch k\u00f6nnen die tats\u00e4chlichen Farben aufgrund der Darstellung am Bildschirm\/Display etwas abweichen.<\/p>\n","protected":false},"excerpt":{"rendered":"<p>Der perfekte und vor allem praktische Begleiter im Frei-\/Hallenbad, am See, am Strand, zu Hause am Pool oder nach der Badewanne, der in keinem Kinder-Kleiderschrank und in keiner Badetasche fehlen sollte! # Gr\u00f6\u00dfe 2: ca 3-6 Jahre \/ ca Gr 110-128 # weicher Bio-Musselin mit floralem Muster und altrosa Kapuze # Kapuze doppellagig f\u00fcr bessere &hellip; <a href=\"https:\/\/www.regionalis.shop\/meran-mit-liebe-fuer-dich-handgemacht\/shop\/badeponcho-kinder-bio-musselin-floral-ca-3-6-jahre-kapuze-altrosa-maedchen\/\">Continued<\/a><\/p>\n","protected":false},"featured_media":1054,"template":"","meta":{"_acf_changed":false},"product_brand":[],"product_cat":[38,98],"product_tag":[],"class_list":{"0":"post-1053","1":"product","2":"type-product","3":"status-publish","4":"has-post-thumbnail","6":"product_cat-baby-kinder","7":"product_cat-textilien","9":"first","10":"instock","11":"purchasable","12":"product-type-simple"},"acf":[],"_links":{"self":[{"href":"https:\/\/www.regionalis.shop\/meran-mit-liebe-fuer-dich-handgemacht\/wp-json\/wp\/v2\/product\/1053","targetHints":{"allow":["GET"]}}],"collection":[{"href":"https:\/\/www.regionalis.shop\/meran-mit-liebe-fuer-dich-handgemacht\/wp-json\/wp\/v2\/product"}],"about":[{"href":"https:\/\/www.regionalis.shop\/meran-mit-liebe-fuer-dich-handgemacht\/wp-json\/wp\/v2\/types\/product"}],"wp:featuredmedia":[{"embeddable":true,"href":"https:\/\/www.regionalis.shop\/meran-mit-liebe-fuer-dich-handgemacht\/wp-json\/wp\/v2\/media\/1054"}],"wp:attachment":[{"href":"https:\/\/www.regionalis.shop\/meran-mit-liebe-fuer-dich-handgemacht\/wp-json\/wp\/v2\/media?parent=1053"}],"wp:term":[{"taxonomy":"product_brand","embeddable":true,"href":"https:\/\/www.regionalis.shop\/meran-mit-liebe-fuer-dich-handgemacht\/wp-json\/wp\/v2\/product_brand?post=1053"},{"taxonomy":"product_cat","embeddable":true,"href":"https:\/\/www.regionalis.shop\/meran-mit-liebe-fuer-dich-handgemacht\/wp-json\/wp\/v2\/product_cat?post=1053"},{"taxonomy":"product_tag","embeddable":true,"href":"https:\/\/www.regionalis.shop\/meran-mit-liebe-fuer-dich-handgemacht\/wp-json\/wp\/v2\/product_tag?post=1053"}],"curies":[{"name":"wp","href":"https:\/\/api.w.org\/{rel}","templated":true}]}}