{"id":1058,"date":"2025-04-18T07:01:06","date_gmt":"2025-04-18T05:01:06","guid":{"rendered":"https:\/\/www.regionalis.shop\/meran-mit-liebe-fuer-dich-handgemacht\/product\/strampelsack-eulen-gr-44-50-pucksack-schlafsack-fruehchen-geburtsgeschenk-baby\/"},"modified":"2025-04-18T07:01:06","modified_gmt":"2025-04-18T05:01:06","slug":"strampelsack-eulen-gr-44-50-pucksack-schlafsack-fruehchen-geburtsgeschenk-baby","status":"publish","type":"product","link":"https:\/\/www.regionalis.shop\/meran-mit-liebe-fuer-dich-handgemacht\/shop\/strampelsack-eulen-gr-44-50-pucksack-schlafsack-fruehchen-geburtsgeschenk-baby\/","title":{"rendered":"Strampelsack Eulen Gr 44-50 Pucksack Schlafsack Fr\u00fchchen Geburtsgeschenk Baby"},"content":{"rendered":"<p># Strampelsack \/ Schlafsack \/ oftmals auch als Pucksack bezeichnet<br \/>\n# Durch das dehnbare Bauchb\u00fcndchen flexibler in der Gr\u00f6\u00dfe als ein klassicher Schlafsack<br \/>\n# Bietet Babys\/Kindern die n\u00f6tige Beinfreiheit ohne sich freistrampeln zu k\u00f6nnen<br \/>\n# au\u00dfen weicher Sommersweat, innen Jersey<\/p>\n<p>Bitte bedenke, dass der Stoff noch nicht vorgewaschen ist und daher beim Waschen noch etwas eingehen kann<\/p>\n<p>Material: au\u00dfen Sommersweat (95% Baumwolle, 5% Elastan), innen Jersey (95% Baumwolle, 5% Elastan), in der Waschmaschine waschbar (Waschhinweise)<\/p>\n<p>Es wurde versucht, die Stoffe so farbgetreu als m\u00f6glich abzubilden. Dennoch k\u00f6nnen die tats\u00e4chlichen Farben aufgrund der Darstellung am Bildschirm\/Display etwas abweichen.<\/p>\n","protected":false},"excerpt":{"rendered":"<p># Strampelsack \/ Schlafsack \/ oftmals auch als Pucksack bezeichnet # Durch das dehnbare Bauchb\u00fcndchen flexibler in der Gr\u00f6\u00dfe als ein klassicher Schlafsack # Bietet Babys\/Kindern die n\u00f6tige Beinfreiheit ohne sich freistrampeln zu k\u00f6nnen # au\u00dfen weicher Sommersweat, innen Jersey Bitte bedenke, dass der Stoff noch nicht vorgewaschen ist und daher beim Waschen noch etwas &hellip; <a href=\"https:\/\/www.regionalis.shop\/meran-mit-liebe-fuer-dich-handgemacht\/shop\/strampelsack-eulen-gr-44-50-pucksack-schlafsack-fruehchen-geburtsgeschenk-baby\/\">Continued<\/a><\/p>\n","protected":false},"featured_media":1059,"template":"","meta":{"_acf_changed":false},"product_brand":[],"product_cat":[38,98],"product_tag":[],"class_list":{"0":"post-1058","1":"product","2":"type-product","3":"status-publish","4":"has-post-thumbnail","6":"product_cat-baby-kinder","7":"product_cat-textilien","9":"first","10":"instock","11":"purchasable","12":"product-type-simple"},"acf":[],"_links":{"self":[{"href":"https:\/\/www.regionalis.shop\/meran-mit-liebe-fuer-dich-handgemacht\/wp-json\/wp\/v2\/product\/1058","targetHints":{"allow":["GET"]}}],"collection":[{"href":"https:\/\/www.regionalis.shop\/meran-mit-liebe-fuer-dich-handgemacht\/wp-json\/wp\/v2\/product"}],"about":[{"href":"https:\/\/www.regionalis.shop\/meran-mit-liebe-fuer-dich-handgemacht\/wp-json\/wp\/v2\/types\/product"}],"wp:featuredmedia":[{"embeddable":true,"href":"https:\/\/www.regionalis.shop\/meran-mit-liebe-fuer-dich-handgemacht\/wp-json\/wp\/v2\/media\/1059"}],"wp:attachment":[{"href":"https:\/\/www.regionalis.shop\/meran-mit-liebe-fuer-dich-handgemacht\/wp-json\/wp\/v2\/media?parent=1058"}],"wp:term":[{"taxonomy":"product_brand","embeddable":true,"href":"https:\/\/www.regionalis.shop\/meran-mit-liebe-fuer-dich-handgemacht\/wp-json\/wp\/v2\/product_brand?post=1058"},{"taxonomy":"product_cat","embeddable":true,"href":"https:\/\/www.regionalis.shop\/meran-mit-liebe-fuer-dich-handgemacht\/wp-json\/wp\/v2\/product_cat?post=1058"},{"taxonomy":"product_tag","embeddable":true,"href":"https:\/\/www.regionalis.shop\/meran-mit-liebe-fuer-dich-handgemacht\/wp-json\/wp\/v2\/product_tag?post=1058"}],"curies":[{"name":"wp","href":"https:\/\/api.w.org\/{rel}","templated":true}]}}