{"id":1066,"date":"2025-04-18T05:26:15","date_gmt":"2025-04-18T03:26:15","guid":{"rendered":"https:\/\/www.regionalis.shop\/meran-mit-liebe-fuer-dich-handgemacht\/product\/beanie-hellgrau-rib-ku-60-61-mit-fleece-winter-warm-haube-muetze-herren\/"},"modified":"2025-04-18T05:26:15","modified_gmt":"2025-04-18T03:26:15","slug":"beanie-hellgrau-rib-ku-60-61-mit-fleece-winter-warm-haube-muetze-herren","status":"publish","type":"product","link":"https:\/\/www.regionalis.shop\/meran-mit-liebe-fuer-dich-handgemacht\/shop\/beanie-hellgrau-rib-ku-60-61-mit-fleece-winter-warm-haube-muetze-herren\/","title":{"rendered":"Beanie hellgrau rib KU 60\/61 mit Fleece Winter warm Haube M\u00fctze Herren"},"content":{"rendered":"<p>&#8211; modisches, l\u00e4ssiges Design<br \/>\n&#8211; sitzt locker und gem\u00fctlich<br \/>\n&#8211; sorgt dankt Fleece f\u00fcr warme Ohren<br \/>\n&#8211; perfekt f\u00fcr die kalte Jahreszeit<\/p>\n<p>Material: au\u00dfen Ottoman Rib Jersey (80% Baumwolle, 15% Polyester 5% Elastan), innen Sherpa-Fleece (90% Baumwolle 10% Polyester)<\/p>\n<p>Bitte bedenke, dass der Stoff noch nicht vorgewaschen ist und daher beim Waschen noch etwas eingehen kann.<\/p>\n<p>Es wurde versucht, die Stoffe so farbgetreu als m\u00f6glich abzubilden. Dennoch k\u00f6nnen die tats\u00e4chlichen Farben aufgrund der Darstellung am Bildschirm\/Display etwas abweichen.<\/p>\n","protected":false},"excerpt":{"rendered":"<p>&#8211; modisches, l\u00e4ssiges Design &#8211; sitzt locker und gem\u00fctlich &#8211; sorgt dankt Fleece f\u00fcr warme Ohren &#8211; perfekt f\u00fcr die kalte Jahreszeit Material: au\u00dfen Ottoman Rib Jersey (80% Baumwolle, 15% Polyester 5% Elastan), innen Sherpa-Fleece (90% Baumwolle 10% Polyester) Bitte bedenke, dass der Stoff noch nicht vorgewaschen ist und daher beim Waschen noch etwas eingehen &hellip; <a href=\"https:\/\/www.regionalis.shop\/meran-mit-liebe-fuer-dich-handgemacht\/shop\/beanie-hellgrau-rib-ku-60-61-mit-fleece-winter-warm-haube-muetze-herren\/\">Continued<\/a><\/p>\n","protected":false},"featured_media":1067,"template":"","meta":{"_acf_changed":false},"product_brand":[],"product_cat":[37,60],"product_tag":[],"class_list":{"0":"post-1066","1":"product","2":"type-product","3":"status-publish","4":"has-post-thumbnail","6":"product_cat-accessoires","7":"product_cat-muetzen-kappen","9":"first","10":"instock","11":"purchasable","12":"product-type-simple"},"acf":[],"_links":{"self":[{"href":"https:\/\/www.regionalis.shop\/meran-mit-liebe-fuer-dich-handgemacht\/wp-json\/wp\/v2\/product\/1066","targetHints":{"allow":["GET"]}}],"collection":[{"href":"https:\/\/www.regionalis.shop\/meran-mit-liebe-fuer-dich-handgemacht\/wp-json\/wp\/v2\/product"}],"about":[{"href":"https:\/\/www.regionalis.shop\/meran-mit-liebe-fuer-dich-handgemacht\/wp-json\/wp\/v2\/types\/product"}],"wp:featuredmedia":[{"embeddable":true,"href":"https:\/\/www.regionalis.shop\/meran-mit-liebe-fuer-dich-handgemacht\/wp-json\/wp\/v2\/media\/1067"}],"wp:attachment":[{"href":"https:\/\/www.regionalis.shop\/meran-mit-liebe-fuer-dich-handgemacht\/wp-json\/wp\/v2\/media?parent=1066"}],"wp:term":[{"taxonomy":"product_brand","embeddable":true,"href":"https:\/\/www.regionalis.shop\/meran-mit-liebe-fuer-dich-handgemacht\/wp-json\/wp\/v2\/product_brand?post=1066"},{"taxonomy":"product_cat","embeddable":true,"href":"https:\/\/www.regionalis.shop\/meran-mit-liebe-fuer-dich-handgemacht\/wp-json\/wp\/v2\/product_cat?post=1066"},{"taxonomy":"product_tag","embeddable":true,"href":"https:\/\/www.regionalis.shop\/meran-mit-liebe-fuer-dich-handgemacht\/wp-json\/wp\/v2\/product_tag?post=1066"}],"curies":[{"name":"wp","href":"https:\/\/api.w.org\/{rel}","templated":true}]}}