{"id":1070,"date":"2025-04-18T05:09:17","date_gmt":"2025-04-18T03:09:17","guid":{"rendered":"https:\/\/www.regionalis.shop\/meran-mit-liebe-fuer-dich-handgemacht\/product\/stillmuff-gallery-stillkissen-polster-stillen-kissen-baby-geburtsgeschenk\/"},"modified":"2025-04-18T05:09:17","modified_gmt":"2025-04-18T03:09:17","slug":"stillmuff-gallery-stillkissen-polster-stillen-kissen-baby-geburtsgeschenk","status":"publish","type":"product","link":"https:\/\/www.regionalis.shop\/meran-mit-liebe-fuer-dich-handgemacht\/shop\/stillmuff-gallery-stillkissen-polster-stillen-kissen-baby-geburtsgeschenk\/","title":{"rendered":"Stillmuff Gallery Stillkissen Polster Stillen Kissen Baby Geburtsgeschenk"},"content":{"rendered":"<p>Der Stillmuff wird \u00fcber den Arm gest\u00fclpt, sodass der Kopf des Babys beim Stillen, Fl\u00e4schen geben oder einfach beim gemeinsamen Kuscheln gem\u00fctlich gest\u00fctzt und gleichzeitig Arm und Schulter von Mama \/ Papa etc entlastet werden.<\/p>\n<p>&#8211; Mini-Stillkissen \/ Stillrolle (Breite ca 30 cm)<br \/>\n&#8211; Perfekt auch f\u00fcr unterwegs<br \/>\n&#8211; Kopfst\u00fctze f\u00fcr das Baby<br \/>\n&#8211; Entlastung beim Stillen, Fl\u00e4schen geben<br \/>\n&#8211; Gem\u00fctliche Kuschelzeit mit dem Baby<br \/>\n&#8211; Schwei\u00dfbarriere (kein aneinanderkleben)<br \/>\n&#8211; Optimal auch als Geschenk zur Geburt<\/p>\n<p>Material: Oberfl\u00e4che 100% Baumwolle, Innenfutter 100% Polyester, vorsichtig in der Waschmaschine waschbar, nicht b\u00fcgeln<\/p>\n<p>Die tats\u00e4chlichen Farben k\u00f6nnen aufgrund der Darstellung am Bildschirm leicht von den Abbildungen abweichen.<\/p>\n<p>Bild 3 und 4 dienen der Demonstration.<\/p>\n","protected":false},"excerpt":{"rendered":"<p>Der Stillmuff wird \u00fcber den Arm gest\u00fclpt, sodass der Kopf des Babys beim Stillen, Fl\u00e4schen geben oder einfach beim gemeinsamen Kuscheln gem\u00fctlich gest\u00fctzt und gleichzeitig Arm und Schulter von Mama \/ Papa etc entlastet werden. &#8211; Mini-Stillkissen \/ Stillrolle (Breite ca 30 cm) &#8211; Perfekt auch f\u00fcr unterwegs &#8211; Kopfst\u00fctze f\u00fcr das Baby &#8211; Entlastung &hellip; <a href=\"https:\/\/www.regionalis.shop\/meran-mit-liebe-fuer-dich-handgemacht\/shop\/stillmuff-gallery-stillkissen-polster-stillen-kissen-baby-geburtsgeschenk\/\">Continued<\/a><\/p>\n","protected":false},"featured_media":1071,"template":"","meta":{"_acf_changed":false},"product_brand":[],"product_cat":[38,80],"product_tag":[],"class_list":{"0":"post-1070","1":"product","2":"type-product","3":"status-publish","4":"has-post-thumbnail","6":"product_cat-baby-kinder","7":"product_cat-sonstiges-baby-kinder","9":"first","10":"instock","11":"purchasable","12":"product-type-simple"},"acf":[],"_links":{"self":[{"href":"https:\/\/www.regionalis.shop\/meran-mit-liebe-fuer-dich-handgemacht\/wp-json\/wp\/v2\/product\/1070","targetHints":{"allow":["GET"]}}],"collection":[{"href":"https:\/\/www.regionalis.shop\/meran-mit-liebe-fuer-dich-handgemacht\/wp-json\/wp\/v2\/product"}],"about":[{"href":"https:\/\/www.regionalis.shop\/meran-mit-liebe-fuer-dich-handgemacht\/wp-json\/wp\/v2\/types\/product"}],"wp:featuredmedia":[{"embeddable":true,"href":"https:\/\/www.regionalis.shop\/meran-mit-liebe-fuer-dich-handgemacht\/wp-json\/wp\/v2\/media\/1071"}],"wp:attachment":[{"href":"https:\/\/www.regionalis.shop\/meran-mit-liebe-fuer-dich-handgemacht\/wp-json\/wp\/v2\/media?parent=1070"}],"wp:term":[{"taxonomy":"product_brand","embeddable":true,"href":"https:\/\/www.regionalis.shop\/meran-mit-liebe-fuer-dich-handgemacht\/wp-json\/wp\/v2\/product_brand?post=1070"},{"taxonomy":"product_cat","embeddable":true,"href":"https:\/\/www.regionalis.shop\/meran-mit-liebe-fuer-dich-handgemacht\/wp-json\/wp\/v2\/product_cat?post=1070"},{"taxonomy":"product_tag","embeddable":true,"href":"https:\/\/www.regionalis.shop\/meran-mit-liebe-fuer-dich-handgemacht\/wp-json\/wp\/v2\/product_tag?post=1070"}],"curies":[{"name":"wp","href":"https:\/\/api.w.org\/{rel}","templated":true}]}}