{"id":1089,"date":"2025-04-18T03:11:22","date_gmt":"2025-04-18T01:11:22","guid":{"rendered":"https:\/\/www.regionalis.shop\/meran-mit-liebe-fuer-dich-handgemacht\/product\/knotenstirnband-butterflys-flowers-ku-49-50-cm-stirnband-baby-kinder-fruehling\/"},"modified":"2025-04-18T03:11:22","modified_gmt":"2025-04-18T01:11:22","slug":"knotenstirnband-butterflys-flowers-ku-49-50-cm-stirnband-baby-kinder-fruehling","status":"publish","type":"product","link":"https:\/\/www.regionalis.shop\/meran-mit-liebe-fuer-dich-handgemacht\/shop\/knotenstirnband-butterflys-flowers-ku-49-50-cm-stirnband-baby-kinder-fruehling\/","title":{"rendered":"Knotenstirnband butterflys &#038; flowers KU 49-50 cm Stirnband Baby Kinder Fr\u00fchling"},"content":{"rendered":"<p>&#8211; Kopfumfang 49-50 cm<br \/>\n&#8211; weitere Gr\u00f6\u00dfen bestellbar (Lieferzeit ca 2 Wochen)<br \/>\n&#8211; modisches Design<br \/>\n&#8211; Breite variiert je nach Kopfumfang (6 bis 9 cm)<br \/>\n&#8211; perfekt f\u00fcr Fr\u00fchling, Herbst und k\u00fchle Sommertage<br \/>\n&#8211; auch als Haarband tragbar<\/p>\n<p>Material: Jersey (95% Baumwolle, 5% Elastan), in der Waschmaschine waschbar (30\u00b0).<br \/>\nStoff ist nicht vorgewaschen, kann ggf. noch etwas einlaufen.<\/p>\n<p>Die tats\u00e4chlichen Farben k\u00f6nnen aufgrund der Darstellung am Bildschirm leicht von den Abbildungen abweichen.<\/p>\n","protected":false},"excerpt":{"rendered":"<p>&#8211; Kopfumfang 49-50 cm &#8211; weitere Gr\u00f6\u00dfen bestellbar (Lieferzeit ca 2 Wochen) &#8211; modisches Design &#8211; Breite variiert je nach Kopfumfang (6 bis 9 cm) &#8211; perfekt f\u00fcr Fr\u00fchling, Herbst und k\u00fchle Sommertage &#8211; auch als Haarband tragbar Material: Jersey (95% Baumwolle, 5% Elastan), in der Waschmaschine waschbar (30\u00b0). Stoff ist nicht vorgewaschen, kann ggf. &hellip; <a href=\"https:\/\/www.regionalis.shop\/meran-mit-liebe-fuer-dich-handgemacht\/shop\/knotenstirnband-butterflys-flowers-ku-49-50-cm-stirnband-baby-kinder-fruehling\/\">Continued<\/a><\/p>\n","protected":false},"featured_media":1090,"template":"","meta":{"_acf_changed":false},"product_brand":[],"product_cat":[107,38],"product_tag":[],"class_list":{"0":"post-1089","1":"product","2":"type-product","3":"status-publish","4":"has-post-thumbnail","6":"product_cat-accessoires-baby-kinder","7":"product_cat-baby-kinder","9":"first","10":"instock","11":"purchasable","12":"product-type-simple"},"acf":[],"_links":{"self":[{"href":"https:\/\/www.regionalis.shop\/meran-mit-liebe-fuer-dich-handgemacht\/wp-json\/wp\/v2\/product\/1089","targetHints":{"allow":["GET"]}}],"collection":[{"href":"https:\/\/www.regionalis.shop\/meran-mit-liebe-fuer-dich-handgemacht\/wp-json\/wp\/v2\/product"}],"about":[{"href":"https:\/\/www.regionalis.shop\/meran-mit-liebe-fuer-dich-handgemacht\/wp-json\/wp\/v2\/types\/product"}],"wp:featuredmedia":[{"embeddable":true,"href":"https:\/\/www.regionalis.shop\/meran-mit-liebe-fuer-dich-handgemacht\/wp-json\/wp\/v2\/media\/1090"}],"wp:attachment":[{"href":"https:\/\/www.regionalis.shop\/meran-mit-liebe-fuer-dich-handgemacht\/wp-json\/wp\/v2\/media?parent=1089"}],"wp:term":[{"taxonomy":"product_brand","embeddable":true,"href":"https:\/\/www.regionalis.shop\/meran-mit-liebe-fuer-dich-handgemacht\/wp-json\/wp\/v2\/product_brand?post=1089"},{"taxonomy":"product_cat","embeddable":true,"href":"https:\/\/www.regionalis.shop\/meran-mit-liebe-fuer-dich-handgemacht\/wp-json\/wp\/v2\/product_cat?post=1089"},{"taxonomy":"product_tag","embeddable":true,"href":"https:\/\/www.regionalis.shop\/meran-mit-liebe-fuer-dich-handgemacht\/wp-json\/wp\/v2\/product_tag?post=1089"}],"curies":[{"name":"wp","href":"https:\/\/api.w.org\/{rel}","templated":true}]}}