{"id":1106,"date":"2025-04-18T03:10:49","date_gmt":"2025-04-18T01:10:49","guid":{"rendered":"https:\/\/www.regionalis.shop\/meran-mit-liebe-fuer-dich-handgemacht\/product\/sommerkopftuch-ku-46-49-kopftuch-sommer-sonnenschutz-wandern-fruehling\/"},"modified":"2025-04-18T03:10:49","modified_gmt":"2025-04-18T01:10:49","slug":"sommerkopftuch-ku-46-49-kopftuch-sommer-sonnenschutz-wandern-fruehling","status":"publish","type":"product","link":"https:\/\/www.regionalis.shop\/meran-mit-liebe-fuer-dich-handgemacht\/shop\/sommerkopftuch-ku-46-49-kopftuch-sommer-sonnenschutz-wandern-fruehling\/","title":{"rendered":"Sommerkopftuch KU 46-49 Kopftuch Sommer Sonnenschutz Wandern Fr\u00fchling"},"content":{"rendered":"<p>&#8211; Kopfumfang 46-49 cm sofort verf\u00fcgbar<br \/>\n&#8211; weitere Gr\u00f6\u00dfen gerne auf Anfrage (Lieferzeit 1-2 Wochen)<br \/>\n&#8211; einlagig<br \/>\n&#8211; Sonnenschutz<br \/>\n&#8211; Sonnenschirm (mit B\u00fcgelvlies verst\u00e4rkt)<br \/>\n&#8211; zum Binden im Nacken<\/p>\n<p>Material:Baumwolle (100%), in der Waschmaschine waschbar (30\u00b0)<br \/>\nStoff ist nicht vorgewaschen, kann ggf. noch etwas einlaufen.<br \/>\nDie tats\u00e4chlichen Farben k\u00f6nnen aufgrund der Darstellung am Bildschirm leicht von den Abbildungen abweichen.<\/p>\n","protected":false},"excerpt":{"rendered":"<p>&#8211; Kopfumfang 46-49 cm sofort verf\u00fcgbar &#8211; weitere Gr\u00f6\u00dfen gerne auf Anfrage (Lieferzeit 1-2 Wochen) &#8211; einlagig &#8211; Sonnenschutz &#8211; Sonnenschirm (mit B\u00fcgelvlies verst\u00e4rkt) &#8211; zum Binden im Nacken Material:Baumwolle (100%), in der Waschmaschine waschbar (30\u00b0) Stoff ist nicht vorgewaschen, kann ggf. noch etwas einlaufen. Die tats\u00e4chlichen Farben k\u00f6nnen aufgrund der Darstellung am Bildschirm leicht &hellip; <a href=\"https:\/\/www.regionalis.shop\/meran-mit-liebe-fuer-dich-handgemacht\/shop\/sommerkopftuch-ku-46-49-kopftuch-sommer-sonnenschutz-wandern-fruehling\/\">Continued<\/a><\/p>\n","protected":false},"featured_media":1107,"template":"","meta":{"_acf_changed":false},"product_brand":[],"product_cat":[107,38],"product_tag":[],"class_list":{"0":"post-1106","1":"product","2":"type-product","3":"status-publish","4":"has-post-thumbnail","6":"product_cat-accessoires-baby-kinder","7":"product_cat-baby-kinder","9":"first","10":"instock","11":"purchasable","12":"product-type-simple"},"acf":[],"_links":{"self":[{"href":"https:\/\/www.regionalis.shop\/meran-mit-liebe-fuer-dich-handgemacht\/wp-json\/wp\/v2\/product\/1106","targetHints":{"allow":["GET"]}}],"collection":[{"href":"https:\/\/www.regionalis.shop\/meran-mit-liebe-fuer-dich-handgemacht\/wp-json\/wp\/v2\/product"}],"about":[{"href":"https:\/\/www.regionalis.shop\/meran-mit-liebe-fuer-dich-handgemacht\/wp-json\/wp\/v2\/types\/product"}],"wp:featuredmedia":[{"embeddable":true,"href":"https:\/\/www.regionalis.shop\/meran-mit-liebe-fuer-dich-handgemacht\/wp-json\/wp\/v2\/media\/1107"}],"wp:attachment":[{"href":"https:\/\/www.regionalis.shop\/meran-mit-liebe-fuer-dich-handgemacht\/wp-json\/wp\/v2\/media?parent=1106"}],"wp:term":[{"taxonomy":"product_brand","embeddable":true,"href":"https:\/\/www.regionalis.shop\/meran-mit-liebe-fuer-dich-handgemacht\/wp-json\/wp\/v2\/product_brand?post=1106"},{"taxonomy":"product_cat","embeddable":true,"href":"https:\/\/www.regionalis.shop\/meran-mit-liebe-fuer-dich-handgemacht\/wp-json\/wp\/v2\/product_cat?post=1106"},{"taxonomy":"product_tag","embeddable":true,"href":"https:\/\/www.regionalis.shop\/meran-mit-liebe-fuer-dich-handgemacht\/wp-json\/wp\/v2\/product_tag?post=1106"}],"curies":[{"name":"wp","href":"https:\/\/api.w.org\/{rel}","templated":true}]}}