{"id":1042,"date":"2025-10-23T16:14:07","date_gmt":"2025-10-23T14:14:07","guid":{"rendered":"https:\/\/www.regionalis.shop\/messerwerk\/?page_id=1042"},"modified":"2025-10-23T16:16:34","modified_gmt":"2025-10-23T14:16:34","slug":"impressum","status":"publish","type":"page","link":"https:\/\/www.regionalis.shop\/messerwerk\/impressum\/","title":{"rendered":"Impressum"},"content":{"rendered":"<section>\n            <p>&#8212; &#8211; Messeranfertigung&#8211;<br \/>\n&#8212; &#8211; Jagd &#038; Outdoor&#8211;<br \/>\n&#8212; &#8211; Professioneller Schleifservice&#8211; <\/p>\n<p>Ich fertige in meiner Werkstatt Einzelst\u00fccke f\u00fcr die Ewigkeit \u2013 jedes ist ein Unikat! Egal ob K\u00fcchenmesser, Jagdmesser, Brief\u00f6ffner, Flaschen\u00f6ffner, Feuerstahl \u2013 alles wird individuell und mit sorgf\u00e4ltiger Handarbeit hergestellt &#8211; stets mit dem Ziel hochwertige und vor allem langlebige Produkte zu erzeugen. Ein professioneller Schleifservice f\u00fcr verschiedenste Schneidwerkzeuge runden mein Angebot ab!<\/p>\n\n    <\/section>","protected":false},"excerpt":{"rendered":"","protected":false},"author":1,"featured_media":0,"parent":0,"menu_order":0,"comment_status":"closed","ping_status":"closed","template":"","meta":{"_acf_changed":false,"footnotes":""},"class_list":["post-1042","page","type-page","status-publish","hentry"],"acf":[],"_links":{"self":[{"href":"https:\/\/www.regionalis.shop\/messerwerk\/wp-json\/wp\/v2\/pages\/1042","targetHints":{"allow":["GET"]}}],"collection":[{"href":"https:\/\/www.regionalis.shop\/messerwerk\/wp-json\/wp\/v2\/pages"}],"about":[{"href":"https:\/\/www.regionalis.shop\/messerwerk\/wp-json\/wp\/v2\/types\/page"}],"author":[{"embeddable":true,"href":"https:\/\/www.regionalis.shop\/messerwerk\/wp-json\/wp\/v2\/users\/1"}],"replies":[{"embeddable":true,"href":"https:\/\/www.regionalis.shop\/messerwerk\/wp-json\/wp\/v2\/comments?post=1042"}],"version-history":[{"count":2,"href":"https:\/\/www.regionalis.shop\/messerwerk\/wp-json\/wp\/v2\/pages\/1042\/revisions"}],"predecessor-version":[{"id":1044,"href":"https:\/\/www.regionalis.shop\/messerwerk\/wp-json\/wp\/v2\/pages\/1042\/revisions\/1044"}],"wp:attachment":[{"href":"https:\/\/www.regionalis.shop\/messerwerk\/wp-json\/wp\/v2\/media?parent=1042"}],"curies":[{"name":"wp","href":"https:\/\/api.w.org\/{rel}","templated":true}]}}