{"id":1058,"date":"2025-04-18T12:20:59","date_gmt":"2025-04-18T10:20:59","guid":{"rendered":"https:\/\/www.regionalis.shop\/messerwerk\/product\/briefoeffner-buche\/"},"modified":"2025-04-18T12:20:59","modified_gmt":"2025-04-18T10:20:59","slug":"briefoeffner-buche","status":"publish","type":"product","link":"https:\/\/www.regionalis.shop\/messerwerk\/shop\/briefoeffner-buche\/","title":{"rendered":"Brief\u00f6ffner &#8211; Buche"},"content":{"rendered":"<p>__Wundersch\u00f6ner handgefertigter Brief\u00f6ffner mit Holzgriff__<\/p>\n<p>&#8211;Stahl:&#8211; Vernickelt<\/p>\n<p>&#8211;Griffmaterial:&#8211; Buche, nat\u00fcrlich ge\u00f6lt<\/p>\n<p>&#8211;L\u00e4nge:&#8211; 215 mm<\/p>\n<p>Mit sorgf\u00e4ltiger Handarbeit hergestellter Brief\u00f6ffner \u2013 jeder ist ein Unikat!<\/p>\n<p>Der Brief\u00f6ffner liegt gut in der Hand und der Griff aus Holz sorgt f\u00fcr eine gute Haptik. Das Holz wird ausschlie\u00dflich mit nat\u00fcrlichem \u00d6l oder Wachs behandelt \u2013 dadurch ist es optimal gesch\u00fctzt, die Maserung wird sch\u00f6n hervorgehoben und das angenehm warme Gef\u00fchl des Holzes bleibt erhalten.<\/p>\n<p>Egal ob f\u00fcr den t\u00e4glichen Gebrauch oder als Geschenk \u2013 dieser Brief\u00f6ffner ist der ideale Begleiter f\u00fcr B\u00fcro und Haushalt.<\/p>\n<p>Auf Wunsch ist nat\u00fcrlich auch eine pers\u00f6nliche Gravur mit Brandmalkolben m\u00f6glich \u2013 Aufpreis: \u20ac 7,-<\/p>\n<p>__Abbildung \u00e4hnlich:__ Holz ist ein Naturprodukt und unterliegt nat\u00fcrlichen Schwankungen &#8211; Maserung, Farbe und Ma\u00dfe k\u00f6nnen daher geringf\u00fcgig abweichen.<\/p>\n","protected":false},"excerpt":{"rendered":"<p>__Wundersch\u00f6ner handgefertigter Brief\u00f6ffner mit Holzgriff__ &#8211;Stahl:&#8211; Vernickelt &#8211;Griffmaterial:&#8211; Buche, nat\u00fcrlich ge\u00f6lt &#8211;L\u00e4nge:&#8211; 215 mm Mit sorgf\u00e4ltiger Handarbeit hergestellter Brief\u00f6ffner \u2013 jeder ist ein Unikat! Der Brief\u00f6ffner liegt gut in der Hand und der Griff aus Holz sorgt f\u00fcr eine gute Haptik. Das Holz wird ausschlie\u00dflich mit nat\u00fcrlichem \u00d6l oder Wachs behandelt \u2013 dadurch ist es &hellip; <a href=\"https:\/\/www.regionalis.shop\/messerwerk\/shop\/briefoeffner-buche\/\">Continued<\/a><\/p>\n","protected":false},"featured_media":1059,"template":"","meta":{"_acf_changed":false},"product_brand":[],"product_cat":[37,82],"product_tag":[],"class_list":{"0":"post-1058","1":"product","2":"type-product","3":"status-publish","4":"has-post-thumbnail","6":"product_cat-accessoires","7":"product_cat-sonstiges-accessoires","9":"first","10":"instock","11":"purchasable","12":"product-type-simple"},"acf":[],"_links":{"self":[{"href":"https:\/\/www.regionalis.shop\/messerwerk\/wp-json\/wp\/v2\/product\/1058","targetHints":{"allow":["GET"]}}],"collection":[{"href":"https:\/\/www.regionalis.shop\/messerwerk\/wp-json\/wp\/v2\/product"}],"about":[{"href":"https:\/\/www.regionalis.shop\/messerwerk\/wp-json\/wp\/v2\/types\/product"}],"wp:featuredmedia":[{"embeddable":true,"href":"https:\/\/www.regionalis.shop\/messerwerk\/wp-json\/wp\/v2\/media\/1059"}],"wp:attachment":[{"href":"https:\/\/www.regionalis.shop\/messerwerk\/wp-json\/wp\/v2\/media?parent=1058"}],"wp:term":[{"taxonomy":"product_brand","embeddable":true,"href":"https:\/\/www.regionalis.shop\/messerwerk\/wp-json\/wp\/v2\/product_brand?post=1058"},{"taxonomy":"product_cat","embeddable":true,"href":"https:\/\/www.regionalis.shop\/messerwerk\/wp-json\/wp\/v2\/product_cat?post=1058"},{"taxonomy":"product_tag","embeddable":true,"href":"https:\/\/www.regionalis.shop\/messerwerk\/wp-json\/wp\/v2\/product_tag?post=1058"}],"curies":[{"name":"wp","href":"https:\/\/api.w.org\/{rel}","templated":true}]}}