{"id":108,"date":"2024-03-04T10:57:41","date_gmt":"2024-03-04T10:57:41","guid":{"rendered":"https:\/\/stage.shop-it.at\/?page_id=108"},"modified":"2025-10-21T17:33:35","modified_gmt":"2025-10-21T15:33:35","slug":"info","status":"publish","type":"page","link":"https:\/\/www.regionalis.shop\/minona-design\/info\/","title":{"rendered":"Info"},"content":{"rendered":"<section>\n            <p>Vielen Dank f\u00fcr Ihr Besuch in der farbenfrohen und vertr\u00e4umten Welt von Minona Design aus Bad V\u00f6slau! <\/p>\n<p>Ich entwerfe tragbaren Kunstschmuck und versuche gleichzeitig, einen Funken in meinen Alltagsbekleidung zu bringen. <\/p>\n<p>Alle meine St\u00fccke sind Unikaten, da ich meine Komponente in Handarbeit herstelle. Ohrringe zu kreieren bereitet mir gro\u00dfe Freude. Jedes Paar ist wie ein kleines Kunstwerk und es sind die Unvollkommenheiten, die sie wirklich besonders machen. <\/p>\n<p>Ich hoffe, Sie tragen meinen Ohrringe genauso gerne, wie ich sie erschaffen habe!<\/p>\n<p>Woher kommt der Name Minona?<br \/>\nDer Name Minona ergibt r\u00fcckw\u00e4rts gelesen Anonim. &#8222;Die Tochter des bedeutendsten lebenden Musikers sollte in Anonymit\u00e4t aufwachsen&#8220;. Minona von Stackelberg \u2013 die Tochter Ludwig van Beethovens. Neun Monate vor ihrer Geburt im April 1813 schrieb der Komponist den Brief \u201eAn die unsterbliche Geliebte\u201c, aller Wahrscheinlichkeit nach Minonas Mutter Josephine von Stackelberg, geborene Brunsvik de Korompa&#8230;Ich liebe diese Geschichte. Darum habe ich mein Label Minona Design genannt.<\/p>\n\n    <\/section>\n\n\n<p><\/p>\n","protected":false},"excerpt":{"rendered":"","protected":false},"author":1,"featured_media":0,"parent":0,"menu_order":0,"comment_status":"closed","ping_status":"closed","template":"","meta":{"_acf_changed":false,"footnotes":""},"class_list":["post-108","page","type-page","status-publish","hentry"],"acf":[],"_links":{"self":[{"href":"https:\/\/www.regionalis.shop\/minona-design\/wp-json\/wp\/v2\/pages\/108","targetHints":{"allow":["GET"]}}],"collection":[{"href":"https:\/\/www.regionalis.shop\/minona-design\/wp-json\/wp\/v2\/pages"}],"about":[{"href":"https:\/\/www.regionalis.shop\/minona-design\/wp-json\/wp\/v2\/types\/page"}],"author":[{"embeddable":true,"href":"https:\/\/www.regionalis.shop\/minona-design\/wp-json\/wp\/v2\/users\/1"}],"replies":[{"embeddable":true,"href":"https:\/\/www.regionalis.shop\/minona-design\/wp-json\/wp\/v2\/comments?post=108"}],"version-history":[{"count":39,"href":"https:\/\/www.regionalis.shop\/minona-design\/wp-json\/wp\/v2\/pages\/108\/revisions"}],"predecessor-version":[{"id":1028,"href":"https:\/\/www.regionalis.shop\/minona-design\/wp-json\/wp\/v2\/pages\/108\/revisions\/1028"}],"wp:attachment":[{"href":"https:\/\/www.regionalis.shop\/minona-design\/wp-json\/wp\/v2\/media?parent=108"}],"curies":[{"name":"wp","href":"https:\/\/api.w.org\/{rel}","templated":true}]}}