{"id":862,"date":"2025-05-24T13:44:06","date_gmt":"2025-05-24T11:44:06","guid":{"rendered":"https:\/\/starter.stage.shop-it.at\/?page_id=862"},"modified":"2025-10-23T15:21:37","modified_gmt":"2025-10-23T13:21:37","slug":"startseite","status":"publish","type":"page","link":"https:\/\/www.regionalis.shop\/minona-design\/","title":{"rendered":"Startseite"},"content":{"rendered":"<section>\n        <div class=\"header-image\">\n            <img decoding=\"async\" src=\"https:\/\/www.regionalis.shop\/app\/uploads\/sites\/405\/811_2020_01_13_15_02_37_651721843.jpeg\" alt=\"\">\n        <\/div>\n    \n    <\/section>\n    <section>\n    <div class=\"header-title\">\n        <h1 class=\"h2\">Willkommen bei Minona Design<\/h1>\n    <\/div>\n            <h2 class=\"h3\">Handgemacht in Bad V\u00f6slau<\/h2>\n                <p>Vielen Dank f\u00fcr Ihr Besuch in der farbenfrohen und vertr\u00e4umten Welt von Minona Design aus Bad V\u00f6slau! <\/p>\n<p>Ich entwerfe tragbaren Kunstschmuck und versuche gleichzeitig, einen Funken in meinen Alltagsbekleidung zu bringen. <\/p>\n<p>Alle meine St\u00fccke sind Unikaten, da ich meine Komponente in Handarbeit herstelle. Ohrringe zu kreieren bereitet mir gro\u00dfe Freude. Jedes Paar ist wie ein kleines Kunstwerk und es sind die Unvollkommenheiten, die sie wirklich besonders machen. <\/p>\n<p>Ich hoffe, Sie tragen meinen Ohrringe genauso gerne, wie ich sie erschaffen habe!<\/p>\n<p>Woher kommt der Name Minona?<br \/>\nDer Name Minona ergibt r\u00fcckw\u00e4rts gelesen Anonim. &#8222;Die Tochter des bedeutendsten lebenden Musikers sollte in Anonymit\u00e4t aufwachsen&#8220;. Minona von Stackelberg \u2013 die Tochter Ludwig van Beethovens. Neun Monate vor ihrer Geburt im April 1813 schrieb der Komponist den Brief \u201eAn die unsterbliche Geliebte\u201c, aller Wahrscheinlichkeit nach Minonas Mutter Josephine von Stackelberg, geborene Brunsvik de Korompa&#8230;Ich liebe diese Geschichte. Darum habe ich mein Label Minona Design genannt.<\/p>\n\n    \n    <h3>Produkte<\/h3>\n\n    <div class=\"woocommerce columns-3 \"><ul class=\"products columns-3\">\n<li class=\"product type-product post-1053 status-publish first instock product_cat-ohrringe product_cat-schmuck has-post-thumbnail purchasable product-type-simple\">\n\t<a href=\"https:\/\/www.regionalis.shop\/minona-design\/shop\/fuji\/\" class=\"woocommerce-LoopProduct-link woocommerce-loop-product__link\"><div class=\"wc-block-grid__product-image\"><img loading=\"lazy\" decoding=\"async\" width=\"420\" height=\"420\" src=\"https:\/\/www.regionalis.shop\/app\/uploads\/sites\/405\/811_2020_03_28_12_55_18_416569110.jpeg\" class=\"attachment-large size-large\" alt=\"Fuji\" srcset=\"https:\/\/www.regionalis.shop\/app\/uploads\/sites\/405\/811_2020_03_28_12_55_18_416569110.jpeg 420w, https:\/\/www.regionalis.shop\/app\/uploads\/sites\/405\/811_2020_03_28_12_55_18_416569110-300x300.jpeg 300w, https:\/\/www.regionalis.shop\/app\/uploads\/sites\/405\/811_2020_03_28_12_55_18_416569110-150x150.jpeg 150w, https:\/\/www.regionalis.shop\/app\/uploads\/sites\/405\/811_2020_03_28_12_55_18_416569110-100x100.jpeg 100w\" sizes=\"auto, (max-width: 420px) 100vw, 420px\" \/><\/div><h2 class=\"woocommerce-loop-product__title\">Fuji<\/h2>\n\t<span class=\"price\"><span class=\"woocommerce-Price-amount amount\"><bdi>40,00&nbsp;<span class=\"woocommerce-Price-currencySymbol\">&euro;<\/span><\/bdi><\/span><\/span>\n<\/a><\/li>\n<li class=\"product type-product post-1056 status-publish instock product_cat-ohrringe product_cat-schmuck has-post-thumbnail purchasable product-type-simple\">\n\t<a href=\"https:\/\/www.regionalis.shop\/minona-design\/shop\/californian-dream\/\" class=\"woocommerce-LoopProduct-link woocommerce-loop-product__link\"><div class=\"wc-block-grid__product-image\"><img loading=\"lazy\" decoding=\"async\" width=\"420\" height=\"420\" src=\"https:\/\/www.regionalis.shop\/app\/uploads\/sites\/405\/811_2020_01_19_19_35_16_782099340.jpeg\" class=\"attachment-large size-large\" alt=\"Californian Dream\" srcset=\"https:\/\/www.regionalis.shop\/app\/uploads\/sites\/405\/811_2020_01_19_19_35_16_782099340.jpeg 420w, https:\/\/www.regionalis.shop\/app\/uploads\/sites\/405\/811_2020_01_19_19_35_16_782099340-300x300.jpeg 300w, https:\/\/www.regionalis.shop\/app\/uploads\/sites\/405\/811_2020_01_19_19_35_16_782099340-150x150.jpeg 150w, https:\/\/www.regionalis.shop\/app\/uploads\/sites\/405\/811_2020_01_19_19_35_16_782099340-100x100.jpeg 100w\" sizes=\"auto, (max-width: 420px) 100vw, 420px\" \/><\/div><h2 class=\"woocommerce-loop-product__title\">Californian Dream<\/h2>\n\t<span class=\"price\"><span class=\"woocommerce-Price-amount amount\"><bdi>40,00&nbsp;<span class=\"woocommerce-Price-currencySymbol\">&euro;<\/span><\/bdi><\/span><\/span>\n<\/a><\/li>\n<li class=\"product type-product post-1074 status-publish last instock product_cat-ohrringe product_cat-schmuck has-post-thumbnail purchasable product-type-simple\">\n\t<a href=\"https:\/\/www.regionalis.shop\/minona-design\/shop\/jezebel\/\" class=\"woocommerce-LoopProduct-link woocommerce-loop-product__link\"><div class=\"wc-block-grid__product-image\"><img loading=\"lazy\" decoding=\"async\" width=\"420\" height=\"420\" src=\"https:\/\/www.regionalis.shop\/app\/uploads\/sites\/405\/811_2020_01_13_23_49_25_573842134.jpeg\" class=\"attachment-large size-large\" alt=\"Jezebel\" srcset=\"https:\/\/www.regionalis.shop\/app\/uploads\/sites\/405\/811_2020_01_13_23_49_25_573842134.jpeg 420w, https:\/\/www.regionalis.shop\/app\/uploads\/sites\/405\/811_2020_01_13_23_49_25_573842134-300x300.jpeg 300w, https:\/\/www.regionalis.shop\/app\/uploads\/sites\/405\/811_2020_01_13_23_49_25_573842134-150x150.jpeg 150w, https:\/\/www.regionalis.shop\/app\/uploads\/sites\/405\/811_2020_01_13_23_49_25_573842134-100x100.jpeg 100w\" sizes=\"auto, (max-width: 420px) 100vw, 420px\" \/><\/div><h2 class=\"woocommerce-loop-product__title\">Jezebel<\/h2>\n\t<span class=\"price\"><span class=\"woocommerce-Price-amount amount\"><bdi>25,00&nbsp;<span class=\"woocommerce-Price-currencySymbol\">&euro;<\/span><\/bdi><\/span><\/span>\n<\/a><\/li>\n<\/ul>\n<\/div>\n    <p>\n        <a href=\"https:\/\/www.regionalis.shop\/minona-design\/shop\/\" class=\"btn btn-primary btn-icon-right\">\n            Alle Produkte <i class=\"bi bi-arrow-right-short\"><\/i>\n        <\/a>\n    <\/p>\n<\/section>\n\n<div data-block-name=\"woocommerce\/store-notices\" class=\"wc-block-store-notices woocommerce alignwide alignwide wp-block-woocommerce-store-notices\"><div class=\"woocommerce-notices-wrapper\"><\/div><\/div>","protected":false},"excerpt":{"rendered":"","protected":false},"author":1,"featured_media":0,"parent":0,"menu_order":0,"comment_status":"closed","ping_status":"closed","template":"template-home.blade.php","meta":{"_acf_changed":false,"footnotes":""},"class_list":["post-862","page","type-page","status-publish","hentry"],"acf":[],"_links":{"self":[{"href":"https:\/\/www.regionalis.shop\/minona-design\/wp-json\/wp\/v2\/pages\/862","targetHints":{"allow":["GET"]}}],"collection":[{"href":"https:\/\/www.regionalis.shop\/minona-design\/wp-json\/wp\/v2\/pages"}],"about":[{"href":"https:\/\/www.regionalis.shop\/minona-design\/wp-json\/wp\/v2\/types\/page"}],"author":[{"embeddable":true,"href":"https:\/\/www.regionalis.shop\/minona-design\/wp-json\/wp\/v2\/users\/1"}],"replies":[{"embeddable":true,"href":"https:\/\/www.regionalis.shop\/minona-design\/wp-json\/wp\/v2\/comments?post=862"}],"version-history":[{"count":28,"href":"https:\/\/www.regionalis.shop\/minona-design\/wp-json\/wp\/v2\/pages\/862\/revisions"}],"predecessor-version":[{"id":1041,"href":"https:\/\/www.regionalis.shop\/minona-design\/wp-json\/wp\/v2\/pages\/862\/revisions\/1041"}],"wp:attachment":[{"href":"https:\/\/www.regionalis.shop\/minona-design\/wp-json\/wp\/v2\/media?parent=862"}],"curies":[{"name":"wp","href":"https:\/\/api.w.org\/{rel}","templated":true}]}}