{"id":1061,"date":"2025-04-28T04:08:00","date_gmt":"2025-04-28T02:08:00","guid":{"rendered":"https:\/\/www.regionalis.shop\/minona-design\/product\/alice-springs\/"},"modified":"2025-04-28T04:08:00","modified_gmt":"2025-04-28T02:08:00","slug":"alice-springs","status":"publish","type":"product","link":"https:\/\/www.regionalis.shop\/minona-design\/shop\/alice-springs\/","title":{"rendered":"Alice Springs"},"content":{"rendered":"<p>Statement Ohrringe mit dem gewissen Etwas!<br \/>\nMit sehr gro\u00dfem Spa\u00df habe ich diese Einzigartig, gl\u00e4nzend, farbenfrohe Ohrringe erstellt.<br \/>\nL\u00e4nge: 4,3 cm<br \/>\nBreite: 2,3 cm<\/p>\n","protected":false},"excerpt":{"rendered":"<p>Statement Ohrringe mit dem gewissen Etwas! Mit sehr gro\u00dfem Spa\u00df habe ich diese Einzigartig, gl\u00e4nzend, farbenfrohe Ohrringe erstellt. L\u00e4nge: 4,3 cm Breite: 2,3 cm<\/p>\n","protected":false},"featured_media":1062,"template":"","meta":{"_acf_changed":false},"product_brand":[],"product_cat":[163,70],"product_tag":[],"class_list":{"0":"post-1061","1":"product","2":"type-product","3":"status-publish","4":"has-post-thumbnail","6":"product_cat-ohrringe","7":"product_cat-schmuck","9":"first","10":"instock","11":"purchasable","12":"product-type-simple"},"acf":[],"_links":{"self":[{"href":"https:\/\/www.regionalis.shop\/minona-design\/wp-json\/wp\/v2\/product\/1061","targetHints":{"allow":["GET"]}}],"collection":[{"href":"https:\/\/www.regionalis.shop\/minona-design\/wp-json\/wp\/v2\/product"}],"about":[{"href":"https:\/\/www.regionalis.shop\/minona-design\/wp-json\/wp\/v2\/types\/product"}],"wp:featuredmedia":[{"embeddable":true,"href":"https:\/\/www.regionalis.shop\/minona-design\/wp-json\/wp\/v2\/media\/1062"}],"wp:attachment":[{"href":"https:\/\/www.regionalis.shop\/minona-design\/wp-json\/wp\/v2\/media?parent=1061"}],"wp:term":[{"taxonomy":"product_brand","embeddable":true,"href":"https:\/\/www.regionalis.shop\/minona-design\/wp-json\/wp\/v2\/product_brand?post=1061"},{"taxonomy":"product_cat","embeddable":true,"href":"https:\/\/www.regionalis.shop\/minona-design\/wp-json\/wp\/v2\/product_cat?post=1061"},{"taxonomy":"product_tag","embeddable":true,"href":"https:\/\/www.regionalis.shop\/minona-design\/wp-json\/wp\/v2\/product_tag?post=1061"}],"curies":[{"name":"wp","href":"https:\/\/api.w.org\/{rel}","templated":true}]}}