{"id":1070,"date":"2025-04-28T04:08:00","date_gmt":"2025-04-28T02:08:00","guid":{"rendered":"https:\/\/www.regionalis.shop\/minona-design\/product\/dakota\/"},"modified":"2025-04-28T04:08:00","modified_gmt":"2025-04-28T02:08:00","slug":"dakota","status":"publish","type":"product","link":"https:\/\/www.regionalis.shop\/minona-design\/shop\/dakota\/","title":{"rendered":"Dakota"},"content":{"rendered":"<p>\u201eI\u2018ve got a pocketful of sunshine\u201c<br \/>\nSo f\u00fchlt man sich auf jeden Fall, mit diesen Ohrringe in den Ohren.<br \/>\nJung, fr\u00f6hlich, sorglos und nie erwachsen!<br \/>\nAus echtem Leder und silbernen Ohrhaken.<br \/>\nL\u00e4nge: 6 cm<br \/>\nBreite 2 cm<\/p>\n","protected":false},"excerpt":{"rendered":"<p>\u201eI\u2018ve got a pocketful of sunshine\u201c So f\u00fchlt man sich auf jeden Fall, mit diesen Ohrringe in den Ohren. Jung, fr\u00f6hlich, sorglos und nie erwachsen! Aus echtem Leder und silbernen Ohrhaken. L\u00e4nge: 6 cm Breite 2 cm<\/p>\n","protected":false},"featured_media":1071,"template":"","meta":{"_acf_changed":false},"product_brand":[],"product_cat":[163,70],"product_tag":[],"class_list":{"0":"post-1070","1":"product","2":"type-product","3":"status-publish","4":"has-post-thumbnail","6":"product_cat-ohrringe","7":"product_cat-schmuck","9":"first","10":"instock","11":"purchasable","12":"product-type-simple"},"acf":[],"_links":{"self":[{"href":"https:\/\/www.regionalis.shop\/minona-design\/wp-json\/wp\/v2\/product\/1070","targetHints":{"allow":["GET"]}}],"collection":[{"href":"https:\/\/www.regionalis.shop\/minona-design\/wp-json\/wp\/v2\/product"}],"about":[{"href":"https:\/\/www.regionalis.shop\/minona-design\/wp-json\/wp\/v2\/types\/product"}],"wp:featuredmedia":[{"embeddable":true,"href":"https:\/\/www.regionalis.shop\/minona-design\/wp-json\/wp\/v2\/media\/1071"}],"wp:attachment":[{"href":"https:\/\/www.regionalis.shop\/minona-design\/wp-json\/wp\/v2\/media?parent=1070"}],"wp:term":[{"taxonomy":"product_brand","embeddable":true,"href":"https:\/\/www.regionalis.shop\/minona-design\/wp-json\/wp\/v2\/product_brand?post=1070"},{"taxonomy":"product_cat","embeddable":true,"href":"https:\/\/www.regionalis.shop\/minona-design\/wp-json\/wp\/v2\/product_cat?post=1070"},{"taxonomy":"product_tag","embeddable":true,"href":"https:\/\/www.regionalis.shop\/minona-design\/wp-json\/wp\/v2\/product_tag?post=1070"}],"curies":[{"name":"wp","href":"https:\/\/api.w.org\/{rel}","templated":true}]}}