{"id":1064,"date":"2025-04-18T07:36:51","date_gmt":"2025-04-18T05:36:51","guid":{"rendered":"https:\/\/www.regionalis.shop\/mit-herz-und-zwirn-von-marlen\/product\/mini-geldtasche-braun-gelb\/"},"modified":"2025-04-18T07:36:51","modified_gmt":"2025-04-18T05:36:51","slug":"mini-geldtasche-braun-gelb","status":"publish","type":"product","link":"https:\/\/www.regionalis.shop\/mit-herz-und-zwirn-von-marlen\/shop\/mini-geldtasche-braun-gelb\/","title":{"rendered":"Mini-Geldtasche Braun\/gelb"},"content":{"rendered":"<p>Die Mini-Geldtasche- 10&#215;8 cm klein und ideal:<br \/>\nF\u00fcr die kleine Handtasche beim Fortgehen<br \/>\nF\u00fcr den Urlaub<br \/>\nF\u00fcr den Strand<br \/>\nF\u00fcr die Hosentasche<br \/>\nF\u00fcr den  Rucksack bei Ausfl\u00fcgen<br \/>\n&#8230;<br \/>\nMit einem Druckknopf, zwei F\u00e4chern, einem Steckfach f\u00fcr bis zu 3 Karten und einem kleinen Rei\u00dfverschlussfach f\u00fcr ein paar M\u00fcnzen ist diese Geldtasche mit einigen &#8222;Miniatur-Tricks&#8220; ausgestattet.<br \/>\nIdee und Schnitt von Gabriele Conrath<br \/>\ngen\u00e4ht nat\u00fcrlich von mir<\/p>\n","protected":false},"excerpt":{"rendered":"<p>Die Mini-Geldtasche- 10&#215;8 cm klein und ideal: F\u00fcr die kleine Handtasche beim Fortgehen F\u00fcr den Urlaub F\u00fcr den Strand F\u00fcr die Hosentasche F\u00fcr den Rucksack bei Ausfl\u00fcgen &#8230; Mit einem Druckknopf, zwei F\u00e4chern, einem Steckfach f\u00fcr bis zu 3 Karten und einem kleinen Rei\u00dfverschlussfach f\u00fcr ein paar M\u00fcnzen ist diese Geldtasche mit einigen &#8222;Miniatur-Tricks&#8220; ausgestattet. &hellip; <a href=\"https:\/\/www.regionalis.shop\/mit-herz-und-zwirn-von-marlen\/shop\/mini-geldtasche-braun-gelb\/\">Continued<\/a><\/p>\n","protected":false},"featured_media":1065,"template":"","meta":{"_acf_changed":false},"product_brand":[],"product_cat":[133,95],"product_tag":[],"class_list":{"0":"post-1064","1":"product","2":"type-product","3":"status-publish","4":"has-post-thumbnail","6":"product_cat-geldboersen-kartenhalter","7":"product_cat-taschen","9":"first","10":"instock","11":"purchasable","12":"product-type-simple"},"acf":[],"_links":{"self":[{"href":"https:\/\/www.regionalis.shop\/mit-herz-und-zwirn-von-marlen\/wp-json\/wp\/v2\/product\/1064","targetHints":{"allow":["GET"]}}],"collection":[{"href":"https:\/\/www.regionalis.shop\/mit-herz-und-zwirn-von-marlen\/wp-json\/wp\/v2\/product"}],"about":[{"href":"https:\/\/www.regionalis.shop\/mit-herz-und-zwirn-von-marlen\/wp-json\/wp\/v2\/types\/product"}],"wp:featuredmedia":[{"embeddable":true,"href":"https:\/\/www.regionalis.shop\/mit-herz-und-zwirn-von-marlen\/wp-json\/wp\/v2\/media\/1065"}],"wp:attachment":[{"href":"https:\/\/www.regionalis.shop\/mit-herz-und-zwirn-von-marlen\/wp-json\/wp\/v2\/media?parent=1064"}],"wp:term":[{"taxonomy":"product_brand","embeddable":true,"href":"https:\/\/www.regionalis.shop\/mit-herz-und-zwirn-von-marlen\/wp-json\/wp\/v2\/product_brand?post=1064"},{"taxonomy":"product_cat","embeddable":true,"href":"https:\/\/www.regionalis.shop\/mit-herz-und-zwirn-von-marlen\/wp-json\/wp\/v2\/product_cat?post=1064"},{"taxonomy":"product_tag","embeddable":true,"href":"https:\/\/www.regionalis.shop\/mit-herz-und-zwirn-von-marlen\/wp-json\/wp\/v2\/product_tag?post=1064"}],"curies":[{"name":"wp","href":"https:\/\/api.w.org\/{rel}","templated":true}]}}