{"id":1069,"date":"2025-04-18T07:23:23","date_gmt":"2025-04-18T05:23:23","guid":{"rendered":"https:\/\/www.regionalis.shop\/mit-herz-und-zwirn-von-marlen\/product\/minitasche-und-taschentuchtasche-anker\/"},"modified":"2025-04-18T07:23:23","modified_gmt":"2025-04-18T05:23:23","slug":"minitasche-und-taschentuchtasche-anker","status":"publish","type":"product","link":"https:\/\/www.regionalis.shop\/mit-herz-und-zwirn-von-marlen\/shop\/minitasche-und-taschentuchtasche-anker\/","title":{"rendered":"Minitasche und Taschentuchtasche Anker"},"content":{"rendered":"<p>Ein Duett aus Handtaschenhelfern- zum Einen ein Minitascherl, perfekte Gr\u00f6\u00dfe f\u00fcr Lippenstift, Damenhygiene, kleinen Tablettenblister, oder Schl\u00fcssel.<br \/>\nZum Anderen ein Taschentuchtascherl, wo der Inhalt von einem Packerl Taschent\u00fccher gut hineinpasst und einfach nachgef\u00fcllt wird.<br \/>\nEin Muss f\u00fcr jede Handtasche!<br \/>\nBeides aus Baumwollstoff und waschbar!<\/p>\n","protected":false},"excerpt":{"rendered":"<p>Ein Duett aus Handtaschenhelfern- zum Einen ein Minitascherl, perfekte Gr\u00f6\u00dfe f\u00fcr Lippenstift, Damenhygiene, kleinen Tablettenblister, oder Schl\u00fcssel. Zum Anderen ein Taschentuchtascherl, wo der Inhalt von einem Packerl Taschent\u00fccher gut hineinpasst und einfach nachgef\u00fcllt wird. Ein Muss f\u00fcr jede Handtasche! Beides aus Baumwollstoff und waschbar!<\/p>\n","protected":false},"featured_media":1070,"template":"","meta":{"_acf_changed":false},"product_brand":[],"product_cat":[168,95],"product_tag":[],"class_list":{"0":"post-1069","1":"product","2":"type-product","3":"status-publish","4":"has-post-thumbnail","6":"product_cat-sonstiges-taschen","7":"product_cat-taschen","9":"first","10":"instock","11":"purchasable","12":"product-type-simple"},"acf":[],"_links":{"self":[{"href":"https:\/\/www.regionalis.shop\/mit-herz-und-zwirn-von-marlen\/wp-json\/wp\/v2\/product\/1069","targetHints":{"allow":["GET"]}}],"collection":[{"href":"https:\/\/www.regionalis.shop\/mit-herz-und-zwirn-von-marlen\/wp-json\/wp\/v2\/product"}],"about":[{"href":"https:\/\/www.regionalis.shop\/mit-herz-und-zwirn-von-marlen\/wp-json\/wp\/v2\/types\/product"}],"wp:featuredmedia":[{"embeddable":true,"href":"https:\/\/www.regionalis.shop\/mit-herz-und-zwirn-von-marlen\/wp-json\/wp\/v2\/media\/1070"}],"wp:attachment":[{"href":"https:\/\/www.regionalis.shop\/mit-herz-und-zwirn-von-marlen\/wp-json\/wp\/v2\/media?parent=1069"}],"wp:term":[{"taxonomy":"product_brand","embeddable":true,"href":"https:\/\/www.regionalis.shop\/mit-herz-und-zwirn-von-marlen\/wp-json\/wp\/v2\/product_brand?post=1069"},{"taxonomy":"product_cat","embeddable":true,"href":"https:\/\/www.regionalis.shop\/mit-herz-und-zwirn-von-marlen\/wp-json\/wp\/v2\/product_cat?post=1069"},{"taxonomy":"product_tag","embeddable":true,"href":"https:\/\/www.regionalis.shop\/mit-herz-und-zwirn-von-marlen\/wp-json\/wp\/v2\/product_tag?post=1069"}],"curies":[{"name":"wp","href":"https:\/\/api.w.org\/{rel}","templated":true}]}}