{"id":1073,"date":"2025-04-18T07:13:44","date_gmt":"2025-04-18T05:13:44","guid":{"rendered":"https:\/\/www.regionalis.shop\/mit-herz-und-zwirn-von-marlen\/product\/geraeumige-geldtasche-grosse-blumen\/"},"modified":"2025-04-18T07:13:44","modified_gmt":"2025-04-18T05:13:44","slug":"geraeumige-geldtasche-grosse-blumen","status":"publish","type":"product","link":"https:\/\/www.regionalis.shop\/mit-herz-und-zwirn-von-marlen\/shop\/geraeumige-geldtasche-grosse-blumen\/","title":{"rendered":"Ger\u00e4umige Geldtasche gro\u00dfe Blumen"},"content":{"rendered":"<p>Die Geldtasche mit der Gr\u00f6\u00dfe 10&#215;18.5x3cm bietet 12 F\u00e4cher f\u00fcr Karten, au\u00dferdem mehrere F\u00e4cher und auf ein Rei\u00dfverschlussfach f\u00fcr das Kleingeld. Hier passen auch Rechnungen, Visitenkarten, Eintrittskarten usw hinein und sind gut verstaut.<br \/>\nAus Baumwollstoff, kann also auch mal in die Waschmaschine wandern (30 Grad)<\/p>\n","protected":false},"excerpt":{"rendered":"<p>Die Geldtasche mit der Gr\u00f6\u00dfe 10&#215;18.5x3cm bietet 12 F\u00e4cher f\u00fcr Karten, au\u00dferdem mehrere F\u00e4cher und auf ein Rei\u00dfverschlussfach f\u00fcr das Kleingeld. Hier passen auch Rechnungen, Visitenkarten, Eintrittskarten usw hinein und sind gut verstaut. Aus Baumwollstoff, kann also auch mal in die Waschmaschine wandern (30 Grad)<\/p>\n","protected":false},"featured_media":1074,"template":"","meta":{"_acf_changed":false},"product_brand":[],"product_cat":[133,95],"product_tag":[],"class_list":{"0":"post-1073","1":"product","2":"type-product","3":"status-publish","4":"has-post-thumbnail","6":"product_cat-geldboersen-kartenhalter","7":"product_cat-taschen","9":"first","10":"instock","11":"purchasable","12":"product-type-simple"},"acf":[],"_links":{"self":[{"href":"https:\/\/www.regionalis.shop\/mit-herz-und-zwirn-von-marlen\/wp-json\/wp\/v2\/product\/1073","targetHints":{"allow":["GET"]}}],"collection":[{"href":"https:\/\/www.regionalis.shop\/mit-herz-und-zwirn-von-marlen\/wp-json\/wp\/v2\/product"}],"about":[{"href":"https:\/\/www.regionalis.shop\/mit-herz-und-zwirn-von-marlen\/wp-json\/wp\/v2\/types\/product"}],"wp:featuredmedia":[{"embeddable":true,"href":"https:\/\/www.regionalis.shop\/mit-herz-und-zwirn-von-marlen\/wp-json\/wp\/v2\/media\/1074"}],"wp:attachment":[{"href":"https:\/\/www.regionalis.shop\/mit-herz-und-zwirn-von-marlen\/wp-json\/wp\/v2\/media?parent=1073"}],"wp:term":[{"taxonomy":"product_brand","embeddable":true,"href":"https:\/\/www.regionalis.shop\/mit-herz-und-zwirn-von-marlen\/wp-json\/wp\/v2\/product_brand?post=1073"},{"taxonomy":"product_cat","embeddable":true,"href":"https:\/\/www.regionalis.shop\/mit-herz-und-zwirn-von-marlen\/wp-json\/wp\/v2\/product_cat?post=1073"},{"taxonomy":"product_tag","embeddable":true,"href":"https:\/\/www.regionalis.shop\/mit-herz-und-zwirn-von-marlen\/wp-json\/wp\/v2\/product_tag?post=1073"}],"curies":[{"name":"wp","href":"https:\/\/api.w.org\/{rel}","templated":true}]}}