{"id":1081,"date":"2025-04-18T02:35:47","date_gmt":"2025-04-18T00:35:47","guid":{"rendered":"https:\/\/www.regionalis.shop\/mit-herz-und-zwirn-von-marlen\/product\/suesse-kosmetiktasche-mit-kellerfalten-orange-gebluemt\/"},"modified":"2025-04-18T02:35:47","modified_gmt":"2025-04-18T00:35:47","slug":"suesse-kosmetiktasche-mit-kellerfalten-orange-gebluemt","status":"publish","type":"product","link":"https:\/\/www.regionalis.shop\/mit-herz-und-zwirn-von-marlen\/shop\/suesse-kosmetiktasche-mit-kellerfalten-orange-gebluemt\/","title":{"rendered":"S\u00fc\u00dfe Kosmetiktasche mit Kellerfalten orange gebl\u00fcmt"},"content":{"rendered":"<p>Gr\u00f6\u00dfe: 18x14cm<br \/>\nDieses kleine T\u00e4schchen kombiniert mehrere Baumwollstoffe miteinander und wird mit den Kellerfalten zu einem echt s\u00fc\u00dfen Hingucker!<br \/>\nAlles, was  in einer Handtasche Platz finden muss, l\u00e4sst sich hier verstauen. Hand- und Lippencreme, Medikamente, USB Stiks, usw.<\/p>\n<p>Diese Tasche wurde nach einem Schnittmuster von &#8222;pattydoo&#8220; gen\u00e4ht und darf aufgrund einer von mir erworbenen Lizenz verkauft werden.<\/p>\n","protected":false},"excerpt":{"rendered":"<p>Gr\u00f6\u00dfe: 18x14cm Dieses kleine T\u00e4schchen kombiniert mehrere Baumwollstoffe miteinander und wird mit den Kellerfalten zu einem echt s\u00fc\u00dfen Hingucker! Alles, was in einer Handtasche Platz finden muss, l\u00e4sst sich hier verstauen. Hand- und Lippencreme, Medikamente, USB Stiks, usw. Diese Tasche wurde nach einem Schnittmuster von &#8222;pattydoo&#8220; gen\u00e4ht und darf aufgrund einer von mir erworbenen Lizenz &hellip; <a href=\"https:\/\/www.regionalis.shop\/mit-herz-und-zwirn-von-marlen\/shop\/suesse-kosmetiktasche-mit-kellerfalten-orange-gebluemt\/\">Continued<\/a><\/p>\n","protected":false},"featured_media":1082,"template":"","meta":{"_acf_changed":false},"product_brand":[],"product_cat":[155,95],"product_tag":[],"class_list":{"0":"post-1081","1":"product","2":"type-product","3":"status-publish","4":"has-post-thumbnail","6":"product_cat-kosmetiktaschen","7":"product_cat-taschen","9":"first","10":"instock","11":"purchasable","12":"product-type-simple"},"acf":[],"_links":{"self":[{"href":"https:\/\/www.regionalis.shop\/mit-herz-und-zwirn-von-marlen\/wp-json\/wp\/v2\/product\/1081","targetHints":{"allow":["GET"]}}],"collection":[{"href":"https:\/\/www.regionalis.shop\/mit-herz-und-zwirn-von-marlen\/wp-json\/wp\/v2\/product"}],"about":[{"href":"https:\/\/www.regionalis.shop\/mit-herz-und-zwirn-von-marlen\/wp-json\/wp\/v2\/types\/product"}],"wp:featuredmedia":[{"embeddable":true,"href":"https:\/\/www.regionalis.shop\/mit-herz-und-zwirn-von-marlen\/wp-json\/wp\/v2\/media\/1082"}],"wp:attachment":[{"href":"https:\/\/www.regionalis.shop\/mit-herz-und-zwirn-von-marlen\/wp-json\/wp\/v2\/media?parent=1081"}],"wp:term":[{"taxonomy":"product_brand","embeddable":true,"href":"https:\/\/www.regionalis.shop\/mit-herz-und-zwirn-von-marlen\/wp-json\/wp\/v2\/product_brand?post=1081"},{"taxonomy":"product_cat","embeddable":true,"href":"https:\/\/www.regionalis.shop\/mit-herz-und-zwirn-von-marlen\/wp-json\/wp\/v2\/product_cat?post=1081"},{"taxonomy":"product_tag","embeddable":true,"href":"https:\/\/www.regionalis.shop\/mit-herz-und-zwirn-von-marlen\/wp-json\/wp\/v2\/product_tag?post=1081"}],"curies":[{"name":"wp","href":"https:\/\/api.w.org\/{rel}","templated":true}]}}