{"id":1093,"date":"2025-04-18T02:05:55","date_gmt":"2025-04-18T00:05:55","guid":{"rendered":"https:\/\/www.regionalis.shop\/mit-herz-und-zwirn-von-marlen\/product\/aufbewahrungs-geschenkkoerbchen-im-suessen-rosa\/"},"modified":"2025-04-18T02:05:55","modified_gmt":"2025-04-18T00:05:55","slug":"aufbewahrungs-geschenkkoerbchen-im-suessen-rosa","status":"publish","type":"product","link":"https:\/\/www.regionalis.shop\/mit-herz-und-zwirn-von-marlen\/shop\/aufbewahrungs-geschenkkoerbchen-im-suessen-rosa\/","title":{"rendered":"Aufbewahrungs-\/Geschenkk\u00f6rbchen im s\u00fc\u00dfen Rosa"},"content":{"rendered":"<p>Das Stoffk\u00f6rbchen aus Baumwolle ist waschbar und  kann als Aufbewahrungskorb verwendet werden. Ob im Badezimmer, Arbeitszimmer, K\u00fcche oder Garderobe<br \/>\nEs eignet sich zudem wunderbar als Geschenkk\u00f6rbchen. f\u00fcr Gastgeschenke, Schokoladen, etc.<\/p>\n<p>Das Baumwollk\u00f6rbchen kann in der Waschmaschine gewaschen werden<br \/>\nGr\u00f6\u00dfe: 10x12cm<\/p>\n","protected":false},"excerpt":{"rendered":"<p>Das Stoffk\u00f6rbchen aus Baumwolle ist waschbar und kann als Aufbewahrungskorb verwendet werden. Ob im Badezimmer, Arbeitszimmer, K\u00fcche oder Garderobe Es eignet sich zudem wunderbar als Geschenkk\u00f6rbchen. f\u00fcr Gastgeschenke, Schokoladen, etc. Das Baumwollk\u00f6rbchen kann in der Waschmaschine gewaschen werden Gr\u00f6\u00dfe: 10x12cm<\/p>\n","protected":false},"featured_media":1094,"template":"","meta":{"_acf_changed":false},"product_brand":[],"product_cat":[37,82],"product_tag":[],"class_list":{"0":"post-1093","1":"product","2":"type-product","3":"status-publish","4":"has-post-thumbnail","6":"product_cat-accessoires","7":"product_cat-sonstiges-accessoires","9":"first","10":"instock","11":"purchasable","12":"product-type-simple"},"acf":[],"_links":{"self":[{"href":"https:\/\/www.regionalis.shop\/mit-herz-und-zwirn-von-marlen\/wp-json\/wp\/v2\/product\/1093","targetHints":{"allow":["GET"]}}],"collection":[{"href":"https:\/\/www.regionalis.shop\/mit-herz-und-zwirn-von-marlen\/wp-json\/wp\/v2\/product"}],"about":[{"href":"https:\/\/www.regionalis.shop\/mit-herz-und-zwirn-von-marlen\/wp-json\/wp\/v2\/types\/product"}],"wp:featuredmedia":[{"embeddable":true,"href":"https:\/\/www.regionalis.shop\/mit-herz-und-zwirn-von-marlen\/wp-json\/wp\/v2\/media\/1094"}],"wp:attachment":[{"href":"https:\/\/www.regionalis.shop\/mit-herz-und-zwirn-von-marlen\/wp-json\/wp\/v2\/media?parent=1093"}],"wp:term":[{"taxonomy":"product_brand","embeddable":true,"href":"https:\/\/www.regionalis.shop\/mit-herz-und-zwirn-von-marlen\/wp-json\/wp\/v2\/product_brand?post=1093"},{"taxonomy":"product_cat","embeddable":true,"href":"https:\/\/www.regionalis.shop\/mit-herz-und-zwirn-von-marlen\/wp-json\/wp\/v2\/product_cat?post=1093"},{"taxonomy":"product_tag","embeddable":true,"href":"https:\/\/www.regionalis.shop\/mit-herz-und-zwirn-von-marlen\/wp-json\/wp\/v2\/product_tag?post=1093"}],"curies":[{"name":"wp","href":"https:\/\/api.w.org\/{rel}","templated":true}]}}