{"id":1103,"date":"2025-04-18T02:03:43","date_gmt":"2025-04-18T00:03:43","guid":{"rendered":"https:\/\/www.regionalis.shop\/mit-herz-und-zwirn-von-marlen\/product\/nachhaltiges-osterkoerbchen-obst\/"},"modified":"2025-04-18T02:03:43","modified_gmt":"2025-04-18T00:03:43","slug":"nachhaltiges-osterkoerbchen-obst","status":"publish","type":"product","link":"https:\/\/www.regionalis.shop\/mit-herz-und-zwirn-von-marlen\/shop\/nachhaltiges-osterkoerbchen-obst\/","title":{"rendered":"Nachhaltiges Osterk\u00f6rbchen Obst"},"content":{"rendered":"<p>Das Stoffk\u00f6rbchen aus Baumwolle ist waschbar und dient gleich mehreren Zwecken-<br \/>\nZum Einen ist es als Osterk\u00f6rbchen verwendbar und nachhaltig , zum Anderen kann es als Aufbewahrungskorb verwendet werden. Ob im Badezimmer, Arbeitszimmer, K\u00fcche oder Garderobe<\/p>\n<p>Das Baumwollk\u00f6rbchen kann in der Waschmaschine gewaschen werden<br \/>\nGr\u00f6\u00dfe: 10x12cm<\/p>\n","protected":false},"excerpt":{"rendered":"<p>Das Stoffk\u00f6rbchen aus Baumwolle ist waschbar und dient gleich mehreren Zwecken- Zum Einen ist es als Osterk\u00f6rbchen verwendbar und nachhaltig , zum Anderen kann es als Aufbewahrungskorb verwendet werden. Ob im Badezimmer, Arbeitszimmer, K\u00fcche oder Garderobe Das Baumwollk\u00f6rbchen kann in der Waschmaschine gewaschen werden Gr\u00f6\u00dfe: 10x12cm<\/p>\n","protected":false},"featured_media":1104,"template":"","meta":{"_acf_changed":false},"product_brand":[],"product_cat":[37,82],"product_tag":[],"class_list":{"0":"post-1103","1":"product","2":"type-product","3":"status-publish","4":"has-post-thumbnail","6":"product_cat-accessoires","7":"product_cat-sonstiges-accessoires","9":"first","10":"instock","11":"purchasable","12":"product-type-simple"},"acf":[],"_links":{"self":[{"href":"https:\/\/www.regionalis.shop\/mit-herz-und-zwirn-von-marlen\/wp-json\/wp\/v2\/product\/1103","targetHints":{"allow":["GET"]}}],"collection":[{"href":"https:\/\/www.regionalis.shop\/mit-herz-und-zwirn-von-marlen\/wp-json\/wp\/v2\/product"}],"about":[{"href":"https:\/\/www.regionalis.shop\/mit-herz-und-zwirn-von-marlen\/wp-json\/wp\/v2\/types\/product"}],"wp:featuredmedia":[{"embeddable":true,"href":"https:\/\/www.regionalis.shop\/mit-herz-und-zwirn-von-marlen\/wp-json\/wp\/v2\/media\/1104"}],"wp:attachment":[{"href":"https:\/\/www.regionalis.shop\/mit-herz-und-zwirn-von-marlen\/wp-json\/wp\/v2\/media?parent=1103"}],"wp:term":[{"taxonomy":"product_brand","embeddable":true,"href":"https:\/\/www.regionalis.shop\/mit-herz-und-zwirn-von-marlen\/wp-json\/wp\/v2\/product_brand?post=1103"},{"taxonomy":"product_cat","embeddable":true,"href":"https:\/\/www.regionalis.shop\/mit-herz-und-zwirn-von-marlen\/wp-json\/wp\/v2\/product_cat?post=1103"},{"taxonomy":"product_tag","embeddable":true,"href":"https:\/\/www.regionalis.shop\/mit-herz-und-zwirn-von-marlen\/wp-json\/wp\/v2\/product_tag?post=1103"}],"curies":[{"name":"wp","href":"https:\/\/api.w.org\/{rel}","templated":true}]}}